{"id":680,"date":"2013-04-25T08:13:58","date_gmt":"2013-04-25T06:13:58","guid":{"rendered":"http:\/\/pzw1.slonsk.pl\/?page_id=680"},"modified":"2016-12-30T15:19:45","modified_gmt":"2016-12-30T14:19:45","slug":"wymiary-ochronne-ryb","status":"publish","type":"page","link":"https:\/\/pzw1.slonsk.pl\/?page_id=680","title":{"rendered":"Wymiary ochronne ryb w 2017 roku"},"content":{"rendered":"<div id=\"pageContainer12\" class=\"page\" data-loaded=\"true\" data-page-number=\"12\">\n<div class=\"textLayer\">\n<div data-canvas-width=\"11.649999999999999\"><\/div>\n<div data-canvas-width=\"49.373999999999995\">OCHRONA RYB<\/div>\n<div data-canvas-width=\"17.65\">1.<\/div>\n<div data-canvas-width=\"593.7516\">Wymiar ochronny ryby stanowi d\u0142ugo\u015b\u0107 od pocz\u0105tku g\u0142owy do<\/div>\n<div data-canvas-width=\"351.0936\">najdalszego kra\u0144ca p\u0142etwy ogonowej.<\/div>\n<div data-canvas-width=\"17.65\">2.<\/div>\n<div data-canvas-width=\"586.7316000000001\">Obowi\u0105zuj\u0105 nast\u0119puj\u0105ce dolne i g\u00f3rne wymiary ochronne ryb:<\/div>\n<div data-canvas-width=\"87.16499999999999\">* bole\u0144 do 50 cm \u2013 od 80 cm<\/div>\n<div data-canvas-width=\"86.86079999999998\">* brzana do 40 cm<\/div>\n<div data-canvas-width=\"86.86079999999998\">* certa do 30 cm<\/div>\n<div data-canvas-width=\"86.86079999999998\">* g\u0142owacica do 70 cm<\/div>\n<div data-canvas-width=\"86.86079999999998\">* ja\u017a do 25 cm<\/div>\n<div data-canvas-width=\"86.86079999999998\">* jelec do 15 cm<\/div>\n<div data-canvas-width=\"167.193\">* karp do 30 cm \u2013 od 70 cm \/nie dotyczy rzek\/<\/div>\n<div data-canvas-width=\"259.8803999999999\">* amur do 30 cm \u2013 od 75 cm \/nie dotyczy rzek\/<\/div>\n<div data-canvas-width=\"86.86079999999998\">* kle\u0144 do 25 cm<\/div>\n<div data-canvas-width=\"86.86079999999998\">* lin do 25 cm<\/div>\n<div data-canvas-width=\"87.16499999999999\">* lipie\u0144 do 30 cm \u2013 od 40 cm<\/div>\n<div data-canvas-width=\"86.86079999999998\">* \u0142oso\u015b do 35 cm<\/div>\n<div data-canvas-width=\"86.86079999999998\">* mi\u0119tus do 30 cm<\/div>\n<div data-canvas-width=\"87.11819999999999\">* oko\u0144 do 18 cm \/ za wyj\u0105tkiem w\u00f3d uj\u0119tych w Informatorze w\u00f3d krainy pstr\u0105ga i lipienia \/ &#8211; od 40 cm<\/div>\n<div data-canvas-width=\"87.11819999999999\">* pstr\u0105g potokowy: do 30 cm \u2013 od 50 cm<\/div>\n<div data-canvas-width=\"86.86079999999998\">* rozpi\u00f3r do 25 cm<\/div>\n<div data-canvas-width=\"34.04699999999999\">* sandacz do 50 cm \u2013 od 90cm<\/div>\n<div data-canvas-width=\"86.86079999999998\">* sapa do 25 cm<\/div>\n<div data-canvas-width=\"86.86079999999998\">* sieja do 35 cm<\/div>\n<div data-canvas-width=\"86.86079999999998\">* sielawa do 18 cm<\/div>\n<div data-canvas-width=\"86.86079999999998\">* sum do 70 cm<\/div>\n<div data-canvas-width=\"28.605199999999996\">* szczupak do 50 cm \u2013 od 90cm<\/div>\n<div data-canvas-width=\"57.727799999999995\">* \u015bwinka do 25 cm<\/div>\n<\/div>\n<\/div>\n<div id=\"pageContainer13\" class=\"page\" data-loaded=\"true\" data-page-number=\"13\">\n<div class=\"textLayer\">\n<div data-canvas-width=\"86.86079999999998\">* tro\u0107 do 35 cm<\/div>\n<div data-canvas-width=\"86.86079999999998\">* tro\u0107 jeziorowa do 50 cm<\/div>\n<div data-canvas-width=\"45.95759999999999\">* w\u0119gorz do 60 cm<\/div>\n<div data-canvas-width=\"86.86079999999998\">* wzdr\u0119ga do 15 cm<\/div>\n<\/div>\n<\/div>\n","protected":false},"excerpt":{"rendered":"<p>OCHRONA RYB 1. Wymiar ochronny ryby stanowi d\u0142ugo\u015b\u0107 od pocz\u0105tku g\u0142owy do najdalszego kra\u0144ca p\u0142etwy ogonowej. 2. Obowi\u0105zuj\u0105 nast\u0119puj\u0105ce dolne i g\u00f3rne wymiary ochronne ryb: * bole\u0144 do 50 cm [&hellip;]<\/p>\n","protected":false},"author":1,"featured_media":0,"parent":0,"menu_order":0,"comment_status":"closed","ping_status":"open","template":"","meta":{"footnotes":""},"class_list":["post-680","page","type-page","status-publish","hentry","post"],"_links":{"self":[{"href":"https:\/\/pzw1.slonsk.pl\/index.php?rest_route=\/wp\/v2\/pages\/680","targetHints":{"allow":["GET"]}}],"collection":[{"href":"https:\/\/pzw1.slonsk.pl\/index.php?rest_route=\/wp\/v2\/pages"}],"about":[{"href":"https:\/\/pzw1.slonsk.pl\/index.php?rest_route=\/wp\/v2\/types\/page"}],"author":[{"embeddable":true,"href":"https:\/\/pzw1.slonsk.pl\/index.php?rest_route=\/wp\/v2\/users\/1"}],"replies":[{"embeddable":true,"href":"https:\/\/pzw1.slonsk.pl\/index.php?rest_route=%2Fwp%2Fv2%2Fcomments&post=680"}],"version-history":[{"count":7,"href":"https:\/\/pzw1.slonsk.pl\/index.php?rest_route=\/wp\/v2\/pages\/680\/revisions"}],"predecessor-version":[{"id":6837,"href":"https:\/\/pzw1.slonsk.pl\/index.php?rest_route=\/wp\/v2\/pages\/680\/revisions\/6837"}],"wp:attachment":[{"href":"https:\/\/pzw1.slonsk.pl\/index.php?rest_route=%2Fwp%2Fv2%2Fmedia&parent=680"}],"curies":[{"name":"wp","href":"https:\/\/api.w.org\/{rel}","templated":true}]}}