{"id":675,"date":"2013-04-25T08:07:18","date_gmt":"2013-04-25T06:07:18","guid":{"rendered":"http:\/\/pzw1.slonsk.pl\/?page_id=675"},"modified":"2016-04-25T21:48:24","modified_gmt":"2016-04-25T19:48:24","slug":"regulamin-konkursu-duuuza-ryba-2013","status":"publish","type":"page","link":"https:\/\/pzw1.slonsk.pl\/?page_id=675","title":{"rendered":"Regulamin Konkursu Duuu\u017ca Ryba 2016"},"content":{"rendered":"<p style=\"text-align: justify;\"><big><span style=\"font-size: 13px;\">1. <span style=\"font-size: 12pt;\">Konkurs jest przeznaczony dla mieszka\u0144c\u00f3w Gminy S\u0142o\u0144sk &#8211; cz\u0142onk\u00f3w PZW z op\u0142acon\u0105 aktualn\u0105 sk\u0142adk\u0105 za rok 2016.<\/span><\/span><\/big><\/p>\n<p style=\"text-align: justify;\">2. Aby zg\u0142osi\u0107 ryb\u0119 do konkursu nale\u017cy:<\/p>\n<ul style=\"text-align: justify;\">\n<li>poinformowa\u0107 niezw\u0142ocznie o z\u0142owieniu ryby koordynatora konkursu pana Andrzeja Strusia tel. 516\u00a0130 878<\/li>\n<li>wykona\u0107 samodzielnie zdj\u0119cie, na kt\u00f3rym b\u0119dzie wida\u0107 w\u0119dkarza i z\u0142owion\u0105 przez\u00a0niego ryb\u0119, oraz fotografie ryby przy przymiarze<\/li>\n<li>przekaza\u0107 fotografi\u0119 wraz z opisem do redakcji gazety mieszcz\u0105cej si\u0119 w Urz\u0119dzie Gminy\u00a0w S\u0142o\u0144sku na parterze, nie p\u00f3\u017aniej ni\u017c 14 dni od daty z\u0142owienia ryby,<\/li>\n<li>opis powinien zawiera\u0107: gatunek ryby,\u00a0d\u0142ugo\u015b\u0107 ryby, waga ryby, sprz\u0119t u\u017cyty do z\u0142owienia, czas holowania ryby, miejsce wraz<br \/>\nz dat\u0105 i godzin\u0105 z\u0142owienia, warunki atmosferyczne, imi\u0119 i nazwisko w\u0119dkarza, ko\u0142o\u00a0w\u0119dkarskie, numer telefonu.<\/li>\n<\/ul>\n<p style=\"text-align: justify;\">3. Niespe\u0142nienie tych powy\u017cszych warunk\u00f3w b\u0119dzie skutkowa\u0142o niedopuszczeniem\u00a0zg\u0142oszenia do udzia\u0142u w konkursie.<\/p>\n<p style=\"text-align: justify;\">4. W konkursie wezm\u0105 udzia\u0142 tylko te ryby, kt\u00f3re zosta\u0142y z\u0142owione w okresie dozwolonym przez PZW.<\/p>\n<p style=\"text-align: justify;\">5. Po zako\u0144czeniu konkursu powo\u0142ana przez W\u00f3jta komisja dokona oceny zg\u0142oszonych ryb.<\/p>\n","protected":false},"excerpt":{"rendered":"<p>1. Konkurs jest przeznaczony dla mieszka\u0144c\u00f3w Gminy S\u0142o\u0144sk &#8211; cz\u0142onk\u00f3w PZW z op\u0142acon\u0105 aktualn\u0105 sk\u0142adk\u0105 za rok 2016. 2. Aby zg\u0142osi\u0107 ryb\u0119 do konkursu nale\u017cy: poinformowa\u0107 niezw\u0142ocznie o z\u0142owieniu ryby [&hellip;]<\/p>\n","protected":false},"author":1,"featured_media":0,"parent":0,"menu_order":0,"comment_status":"closed","ping_status":"open","template":"","meta":{"footnotes":""},"class_list":["post-675","page","type-page","status-publish","hentry","post"],"_links":{"self":[{"href":"https:\/\/pzw1.slonsk.pl\/index.php?rest_route=\/wp\/v2\/pages\/675","targetHints":{"allow":["GET"]}}],"collection":[{"href":"https:\/\/pzw1.slonsk.pl\/index.php?rest_route=\/wp\/v2\/pages"}],"about":[{"href":"https:\/\/pzw1.slonsk.pl\/index.php?rest_route=\/wp\/v2\/types\/page"}],"author":[{"embeddable":true,"href":"https:\/\/pzw1.slonsk.pl\/index.php?rest_route=\/wp\/v2\/users\/1"}],"replies":[{"embeddable":true,"href":"https:\/\/pzw1.slonsk.pl\/index.php?rest_route=%2Fwp%2Fv2%2Fcomments&post=675"}],"version-history":[{"count":7,"href":"https:\/\/pzw1.slonsk.pl\/index.php?rest_route=\/wp\/v2\/pages\/675\/revisions"}],"predecessor-version":[{"id":5846,"href":"https:\/\/pzw1.slonsk.pl\/index.php?rest_route=\/wp\/v2\/pages\/675\/revisions\/5846"}],"wp:attachment":[{"href":"https:\/\/pzw1.slonsk.pl\/index.php?rest_route=%2Fwp%2Fv2%2Fmedia&parent=675"}],"curies":[{"name":"wp","href":"https:\/\/api.w.org\/{rel}","templated":true}]}}