{"id":474,"date":"2013-04-19T22:48:46","date_gmt":"2013-04-19T20:48:46","guid":{"rendered":"http:\/\/pzw1.slonsk.pl\/?page_id=474"},"modified":"2018-12-20T08:13:38","modified_gmt":"2018-12-20T07:13:38","slug":"oplaty-na-rok-2013","status":"publish","type":"page","link":"https:\/\/pzw1.slonsk.pl\/?page_id=474","title":{"rendered":"Op\u0142aty na rok 2019"},"content":{"rendered":"<p style=\"text-align: center;\"><span style=\"color: #ff0000; font-size: 18pt;\"><strong>Op\u0142aty kart PZW na rok 2018 s\u0105 do nabycia<br \/>\n<\/strong><strong>u skarbnika Ko\u0142a kol. Micha\u0142a Soza\u0144skiego<\/strong><\/span><br \/>\n<span style=\"color: #ff0000; font-size: 18pt;\"><strong>zam. w S\u0142o\u0144sku przy ul. Granicznej 5B,<\/strong><\/span><br \/>\n<span style=\"color: #ff0000; font-size: 18pt;\"><strong>tel. 509734247<\/strong><\/span><\/p>\n<p style=\"text-align: center;\"><a href=\"http:\/\/pzw1.slonsk.pl\/wp-content\/uploads\/2018\/12\/skladki_PZW_na_rok_2019_fot1.jpg\"><img loading=\"lazy\" decoding=\"async\" class=\"aligncenter wp-image-9056\" src=\"http:\/\/pzw1.slonsk.pl\/wp-content\/uploads\/2018\/12\/skladki_PZW_na_rok_2019_fot1.jpg\" alt=\"\" width=\"500\" height=\"789\" srcset=\"https:\/\/pzw1.slonsk.pl\/wp-content\/uploads\/2018\/12\/skladki_PZW_na_rok_2019_fot1.jpg 800w, https:\/\/pzw1.slonsk.pl\/wp-content\/uploads\/2018\/12\/skladki_PZW_na_rok_2019_fot1-190x300.jpg 190w, https:\/\/pzw1.slonsk.pl\/wp-content\/uploads\/2018\/12\/skladki_PZW_na_rok_2019_fot1-768x1212.jpg 768w, https:\/\/pzw1.slonsk.pl\/wp-content\/uploads\/2018\/12\/skladki_PZW_na_rok_2019_fot1-649x1024.jpg 649w\" sizes=\"auto, (max-width: 500px) 100vw, 500px\" \/><\/a><a href=\"http:\/\/pzw1.slonsk.pl\/wp-content\/uploads\/2018\/12\/skladki_PZW_na_rok_2019_fot2.jpg\"><img loading=\"lazy\" decoding=\"async\" class=\"aligncenter wp-image-9057\" src=\"http:\/\/pzw1.slonsk.pl\/wp-content\/uploads\/2018\/12\/skladki_PZW_na_rok_2019_fot2.jpg\" alt=\"\" width=\"500\" height=\"804\" srcset=\"https:\/\/pzw1.slonsk.pl\/wp-content\/uploads\/2018\/12\/skladki_PZW_na_rok_2019_fot2.jpg 800w, https:\/\/pzw1.slonsk.pl\/wp-content\/uploads\/2018\/12\/skladki_PZW_na_rok_2019_fot2-186x300.jpg 186w, https:\/\/pzw1.slonsk.pl\/wp-content\/uploads\/2018\/12\/skladki_PZW_na_rok_2019_fot2-768x1236.jpg 768w, https:\/\/pzw1.slonsk.pl\/wp-content\/uploads\/2018\/12\/skladki_PZW_na_rok_2019_fot2-637x1024.jpg 637w\" sizes=\"auto, (max-width: 500px) 100vw, 500px\" \/><\/a><a href=\"http:\/\/pzw1.slonsk.pl\/wp-content\/uploads\/2018\/12\/skladki_PZW_na_rok_2019_fot3.jpg\"><img loading=\"lazy\" decoding=\"async\" class=\"aligncenter wp-image-9058\" src=\"http:\/\/pzw1.slonsk.pl\/wp-content\/uploads\/2018\/12\/skladki_PZW_na_rok_2019_fot3.jpg\" alt=\"\" width=\"500\" height=\"786\" srcset=\"https:\/\/pzw1.slonsk.pl\/wp-content\/uploads\/2018\/12\/skladki_PZW_na_rok_2019_fot3.jpg 800w, https:\/\/pzw1.slonsk.pl\/wp-content\/uploads\/2018\/12\/skladki_PZW_na_rok_2019_fot3-191x300.jpg 191w, https:\/\/pzw1.slonsk.pl\/wp-content\/uploads\/2018\/12\/skladki_PZW_na_rok_2019_fot3-768x1208.jpg 768w, https:\/\/pzw1.slonsk.pl\/wp-content\/uploads\/2018\/12\/skladki_PZW_na_rok_2019_fot3-651x1024.jpg 651w\" sizes=\"auto, (max-width: 500px) 100vw, 500px\" \/><\/a><a href=\"http:\/\/pzw1.slonsk.pl\/wp-content\/uploads\/2018\/12\/skladki_PZW_na_rok_2019_fot4.jpg\"><img loading=\"lazy\" decoding=\"async\" class=\"aligncenter wp-image-9059\" src=\"http:\/\/pzw1.slonsk.pl\/wp-content\/uploads\/2018\/12\/skladki_PZW_na_rok_2019_fot4.jpg\" alt=\"\" width=\"500\" height=\"223\" srcset=\"https:\/\/pzw1.slonsk.pl\/wp-content\/uploads\/2018\/12\/skladki_PZW_na_rok_2019_fot4.jpg 800w, https:\/\/pzw1.slonsk.pl\/wp-content\/uploads\/2018\/12\/skladki_PZW_na_rok_2019_fot4-300x134.jpg 300w, https:\/\/pzw1.slonsk.pl\/wp-content\/uploads\/2018\/12\/skladki_PZW_na_rok_2019_fot4-768x343.jpg 768w\" sizes=\"auto, (max-width: 500px) 100vw, 500px\" \/><\/a><\/p>\n<p>&nbsp;<\/p>\n<p style=\"text-align: center;\">\n","protected":false},"excerpt":{"rendered":"<p>Op\u0142aty kart PZW na rok 2018 s\u0105 do nabycia u skarbnika Ko\u0142a kol. Micha\u0142a Soza\u0144skiego zam. w S\u0142o\u0144sku przy ul. Granicznej 5B, tel. 509734247 &nbsp;<\/p>\n","protected":false},"author":1,"featured_media":0,"parent":234,"menu_order":2,"comment_status":"closed","ping_status":"open","template":"","meta":{"footnotes":""},"class_list":["post-474","page","type-page","status-publish","hentry","post"],"_links":{"self":[{"href":"https:\/\/pzw1.slonsk.pl\/index.php?rest_route=\/wp\/v2\/pages\/474","targetHints":{"allow":["GET"]}}],"collection":[{"href":"https:\/\/pzw1.slonsk.pl\/index.php?rest_route=\/wp\/v2\/pages"}],"about":[{"href":"https:\/\/pzw1.slonsk.pl\/index.php?rest_route=\/wp\/v2\/types\/page"}],"author":[{"embeddable":true,"href":"https:\/\/pzw1.slonsk.pl\/index.php?rest_route=\/wp\/v2\/users\/1"}],"replies":[{"embeddable":true,"href":"https:\/\/pzw1.slonsk.pl\/index.php?rest_route=%2Fwp%2Fv2%2Fcomments&post=474"}],"version-history":[{"count":23,"href":"https:\/\/pzw1.slonsk.pl\/index.php?rest_route=\/wp\/v2\/pages\/474\/revisions"}],"predecessor-version":[{"id":9061,"href":"https:\/\/pzw1.slonsk.pl\/index.php?rest_route=\/wp\/v2\/pages\/474\/revisions\/9061"}],"up":[{"embeddable":true,"href":"https:\/\/pzw1.slonsk.pl\/index.php?rest_route=\/wp\/v2\/pages\/234"}],"wp:attachment":[{"href":"https:\/\/pzw1.slonsk.pl\/index.php?rest_route=%2Fwp%2Fv2%2Fmedia&parent=474"}],"curies":[{"name":"wp","href":"https:\/\/api.w.org\/{rel}","templated":true}]}}