{"id":4640,"date":"2015-04-05T12:47:09","date_gmt":"2015-04-05T10:47:09","guid":{"rendered":"http:\/\/pzw1.slonsk.pl\/?page_id=4640"},"modified":"2015-04-05T12:47:09","modified_gmt":"2015-04-05T10:47:09","slug":"klasyfikacja-seniorow-w-kat-spinningowej-2014-r","status":"publish","type":"page","link":"https:\/\/pzw1.slonsk.pl\/?page_id=4640","title":{"rendered":"Klasyfikacja senior\u00f3w w kat. spinningowej 2014 r."},"content":{"rendered":"<p style=\"text-align: center;\">Kliknij na tabele aby zobaczy\u0107 szczeg\u00f3\u0142y<\/p>\n\n\t\t<style type=\"text\/css\">\n\t\t\t#gallery-1 {\n\t\t\t\tmargin: auto;\n\t\t\t}\n\t\t\t#gallery-1 .gallery-item {\n\t\t\t\tfloat: left;\n\t\t\t\tmargin-top: 10px;\n\t\t\t\ttext-align: center;\n\t\t\t\twidth: 33%;\n\t\t\t}\n\t\t\t#gallery-1 img {\n\t\t\t\tborder: 2px solid #cfcfcf;\n\t\t\t}\n\t\t\t#gallery-1 .gallery-caption {\n\t\t\t\tmargin-left: 0;\n\t\t\t}\n\t\t\t\/* see gallery_shortcode() in wp-includes\/media.php *\/\n\t\t<\/style>\n\t\t<div data-carousel-extra='{\"blog_id\":1,\"permalink\":\"https:\\\/\\\/pzw1.slonsk.pl\\\/?page_id=4640\",\"likes_blog_id\":false}' id='gallery-1' class='gallery galleryid-4640 gallery-columns-3 gallery-size-thumbnail'><dl class='gallery-item'>\n\t\t\t<dt class='gallery-icon landscape'>\n\t\t\t\t<a href='https:\/\/pzw1.slonsk.pl\/wp-content\/uploads\/2013\/04\/Klasyfikacja-Spiningu123_012.jpg'><img loading=\"lazy\" decoding=\"async\" width=\"150\" height=\"150\" src=\"https:\/\/pzw1.slonsk.pl\/wp-content\/uploads\/2013\/04\/Klasyfikacja-Spiningu123_012-150x150.jpg\" class=\"attachment-thumbnail size-thumbnail\" alt=\"\" data-attachment-id=\"4525\" data-orig-file=\"https:\/\/pzw1.slonsk.pl\/wp-content\/uploads\/2013\/04\/Klasyfikacja-Spiningu123_012.jpg\" data-orig-size=\"1600,1131\" data-comments-opened=\"0\" data-image-meta=\"{&quot;aperture&quot;:&quot;0&quot;,&quot;credit&quot;:&quot;&quot;,&quot;camera&quot;:&quot;&quot;,&quot;caption&quot;:&quot;&quot;,&quot;created_timestamp&quot;:&quot;0&quot;,&quot;copyright&quot;:&quot;&quot;,&quot;focal_length&quot;:&quot;0&quot;,&quot;iso&quot;:&quot;0&quot;,&quot;shutter_speed&quot;:&quot;0&quot;,&quot;title&quot;:&quot;&quot;,&quot;orientation&quot;:&quot;0&quot;}\" data-image-title=\"Klasyfikacja Spiningu123_01\" data-image-description=\"\" data-medium-file=\"https:\/\/pzw1.slonsk.pl\/wp-content\/uploads\/2013\/04\/Klasyfikacja-Spiningu123_012-300x212.jpg\" data-large-file=\"https:\/\/pzw1.slonsk.pl\/wp-content\/uploads\/2013\/04\/Klasyfikacja-Spiningu123_012-1024x723.jpg\" \/><\/a>\n\t\t\t<\/dt><\/dl>\n\t\t\t<br style='clear: both' \/>\n\t\t<\/div>\n\n<p>&nbsp;<\/p>\n","protected":false},"excerpt":{"rendered":"<p>Kliknij na tabele aby zobaczy\u0107 szczeg\u00f3\u0142y &nbsp;<\/p>\n","protected":false},"author":1,"featured_media":0,"parent":0,"menu_order":0,"comment_status":"closed","ping_status":"open","template":"","meta":{"footnotes":""},"class_list":["post-4640","page","type-page","status-publish","hentry","post"],"_links":{"self":[{"href":"https:\/\/pzw1.slonsk.pl\/index.php?rest_route=\/wp\/v2\/pages\/4640","targetHints":{"allow":["GET"]}}],"collection":[{"href":"https:\/\/pzw1.slonsk.pl\/index.php?rest_route=\/wp\/v2\/pages"}],"about":[{"href":"https:\/\/pzw1.slonsk.pl\/index.php?rest_route=\/wp\/v2\/types\/page"}],"author":[{"embeddable":true,"href":"https:\/\/pzw1.slonsk.pl\/index.php?rest_route=\/wp\/v2\/users\/1"}],"replies":[{"embeddable":true,"href":"https:\/\/pzw1.slonsk.pl\/index.php?rest_route=%2Fwp%2Fv2%2Fcomments&post=4640"}],"version-history":[{"count":1,"href":"https:\/\/pzw1.slonsk.pl\/index.php?rest_route=\/wp\/v2\/pages\/4640\/revisions"}],"predecessor-version":[{"id":4641,"href":"https:\/\/pzw1.slonsk.pl\/index.php?rest_route=\/wp\/v2\/pages\/4640\/revisions\/4641"}],"wp:attachment":[{"href":"https:\/\/pzw1.slonsk.pl\/index.php?rest_route=%2Fwp%2Fv2%2Fmedia&parent=4640"}],"curies":[{"name":"wp","href":"https:\/\/api.w.org\/{rel}","templated":true}]}}