{"id":459,"date":"2013-04-19T22:44:17","date_gmt":"2013-04-19T20:44:17","guid":{"rendered":"http:\/\/pzw1.slonsk.pl\/?page_id=459"},"modified":"2013-06-09T18:06:45","modified_gmt":"2013-06-09T16:06:45","slug":"duuuza-ryba-2007","status":"publish","type":"page","link":"https:\/\/pzw1.slonsk.pl\/?page_id=459","title":{"rendered":"Duuu\u017ca ryba 2007"},"content":{"rendered":"<div id=\"attachment_1225\" style=\"width: 510px\" class=\"wp-caption aligncenter\"><a href=\"http:\/\/pzw1.slonsk.pl\/wp-content\/uploads\/2013\/04\/foto11.jpg\"><img loading=\"lazy\" decoding=\"async\" aria-describedby=\"caption-attachment-1225\" class=\"size-full wp-image-1225\" alt=\"W okolicach &quot;mostu Wysoki\u0144skiego&quot; kol. Andrzej Stru\u015b z\u0142owi\u0142 szczupaka o wadze 4,8kg i 85cm d\u0142ugo\u015bci\" src=\"http:\/\/pzw1.slonsk.pl\/wp-content\/uploads\/2013\/04\/foto11.jpg\" width=\"500\" height=\"640\" srcset=\"https:\/\/pzw1.slonsk.pl\/wp-content\/uploads\/2013\/04\/foto11.jpg 500w, https:\/\/pzw1.slonsk.pl\/wp-content\/uploads\/2013\/04\/foto11-234x300.jpg 234w\" sizes=\"auto, (max-width: 500px) 100vw, 500px\" \/><\/a><p id=\"caption-attachment-1225\" class=\"wp-caption-text\">W okolicach &#8222;mostu Wysoki\u0144skiego&#8221; kol. Andrzej Stru\u015b z\u0142owi\u0142 szczupaka o wadze 4,8kg i 85cm d\u0142ugo\u015bci<\/p><\/div>\n<div id=\"attachment_1227\" style=\"width: 510px\" class=\"wp-caption aligncenter\"><a href=\"http:\/\/pzw1.slonsk.pl\/wp-content\/uploads\/2013\/04\/foto31.jpg\"><img loading=\"lazy\" decoding=\"async\" aria-describedby=\"caption-attachment-1227\" class=\"size-full wp-image-1227\" alt=\"W okolicach &quot;mostu Wysoki\u0144skiego&quot; kol. Dariusz Sutryk z\u0142owi\u0142 szczupaka o wadze 5,0kg i 94cm d\u0142ugo\u015bci\" src=\"http:\/\/pzw1.slonsk.pl\/wp-content\/uploads\/2013\/04\/foto31.jpg\" width=\"500\" height=\"658\" srcset=\"https:\/\/pzw1.slonsk.pl\/wp-content\/uploads\/2013\/04\/foto31.jpg 500w, https:\/\/pzw1.slonsk.pl\/wp-content\/uploads\/2013\/04\/foto31-227x300.jpg 227w\" sizes=\"auto, (max-width: 500px) 100vw, 500px\" \/><\/a><p id=\"caption-attachment-1227\" class=\"wp-caption-text\">W okolicach &#8222;mostu Wysoki\u0144skiego&#8221; kol. Dariusz Sutryk z\u0142owi\u0142 szczupaka o wadze 5,0kg i 94cm d\u0142ugo\u015bci<\/p><\/div>\n<div id=\"attachment_1226\" style=\"width: 510px\" class=\"wp-caption aligncenter\"><a href=\"http:\/\/pzw1.slonsk.pl\/wp-content\/uploads\/2013\/04\/foto21.jpg\"><img loading=\"lazy\" decoding=\"async\" aria-describedby=\"caption-attachment-1226\" class=\"size-full wp-image-1226\" alt=\"Na rzece Warcie kol. Andrzej Stru\u015b z\u0142owi\u0142 szczupaka o wadze 7,2 kg i 98 cm d\u0142ugo\u015bci.\" src=\"http:\/\/pzw1.slonsk.pl\/wp-content\/uploads\/2013\/04\/foto21.jpg\" width=\"500\" height=\"404\" srcset=\"https:\/\/pzw1.slonsk.pl\/wp-content\/uploads\/2013\/04\/foto21.jpg 500w, https:\/\/pzw1.slonsk.pl\/wp-content\/uploads\/2013\/04\/foto21-300x242.jpg 300w\" sizes=\"auto, (max-width: 500px) 100vw, 500px\" \/><\/a><p id=\"caption-attachment-1226\" class=\"wp-caption-text\">Na rzece Warcie kol. Andrzej Stru\u015b z\u0142owi\u0142 szczupaka o wadze 7,2 kg i 98 cm d\u0142ugo\u015bci.<\/p><\/div>\n<div id=\"attachment_1228\" style=\"width: 510px\" class=\"wp-caption aligncenter\"><a href=\"http:\/\/pzw1.slonsk.pl\/wp-content\/uploads\/2013\/04\/foto41.jpg\"><img loading=\"lazy\" decoding=\"async\" aria-describedby=\"caption-attachment-1228\" class=\"size-full wp-image-1228\" alt=\"Na rzece Postomi kol. Dariusz Sutryk z\u0142owi\u0142 karpia o wadze 13,80 kg i 90 cm d\u0142ugo\u015bci.\" src=\"http:\/\/pzw1.slonsk.pl\/wp-content\/uploads\/2013\/04\/foto41.jpg\" width=\"500\" height=\"397\" srcset=\"https:\/\/pzw1.slonsk.pl\/wp-content\/uploads\/2013\/04\/foto41.jpg 500w, https:\/\/pzw1.slonsk.pl\/wp-content\/uploads\/2013\/04\/foto41-300x238.jpg 300w\" sizes=\"auto, (max-width: 500px) 100vw, 500px\" \/><\/a><p id=\"caption-attachment-1228\" class=\"wp-caption-text\">Na rzece Postomi kol. Dariusz Sutryk z\u0142owi\u0142 karpia o wadze 13,80 kg i 90 cm d\u0142ugo\u015bci.<\/p><\/div>\n<div id=\"attachment_1229\" style=\"width: 510px\" class=\"wp-caption aligncenter\"><a href=\"http:\/\/pzw1.slonsk.pl\/wp-content\/uploads\/2013\/04\/foto-54.jpg\"><img loading=\"lazy\" decoding=\"async\" aria-describedby=\"caption-attachment-1229\" class=\"size-full wp-image-1229\" alt=\"Na rzece Warcie kol. Mateusz Malarek z\u0142owi\u0142 okonia o wadze 1kg\" src=\"http:\/\/pzw1.slonsk.pl\/wp-content\/uploads\/2013\/04\/foto-54.jpg\" width=\"500\" height=\"384\" srcset=\"https:\/\/pzw1.slonsk.pl\/wp-content\/uploads\/2013\/04\/foto-54.jpg 500w, https:\/\/pzw1.slonsk.pl\/wp-content\/uploads\/2013\/04\/foto-54-300x230.jpg 300w\" sizes=\"auto, (max-width: 500px) 100vw, 500px\" \/><\/a><p id=\"caption-attachment-1229\" class=\"wp-caption-text\">Na rzece Warcie kol. Mateusz Malarek z\u0142owi\u0142 okonia o wadze 1kg<\/p><\/div>\n<div id=\"attachment_1230\" style=\"width: 510px\" class=\"wp-caption aligncenter\"><a href=\"http:\/\/pzw1.slonsk.pl\/wp-content\/uploads\/2013\/04\/foto-64.jpg\"><img loading=\"lazy\" decoding=\"async\" aria-describedby=\"caption-attachment-1230\" class=\"size-full wp-image-1230\" alt=\"Na rzece Warcie kol. Franciszek Szawli\u0144ski z\u0142owi\u0142 szczupaka o wadze 4,10 kg\" src=\"http:\/\/pzw1.slonsk.pl\/wp-content\/uploads\/2013\/04\/foto-64.jpg\" width=\"500\" height=\"407\" srcset=\"https:\/\/pzw1.slonsk.pl\/wp-content\/uploads\/2013\/04\/foto-64.jpg 500w, https:\/\/pzw1.slonsk.pl\/wp-content\/uploads\/2013\/04\/foto-64-300x244.jpg 300w\" sizes=\"auto, (max-width: 500px) 100vw, 500px\" \/><\/a><p id=\"caption-attachment-1230\" class=\"wp-caption-text\">Na rzece Warcie kol. Franciszek Szawli\u0144ski z\u0142owi\u0142 szczupaka o wadze 4,10 kg<\/p><\/div>\n<div id=\"attachment_1231\" style=\"width: 460px\" class=\"wp-caption aligncenter\"><a href=\"http:\/\/pzw1.slonsk.pl\/wp-content\/uploads\/2013\/04\/foto-74.jpg\"><img loading=\"lazy\" decoding=\"async\" aria-describedby=\"caption-attachment-1231\" class=\"size-full wp-image-1231\" alt=\"Na rzece Warcie kol. Franciszek Szawli\u0144ski z\u0142owi\u0142 suma o wadze 22kg i 151 cm d\u0142ugo\u015bci.\" src=\"http:\/\/pzw1.slonsk.pl\/wp-content\/uploads\/2013\/04\/foto-74.jpg\" width=\"450\" height=\"504\" srcset=\"https:\/\/pzw1.slonsk.pl\/wp-content\/uploads\/2013\/04\/foto-74.jpg 450w, https:\/\/pzw1.slonsk.pl\/wp-content\/uploads\/2013\/04\/foto-74-267x300.jpg 267w\" sizes=\"auto, (max-width: 450px) 100vw, 450px\" \/><\/a><p id=\"caption-attachment-1231\" class=\"wp-caption-text\">Na rzece Warcie kol. Franciszek Szawli\u0144ski z\u0142owi\u0142 suma o wadze 22kg i 151 cm d\u0142ugo\u015bci.<\/p><\/div>\n<div id=\"attachment_1232\" style=\"width: 510px\" class=\"wp-caption aligncenter\"><a href=\"http:\/\/pzw1.slonsk.pl\/wp-content\/uploads\/2013\/04\/foto-94.jpg\"><img loading=\"lazy\" decoding=\"async\" aria-describedby=\"caption-attachment-1232\" class=\"size-full wp-image-1232\" alt=\"Na rzece Warcie kol. Andrzej Stru\u015b z\u0142owi\u0142 leszcza o wadze 3,15 kg i 60 cm d\u0142ugo\u015bci.\" src=\"http:\/\/pzw1.slonsk.pl\/wp-content\/uploads\/2013\/04\/foto-94.jpg\" width=\"500\" height=\"667\" srcset=\"https:\/\/pzw1.slonsk.pl\/wp-content\/uploads\/2013\/04\/foto-94.jpg 500w, https:\/\/pzw1.slonsk.pl\/wp-content\/uploads\/2013\/04\/foto-94-224x300.jpg 224w\" sizes=\"auto, (max-width: 500px) 100vw, 500px\" \/><\/a><p id=\"caption-attachment-1232\" class=\"wp-caption-text\">Na rzece Warcie kol. Andrzej Stru\u015b z\u0142owi\u0142 leszcza o wadze 3,15 kg i 60 cm d\u0142ugo\u015bci.<\/p><\/div>\n<div id=\"attachment_1233\" style=\"width: 510px\" class=\"wp-caption aligncenter\"><a href=\"http:\/\/pzw1.slonsk.pl\/wp-content\/uploads\/2013\/04\/foto-104.jpg\"><img loading=\"lazy\" decoding=\"async\" aria-describedby=\"caption-attachment-1233\" class=\"size-full wp-image-1233\" alt=\"Na rzece Warcie kol. Andrzej Stru\u015b z\u0142owi\u0142 szczupaka o wadze 7,5 kg i 102 cm d\u0142ugo\u015bci\" src=\"http:\/\/pzw1.slonsk.pl\/wp-content\/uploads\/2013\/04\/foto-104.jpg\" width=\"500\" height=\"389\" srcset=\"https:\/\/pzw1.slonsk.pl\/wp-content\/uploads\/2013\/04\/foto-104.jpg 500w, https:\/\/pzw1.slonsk.pl\/wp-content\/uploads\/2013\/04\/foto-104-300x233.jpg 300w\" sizes=\"auto, (max-width: 500px) 100vw, 500px\" \/><\/a><p id=\"caption-attachment-1233\" class=\"wp-caption-text\">Na rzece Warcie kol. Andrzej Stru\u015b z\u0142owi\u0142 szczupaka o wadze 7,5 kg i 102 cm d\u0142ugo\u015bci<\/p><\/div>\n<div id=\"attachment_1234\" style=\"width: 510px\" class=\"wp-caption aligncenter\"><a href=\"http:\/\/pzw1.slonsk.pl\/wp-content\/uploads\/2013\/04\/foto-116.jpg\"><img loading=\"lazy\" decoding=\"async\" aria-describedby=\"caption-attachment-1234\" class=\"size-full wp-image-1234\" alt=\"Na &quot;Jeziorze Kiszki&quot; kol. Stanis\u0142aw \u017bo\u0142y\u0144ski z\u0142owi\u0142 szczupaka o wadze 5,35 kg\" src=\"http:\/\/pzw1.slonsk.pl\/wp-content\/uploads\/2013\/04\/foto-116.jpg\" width=\"500\" height=\"387\" srcset=\"https:\/\/pzw1.slonsk.pl\/wp-content\/uploads\/2013\/04\/foto-116.jpg 500w, https:\/\/pzw1.slonsk.pl\/wp-content\/uploads\/2013\/04\/foto-116-300x232.jpg 300w\" sizes=\"auto, (max-width: 500px) 100vw, 500px\" \/><\/a><p id=\"caption-attachment-1234\" class=\"wp-caption-text\">Na &#8222;Jeziorze Kiszki&#8221; kol. Stanis\u0142aw \u017bo\u0142y\u0144ski z\u0142owi\u0142 szczupaka o wadze 5,35 kg<\/p><\/div>\n<div id=\"attachment_1235\" style=\"width: 510px\" class=\"wp-caption aligncenter\"><a href=\"http:\/\/pzw1.slonsk.pl\/wp-content\/uploads\/2013\/04\/foto-124.jpg\"><img loading=\"lazy\" decoding=\"async\" aria-describedby=\"caption-attachment-1235\" class=\"size-full wp-image-1235\" alt=\"Na Kanale Szerokim kol. Kazimierz Kot z\u0142owi\u0142 szczupaka o wadze 8 kg i 102,5 cm d\u0142ugo\u015bci.\" src=\"http:\/\/pzw1.slonsk.pl\/wp-content\/uploads\/2013\/04\/foto-124.jpg\" width=\"500\" height=\"417\" srcset=\"https:\/\/pzw1.slonsk.pl\/wp-content\/uploads\/2013\/04\/foto-124.jpg 500w, https:\/\/pzw1.slonsk.pl\/wp-content\/uploads\/2013\/04\/foto-124-300x250.jpg 300w\" sizes=\"auto, (max-width: 500px) 100vw, 500px\" \/><\/a><p id=\"caption-attachment-1235\" class=\"wp-caption-text\">Na Kanale Szerokim kol. Kazimierz Kot z\u0142owi\u0142 szczupaka o wadze 8 kg i 102,5 cm d\u0142ugo\u015bci.<\/p><\/div>\n<div id=\"attachment_1236\" style=\"width: 510px\" class=\"wp-caption aligncenter\"><a href=\"http:\/\/pzw1.slonsk.pl\/wp-content\/uploads\/2013\/04\/foto-134.jpg\"><img loading=\"lazy\" decoding=\"async\" aria-describedby=\"caption-attachment-1236\" class=\"size-full wp-image-1236\" alt=\"Na rzece Warcie kol. Adam Pi\u0105tek z\u0142owi\u0142 sandacza o wadze 6,830 kg i 90 cm d\u0142ugo\u015bci.\" src=\"http:\/\/pzw1.slonsk.pl\/wp-content\/uploads\/2013\/04\/foto-134.jpg\" width=\"500\" height=\"461\" srcset=\"https:\/\/pzw1.slonsk.pl\/wp-content\/uploads\/2013\/04\/foto-134.jpg 500w, https:\/\/pzw1.slonsk.pl\/wp-content\/uploads\/2013\/04\/foto-134-300x276.jpg 300w\" sizes=\"auto, (max-width: 500px) 100vw, 500px\" \/><\/a><p id=\"caption-attachment-1236\" class=\"wp-caption-text\">Na rzece Warcie kol. Adam Pi\u0105tek z\u0142owi\u0142 sandacza o wadze 6,830 kg i 90 cm d\u0142ugo\u015bci.<\/p><\/div>\n<div id=\"attachment_1237\" style=\"width: 510px\" class=\"wp-caption aligncenter\"><a href=\"http:\/\/pzw1.slonsk.pl\/wp-content\/uploads\/2013\/04\/foto-144.jpg\"><img loading=\"lazy\" decoding=\"async\" aria-describedby=\"caption-attachment-1237\" class=\"size-full wp-image-1237\" alt=\"Przy uj\u015bciu rzeki Warty kol. Jaros\u0142aw Koz\u0142owski z\u0142owi\u0142 szczupaka o wadze 6,01 kg i 96 cm d\u0142ugo\u015bci.\" src=\"http:\/\/pzw1.slonsk.pl\/wp-content\/uploads\/2013\/04\/foto-144.jpg\" width=\"500\" height=\"390\" srcset=\"https:\/\/pzw1.slonsk.pl\/wp-content\/uploads\/2013\/04\/foto-144.jpg 500w, https:\/\/pzw1.slonsk.pl\/wp-content\/uploads\/2013\/04\/foto-144-300x234.jpg 300w\" sizes=\"auto, (max-width: 500px) 100vw, 500px\" \/><\/a><p id=\"caption-attachment-1237\" class=\"wp-caption-text\">Przy uj\u015bciu rzeki Warty kol. Jaros\u0142aw Koz\u0142owski z\u0142owi\u0142 szczupaka o wadze 6,01 kg i 96 cm d\u0142ugo\u015bci.<\/p><\/div>\n<div id=\"attachment_1238\" style=\"width: 510px\" class=\"wp-caption aligncenter\"><a href=\"http:\/\/pzw1.slonsk.pl\/wp-content\/uploads\/2013\/04\/foto-154.jpg\"><img loading=\"lazy\" decoding=\"async\" aria-describedby=\"caption-attachment-1238\" class=\"size-full wp-image-1238\" alt=\"Na rzece Warcie kol. Adam Pi\u0105tek z\u0142owi\u0142 amura o wadze 13,4 kg i 106 cm d\u0142ugo\u015bci.\" src=\"http:\/\/pzw1.slonsk.pl\/wp-content\/uploads\/2013\/04\/foto-154.jpg\" width=\"500\" height=\"367\" srcset=\"https:\/\/pzw1.slonsk.pl\/wp-content\/uploads\/2013\/04\/foto-154.jpg 500w, https:\/\/pzw1.slonsk.pl\/wp-content\/uploads\/2013\/04\/foto-154-300x220.jpg 300w\" sizes=\"auto, (max-width: 500px) 100vw, 500px\" \/><\/a><p id=\"caption-attachment-1238\" class=\"wp-caption-text\">Na rzece Warcie kol. Adam Pi\u0105tek z\u0142owi\u0142 amura o wadze 13,4 kg i 106 cm d\u0142ugo\u015bci.<\/p><\/div>\n","protected":false},"excerpt":{"rendered":"","protected":false},"author":1,"featured_media":0,"parent":236,"menu_order":8,"comment_status":"closed","ping_status":"open","template":"","meta":{"footnotes":""},"class_list":["post-459","page","type-page","status-publish","hentry","post"],"_links":{"self":[{"href":"https:\/\/pzw1.slonsk.pl\/index.php?rest_route=\/wp\/v2\/pages\/459","targetHints":{"allow":["GET"]}}],"collection":[{"href":"https:\/\/pzw1.slonsk.pl\/index.php?rest_route=\/wp\/v2\/pages"}],"about":[{"href":"https:\/\/pzw1.slonsk.pl\/index.php?rest_route=\/wp\/v2\/types\/page"}],"author":[{"embeddable":true,"href":"https:\/\/pzw1.slonsk.pl\/index.php?rest_route=\/wp\/v2\/users\/1"}],"replies":[{"embeddable":true,"href":"https:\/\/pzw1.slonsk.pl\/index.php?rest_route=%2Fwp%2Fv2%2Fcomments&post=459"}],"version-history":[{"count":3,"href":"https:\/\/pzw1.slonsk.pl\/index.php?rest_route=\/wp\/v2\/pages\/459\/revisions"}],"predecessor-version":[{"id":1224,"href":"https:\/\/pzw1.slonsk.pl\/index.php?rest_route=\/wp\/v2\/pages\/459\/revisions\/1224"}],"up":[{"embeddable":true,"href":"https:\/\/pzw1.slonsk.pl\/index.php?rest_route=\/wp\/v2\/pages\/236"}],"wp:attachment":[{"href":"https:\/\/pzw1.slonsk.pl\/index.php?rest_route=%2Fwp%2Fv2%2Fmedia&parent=459"}],"curies":[{"name":"wp","href":"https:\/\/api.w.org\/{rel}","templated":true}]}}