{"id":457,"date":"2013-04-19T22:43:47","date_gmt":"2013-04-19T20:43:47","guid":{"rendered":"http:\/\/pzw1.slonsk.pl\/?page_id=457"},"modified":"2013-06-09T17:59:37","modified_gmt":"2013-06-09T15:59:37","slug":"duuuza-ryba-2008","status":"publish","type":"page","link":"https:\/\/pzw1.slonsk.pl\/?page_id=457","title":{"rendered":"Duuu\u017ca ryba 2008"},"content":{"rendered":"<div id=\"attachment_1204\" style=\"width: 510px\" class=\"wp-caption aligncenter\"><a href=\"http:\/\/pzw1.slonsk.pl\/wp-content\/uploads\/2013\/04\/foto-114.jpg\"><img loading=\"lazy\" decoding=\"async\" aria-describedby=\"caption-attachment-1204\" class=\"size-full wp-image-1204\" alt=\"Na rzece Postomii kol. Boles\u0142aw Szawli\u0144ski z\u0142owi\u0142 bolenia o wadze 4,10 i 78 cm d\u0142ugo\u015bci\" src=\"http:\/\/pzw1.slonsk.pl\/wp-content\/uploads\/2013\/04\/foto-114.jpg\" width=\"500\" height=\"536\" srcset=\"https:\/\/pzw1.slonsk.pl\/wp-content\/uploads\/2013\/04\/foto-114.jpg 500w, https:\/\/pzw1.slonsk.pl\/wp-content\/uploads\/2013\/04\/foto-114-279x300.jpg 279w\" sizes=\"auto, (max-width: 500px) 100vw, 500px\" \/><\/a><p id=\"caption-attachment-1204\" class=\"wp-caption-text\">Na rzece Postomii kol. Boles\u0142aw Szawli\u0144ski z\u0142owi\u0142 bolenia o wadze 4,10 i 78 cm d\u0142ugo\u015bci<\/p><\/div>\n<div id=\"attachment_1205\" style=\"width: 510px\" class=\"wp-caption aligncenter\"><a href=\"http:\/\/pzw1.slonsk.pl\/wp-content\/uploads\/2013\/04\/foto-28.jpg\"><img loading=\"lazy\" decoding=\"async\" aria-describedby=\"caption-attachment-1205\" class=\"size-full wp-image-1205\" alt=\"Na Betonce przy uj\u015bciu \u017b\u00f3\u0142tego Kana\u0142u kol. Adam \u0141asi\u0144ski z\u0142owi\u0142 szczupaka o wadze 4,50 kg i 86 cm d\u0142ugo\u015bci\" src=\"http:\/\/pzw1.slonsk.pl\/wp-content\/uploads\/2013\/04\/foto-28.jpg\" width=\"500\" height=\"415\" srcset=\"https:\/\/pzw1.slonsk.pl\/wp-content\/uploads\/2013\/04\/foto-28.jpg 500w, https:\/\/pzw1.slonsk.pl\/wp-content\/uploads\/2013\/04\/foto-28-300x249.jpg 300w\" sizes=\"auto, (max-width: 500px) 100vw, 500px\" \/><\/a><p id=\"caption-attachment-1205\" class=\"wp-caption-text\">Na Betonce przy uj\u015bciu \u017b\u00f3\u0142tego Kana\u0142u kol. Adam \u0141asi\u0144ski z\u0142owi\u0142 szczupaka o wadze 4,50 kg i 86 cm d\u0142ugo\u015bci<\/p><\/div>\n<div id=\"attachment_1206\" style=\"width: 510px\" class=\"wp-caption aligncenter\"><a href=\"http:\/\/pzw1.slonsk.pl\/wp-content\/uploads\/2013\/04\/foto-33.jpg\"><img loading=\"lazy\" decoding=\"async\" aria-describedby=\"caption-attachment-1206\" class=\"size-full wp-image-1206\" alt=\"Na wodach Jeziora Radachowskiego kol. Stanis\u0142aw \u017bo\u0142y\u0144ski z\u0142owi\u0142 leszcza o wadze 2,5 kg\" src=\"http:\/\/pzw1.slonsk.pl\/wp-content\/uploads\/2013\/04\/foto-33.jpg\" width=\"500\" height=\"353\" srcset=\"https:\/\/pzw1.slonsk.pl\/wp-content\/uploads\/2013\/04\/foto-33.jpg 500w, https:\/\/pzw1.slonsk.pl\/wp-content\/uploads\/2013\/04\/foto-33-300x211.jpg 300w\" sizes=\"auto, (max-width: 500px) 100vw, 500px\" \/><\/a><p id=\"caption-attachment-1206\" class=\"wp-caption-text\">Na wodach Jeziora Radachowskiego kol. Stanis\u0142aw \u017bo\u0142y\u0144ski z\u0142owi\u0142 leszcza o wadze 2,5 kg<\/p><\/div>\n<div id=\"attachment_1207\" style=\"width: 510px\" class=\"wp-caption aligncenter\"><a href=\"http:\/\/pzw1.slonsk.pl\/wp-content\/uploads\/2013\/04\/foto-43.jpg\"><img loading=\"lazy\" decoding=\"async\" aria-describedby=\"caption-attachment-1207\" class=\"size-full wp-image-1207\" alt=\"Na Betonce kol. Jan Zielezi\u0144ski z\u0142owi\u0142 szczupaka o wadze 7,90 kg i 97 cm d\u0142ugo\u015bci.\" src=\"http:\/\/pzw1.slonsk.pl\/wp-content\/uploads\/2013\/04\/foto-43.jpg\" width=\"500\" height=\"388\" srcset=\"https:\/\/pzw1.slonsk.pl\/wp-content\/uploads\/2013\/04\/foto-43.jpg 500w, https:\/\/pzw1.slonsk.pl\/wp-content\/uploads\/2013\/04\/foto-43-300x232.jpg 300w\" sizes=\"auto, (max-width: 500px) 100vw, 500px\" \/><\/a><p id=\"caption-attachment-1207\" class=\"wp-caption-text\">Na Betonce kol. Jan Zielezi\u0144ski z\u0142owi\u0142 szczupaka o wadze 7,90 kg i 97 cm d\u0142ugo\u015bci.<\/p><\/div>\n<div id=\"attachment_1208\" style=\"width: 410px\" class=\"wp-caption aligncenter\"><a href=\"http:\/\/pzw1.slonsk.pl\/wp-content\/uploads\/2013\/04\/foto-53.jpg\"><img loading=\"lazy\" decoding=\"async\" aria-describedby=\"caption-attachment-1208\" class=\"size-full wp-image-1208\" alt=\"Na rzece Warcie kol. Bogus\u0142aw Kr\u00f3l z\u0142owi\u0142 suma o wadze 19,5 kg i 152 cm d\u0142ugo\u015bci.\" src=\"http:\/\/pzw1.slonsk.pl\/wp-content\/uploads\/2013\/04\/foto-53.jpg\" width=\"400\" height=\"427\" srcset=\"https:\/\/pzw1.slonsk.pl\/wp-content\/uploads\/2013\/04\/foto-53.jpg 400w, https:\/\/pzw1.slonsk.pl\/wp-content\/uploads\/2013\/04\/foto-53-281x300.jpg 281w\" sizes=\"auto, (max-width: 400px) 100vw, 400px\" \/><\/a><p id=\"caption-attachment-1208\" class=\"wp-caption-text\">Na rzece Warcie kol. Bogus\u0142aw Kr\u00f3l z\u0142owi\u0142 suma o wadze 19,5 kg i 152 cm d\u0142ugo\u015bci.<\/p><\/div>\n<div id=\"attachment_1209\" style=\"width: 510px\" class=\"wp-caption aligncenter\"><a href=\"http:\/\/pzw1.slonsk.pl\/wp-content\/uploads\/2013\/04\/foto-63.jpg\"><img loading=\"lazy\" decoding=\"async\" aria-describedby=\"caption-attachment-1209\" class=\"size-full wp-image-1209\" alt=\"Na rzece Warcie kol. Zbigniew Polak z\u0142owi\u0142 amura o wadze 9,80 kg i 95 cm d\u0142ugo\u015bci\" src=\"http:\/\/pzw1.slonsk.pl\/wp-content\/uploads\/2013\/04\/foto-63.jpg\" width=\"500\" height=\"407\" srcset=\"https:\/\/pzw1.slonsk.pl\/wp-content\/uploads\/2013\/04\/foto-63.jpg 500w, https:\/\/pzw1.slonsk.pl\/wp-content\/uploads\/2013\/04\/foto-63-300x244.jpg 300w\" sizes=\"auto, (max-width: 500px) 100vw, 500px\" \/><\/a><p id=\"caption-attachment-1209\" class=\"wp-caption-text\">Na rzece Warcie kol. Zbigniew Polak z\u0142owi\u0142 amura o wadze 9,80 kg i 95 cm d\u0142ugo\u015bci<\/p><\/div>\n<div id=\"attachment_1210\" style=\"width: 510px\" class=\"wp-caption aligncenter\"><a href=\"http:\/\/pzw1.slonsk.pl\/wp-content\/uploads\/2013\/04\/foto-73.jpg\"><img loading=\"lazy\" decoding=\"async\" aria-describedby=\"caption-attachment-1210\" class=\"size-full wp-image-1210\" alt=\"Na rzece Warcie kol. Roman G\u0119bczy\u0144ski z\u0142owi\u0142 amura o wadze 12,25 kg i 98 cm d\u0142ugo\u015bci.\" src=\"http:\/\/pzw1.slonsk.pl\/wp-content\/uploads\/2013\/04\/foto-73.jpg\" width=\"500\" height=\"531\" srcset=\"https:\/\/pzw1.slonsk.pl\/wp-content\/uploads\/2013\/04\/foto-73.jpg 500w, https:\/\/pzw1.slonsk.pl\/wp-content\/uploads\/2013\/04\/foto-73-282x300.jpg 282w\" sizes=\"auto, (max-width: 500px) 100vw, 500px\" \/><\/a><p id=\"caption-attachment-1210\" class=\"wp-caption-text\">Na rzece Warcie kol. Roman G\u0119bczy\u0144ski z\u0142owi\u0142 amura o wadze 12,25 kg i 98 cm d\u0142ugo\u015bci.<\/p><\/div>\n<div id=\"attachment_1211\" style=\"width: 510px\" class=\"wp-caption aligncenter\"><a href=\"http:\/\/pzw1.slonsk.pl\/wp-content\/uploads\/2013\/04\/foto-83.jpg\"><img loading=\"lazy\" decoding=\"async\" aria-describedby=\"caption-attachment-1211\" class=\"size-full wp-image-1211\" alt=\"Na rzece Warcie kol. Fracniszek Szawli\u0144ski z\u0142owi\u0142 bolenia o wadze 4,60 kg i 73 cm d\u0142ugo\u015bci\" src=\"http:\/\/pzw1.slonsk.pl\/wp-content\/uploads\/2013\/04\/foto-83.jpg\" width=\"500\" height=\"574\" srcset=\"https:\/\/pzw1.slonsk.pl\/wp-content\/uploads\/2013\/04\/foto-83.jpg 500w, https:\/\/pzw1.slonsk.pl\/wp-content\/uploads\/2013\/04\/foto-83-261x300.jpg 261w\" sizes=\"auto, (max-width: 500px) 100vw, 500px\" \/><\/a><p id=\"caption-attachment-1211\" class=\"wp-caption-text\">Na rzece Warcie kol. Fracniszek Szawli\u0144ski z\u0142owi\u0142 bolenia o wadze 4,60 kg i 73 cm d\u0142ugo\u015bci<\/p><\/div>\n<div id=\"attachment_1212\" style=\"width: 510px\" class=\"wp-caption aligncenter\"><a href=\"http:\/\/pzw1.slonsk.pl\/wp-content\/uploads\/2013\/04\/foto-93.jpg\"><img loading=\"lazy\" decoding=\"async\" aria-describedby=\"caption-attachment-1212\" class=\"size-full wp-image-1212\" alt=\"Na rzece Warcie kol. Franciszek Szali\u0144ski z\u0142owi\u0142 szczupaka o wadze 3,70 kg i 73 cm d\u0142ugo\u015bci\" src=\"http:\/\/pzw1.slonsk.pl\/wp-content\/uploads\/2013\/04\/foto-93.jpg\" width=\"500\" height=\"481\" srcset=\"https:\/\/pzw1.slonsk.pl\/wp-content\/uploads\/2013\/04\/foto-93.jpg 500w, https:\/\/pzw1.slonsk.pl\/wp-content\/uploads\/2013\/04\/foto-93-300x288.jpg 300w\" sizes=\"auto, (max-width: 500px) 100vw, 500px\" \/><\/a><p id=\"caption-attachment-1212\" class=\"wp-caption-text\">Na rzece Warcie kol. Franciszek Szali\u0144ski z\u0142owi\u0142 szczupaka o wadze 3,70 kg i 73 cm d\u0142ugo\u015bci<\/p><\/div>\n<div id=\"attachment_1213\" style=\"width: 510px\" class=\"wp-caption aligncenter\"><a href=\"http:\/\/pzw1.slonsk.pl\/wp-content\/uploads\/2013\/04\/foto-103.jpg\"><img loading=\"lazy\" decoding=\"async\" aria-describedby=\"caption-attachment-1213\" class=\"size-full wp-image-1213\" alt=\"Na rzece Postomi kol. Andrzej Stru\u015b z\u0142owi\u0142 szczupaka o wadze 6,30 kg i 93 cm d\u0142ugo\u015bci\" src=\"http:\/\/pzw1.slonsk.pl\/wp-content\/uploads\/2013\/04\/foto-103.jpg\" width=\"500\" height=\"458\" srcset=\"https:\/\/pzw1.slonsk.pl\/wp-content\/uploads\/2013\/04\/foto-103.jpg 500w, https:\/\/pzw1.slonsk.pl\/wp-content\/uploads\/2013\/04\/foto-103-300x274.jpg 300w\" sizes=\"auto, (max-width: 500px) 100vw, 500px\" \/><\/a><p id=\"caption-attachment-1213\" class=\"wp-caption-text\">Na rzece Postomi kol. Andrzej Stru\u015b z\u0142owi\u0142 szczupaka o wadze 6,30 kg i 93 cm d\u0142ugo\u015bci<\/p><\/div>\n<div id=\"attachment_1214\" style=\"width: 510px\" class=\"wp-caption aligncenter\"><a href=\"http:\/\/pzw1.slonsk.pl\/wp-content\/uploads\/2013\/04\/foto-115.jpg\"><img loading=\"lazy\" decoding=\"async\" aria-describedby=\"caption-attachment-1214\" class=\"size-full wp-image-1214\" alt=\"Na rzece Warcie kol. Andrzej Stru\u015b z\u0142owi\u0142 leszcza o wadze 4,10 kg i 64 cm d\u0142ugo\u015bci\" src=\"http:\/\/pzw1.slonsk.pl\/wp-content\/uploads\/2013\/04\/foto-115.jpg\" width=\"500\" height=\"459\" srcset=\"https:\/\/pzw1.slonsk.pl\/wp-content\/uploads\/2013\/04\/foto-115.jpg 500w, https:\/\/pzw1.slonsk.pl\/wp-content\/uploads\/2013\/04\/foto-115-300x275.jpg 300w\" sizes=\"auto, (max-width: 500px) 100vw, 500px\" \/><\/a><p id=\"caption-attachment-1214\" class=\"wp-caption-text\">Na rzece Warcie kol. Andrzej Stru\u015b z\u0142owi\u0142 leszcza o wadze 4,10 kg i 64 cm d\u0142ugo\u015bci<\/p><\/div>\n<div id=\"attachment_1215\" style=\"width: 510px\" class=\"wp-caption aligncenter\"><a href=\"http:\/\/pzw1.slonsk.pl\/wp-content\/uploads\/2013\/04\/foto-123.jpg\"><img loading=\"lazy\" decoding=\"async\" aria-describedby=\"caption-attachment-1215\" class=\"size-full wp-image-1215\" alt=\"Na rzece Warcie kol. Adam Pi\u0105tek z\u0142owi\u0142 szczupaka o wadze 3,60 kg i 82 cm d\u0142ugo\u015bci\" src=\"http:\/\/pzw1.slonsk.pl\/wp-content\/uploads\/2013\/04\/foto-123.jpg\" width=\"500\" height=\"426\" srcset=\"https:\/\/pzw1.slonsk.pl\/wp-content\/uploads\/2013\/04\/foto-123.jpg 500w, https:\/\/pzw1.slonsk.pl\/wp-content\/uploads\/2013\/04\/foto-123-300x255.jpg 300w\" sizes=\"auto, (max-width: 500px) 100vw, 500px\" \/><\/a><p id=\"caption-attachment-1215\" class=\"wp-caption-text\">Na rzece Warcie kol. Adam Pi\u0105tek z\u0142owi\u0142 szczupaka o wadze 3,60 kg i 82 cm d\u0142ugo\u015bci<\/p><\/div>\n<div id=\"attachment_1216\" style=\"width: 510px\" class=\"wp-caption aligncenter\"><a href=\"http:\/\/pzw1.slonsk.pl\/wp-content\/uploads\/2013\/04\/foto-133.jpg\"><img loading=\"lazy\" decoding=\"async\" aria-describedby=\"caption-attachment-1216\" class=\"size-full wp-image-1216\" alt=\"Na rzece Warcie kol. Leszek Gramsa z\u0142owi\u0142 szczupaka o wadze 2,40 kg i 71 cm d\u0142ugo\u015bci\" src=\"http:\/\/pzw1.slonsk.pl\/wp-content\/uploads\/2013\/04\/foto-133.jpg\" width=\"500\" height=\"501\" srcset=\"https:\/\/pzw1.slonsk.pl\/wp-content\/uploads\/2013\/04\/foto-133.jpg 500w, https:\/\/pzw1.slonsk.pl\/wp-content\/uploads\/2013\/04\/foto-133-150x150.jpg 150w, https:\/\/pzw1.slonsk.pl\/wp-content\/uploads\/2013\/04\/foto-133-300x300.jpg 300w\" sizes=\"auto, (max-width: 500px) 100vw, 500px\" \/><\/a><p id=\"caption-attachment-1216\" class=\"wp-caption-text\">Na rzece Warcie kol. Leszek Gramsa z\u0142owi\u0142 szczupaka o wadze 2,40 kg i 71 cm d\u0142ugo\u015bci<\/p><\/div>\n<div id=\"attachment_1217\" style=\"width: 510px\" class=\"wp-caption aligncenter\"><a href=\"http:\/\/pzw1.slonsk.pl\/wp-content\/uploads\/2013\/04\/foto-143.jpg\"><img loading=\"lazy\" decoding=\"async\" aria-describedby=\"caption-attachment-1217\" class=\"size-full wp-image-1217\" alt=\"Nad Jeziorem G\u0142\u0119boczek kol. Jaworski Pawe\u0142 z\u0142owi\u0142 leszcza o wadze 6,95 kg i 72 cm d\u0142ugo\u015bci.\" src=\"http:\/\/pzw1.slonsk.pl\/wp-content\/uploads\/2013\/04\/foto-143.jpg\" width=\"500\" height=\"505\" srcset=\"https:\/\/pzw1.slonsk.pl\/wp-content\/uploads\/2013\/04\/foto-143.jpg 500w, https:\/\/pzw1.slonsk.pl\/wp-content\/uploads\/2013\/04\/foto-143-297x300.jpg 297w\" sizes=\"auto, (max-width: 500px) 100vw, 500px\" \/><\/a><p id=\"caption-attachment-1217\" class=\"wp-caption-text\">Nad Jeziorem G\u0142\u0119boczek kol. Jaworski Pawe\u0142 z\u0142owi\u0142 leszcza o wadze 6,95 kg i 72 cm d\u0142ugo\u015bci.<\/p><\/div>\n<div id=\"attachment_1218\" style=\"width: 510px\" class=\"wp-caption aligncenter\"><a href=\"http:\/\/pzw1.slonsk.pl\/wp-content\/uploads\/2013\/04\/foto-153.jpg\"><img loading=\"lazy\" decoding=\"async\" aria-describedby=\"caption-attachment-1218\" class=\"size-full wp-image-1218\" alt=\"Na rzece Postomii kol. Daniel Wojciechowski z\u0142owi\u0142 szczupaka o wadze 7,5 kg i 96 cm d\u0142ugo\u015bci.\" src=\"http:\/\/pzw1.slonsk.pl\/wp-content\/uploads\/2013\/04\/foto-153.jpg\" width=\"500\" height=\"377\" srcset=\"https:\/\/pzw1.slonsk.pl\/wp-content\/uploads\/2013\/04\/foto-153.jpg 500w, https:\/\/pzw1.slonsk.pl\/wp-content\/uploads\/2013\/04\/foto-153-300x226.jpg 300w\" sizes=\"auto, (max-width: 500px) 100vw, 500px\" \/><\/a><p id=\"caption-attachment-1218\" class=\"wp-caption-text\">Na rzece Postomii kol. Daniel Wojciechowski z\u0142owi\u0142 szczupaka o wadze 7,5 kg i 96 cm d\u0142ugo\u015bci.<\/p><\/div>\n<div id=\"attachment_1219\" style=\"width: 510px\" class=\"wp-caption aligncenter\"><a href=\"http:\/\/pzw1.slonsk.pl\/wp-content\/uploads\/2013\/04\/foto-163.jpg\"><img loading=\"lazy\" decoding=\"async\" aria-describedby=\"caption-attachment-1219\" class=\"size-full wp-image-1219\" alt=\"Na tzw &quot;Kanale Wojskowym&quot; kol. Marian Kot z\u0142owi\u0142 szczupaka o wadze 3,40 kg i 81 cm d\u0142ugo\u015bci\" src=\"http:\/\/pzw1.slonsk.pl\/wp-content\/uploads\/2013\/04\/foto-163.jpg\" width=\"500\" height=\"366\" srcset=\"https:\/\/pzw1.slonsk.pl\/wp-content\/uploads\/2013\/04\/foto-163.jpg 500w, https:\/\/pzw1.slonsk.pl\/wp-content\/uploads\/2013\/04\/foto-163-300x219.jpg 300w\" sizes=\"auto, (max-width: 500px) 100vw, 500px\" \/><\/a><p id=\"caption-attachment-1219\" class=\"wp-caption-text\">Na tzw &#8222;Kanale Wojskowym&#8221; kol. Marian Kot z\u0142owi\u0142 szczupaka o wadze 3,40 kg i 81 cm d\u0142ugo\u015bci<\/p><\/div>\n<div id=\"attachment_1220\" style=\"width: 510px\" class=\"wp-caption aligncenter\"><a href=\"http:\/\/pzw1.slonsk.pl\/wp-content\/uploads\/2013\/04\/foto-173.jpg\"><img loading=\"lazy\" decoding=\"async\" aria-describedby=\"caption-attachment-1220\" class=\"size-full wp-image-1220\" alt=\"Na tzw. &quot;Kanale Szerokim&quot; kol. Pawe\u0142 \u017bolik z\u0142owi\u0142 szczupaka o wadze 3,80 kg i 80 cm d\u0142ugo\u015bci\" src=\"http:\/\/pzw1.slonsk.pl\/wp-content\/uploads\/2013\/04\/foto-173.jpg\" width=\"500\" height=\"385\" srcset=\"https:\/\/pzw1.slonsk.pl\/wp-content\/uploads\/2013\/04\/foto-173.jpg 500w, https:\/\/pzw1.slonsk.pl\/wp-content\/uploads\/2013\/04\/foto-173-300x231.jpg 300w\" sizes=\"auto, (max-width: 500px) 100vw, 500px\" \/><\/a><p id=\"caption-attachment-1220\" class=\"wp-caption-text\">Na tzw. &#8222;Kanale Szerokim&#8221; kol. Pawe\u0142 \u017bolik z\u0142owi\u0142 szczupaka o wadze 3,80 kg i 80 cm d\u0142ugo\u015bci<\/p><\/div>\n<div id=\"attachment_1221\" style=\"width: 510px\" class=\"wp-caption aligncenter\"><a href=\"http:\/\/pzw1.slonsk.pl\/wp-content\/uploads\/2013\/04\/foto-182.jpg\"><img loading=\"lazy\" decoding=\"async\" aria-describedby=\"caption-attachment-1221\" class=\"size-full wp-image-1221\" alt=\"Na rzece Warcie kol. Leszek Gramsa z\u0142owi\u0142 szczupaka o wadze 4,5 kg i 82 cm d\u0142ugo\u015bci\" src=\"http:\/\/pzw1.slonsk.pl\/wp-content\/uploads\/2013\/04\/foto-182.jpg\" width=\"500\" height=\"378\" srcset=\"https:\/\/pzw1.slonsk.pl\/wp-content\/uploads\/2013\/04\/foto-182.jpg 500w, https:\/\/pzw1.slonsk.pl\/wp-content\/uploads\/2013\/04\/foto-182-300x226.jpg 300w\" sizes=\"auto, (max-width: 500px) 100vw, 500px\" \/><\/a><p id=\"caption-attachment-1221\" class=\"wp-caption-text\">Na rzece Warcie kol. Leszek Gramsa z\u0142owi\u0142 szczupaka o wadze 4,5 kg i 82 cm d\u0142ugo\u015bci<\/p><\/div>\n","protected":false},"excerpt":{"rendered":"","protected":false},"author":1,"featured_media":0,"parent":236,"menu_order":7,"comment_status":"closed","ping_status":"open","template":"","meta":{"footnotes":""},"class_list":["post-457","page","type-page","status-publish","hentry","post"],"_links":{"self":[{"href":"https:\/\/pzw1.slonsk.pl\/index.php?rest_route=\/wp\/v2\/pages\/457","targetHints":{"allow":["GET"]}}],"collection":[{"href":"https:\/\/pzw1.slonsk.pl\/index.php?rest_route=\/wp\/v2\/pages"}],"about":[{"href":"https:\/\/pzw1.slonsk.pl\/index.php?rest_route=\/wp\/v2\/types\/page"}],"author":[{"embeddable":true,"href":"https:\/\/pzw1.slonsk.pl\/index.php?rest_route=\/wp\/v2\/users\/1"}],"replies":[{"embeddable":true,"href":"https:\/\/pzw1.slonsk.pl\/index.php?rest_route=%2Fwp%2Fv2%2Fcomments&post=457"}],"version-history":[{"count":3,"href":"https:\/\/pzw1.slonsk.pl\/index.php?rest_route=\/wp\/v2\/pages\/457\/revisions"}],"predecessor-version":[{"id":1222,"href":"https:\/\/pzw1.slonsk.pl\/index.php?rest_route=\/wp\/v2\/pages\/457\/revisions\/1222"}],"up":[{"embeddable":true,"href":"https:\/\/pzw1.slonsk.pl\/index.php?rest_route=\/wp\/v2\/pages\/236"}],"wp:attachment":[{"href":"https:\/\/pzw1.slonsk.pl\/index.php?rest_route=%2Fwp%2Fv2%2Fmedia&parent=457"}],"curies":[{"name":"wp","href":"https:\/\/api.w.org\/{rel}","templated":true}]}}