{"id":455,"date":"2013-04-19T22:43:21","date_gmt":"2013-04-19T20:43:21","guid":{"rendered":"http:\/\/pzw1.slonsk.pl\/?page_id=455"},"modified":"2013-06-09T17:50:56","modified_gmt":"2013-06-09T15:50:56","slug":"duuuza-ryba-2009","status":"publish","type":"page","link":"https:\/\/pzw1.slonsk.pl\/?page_id=455","title":{"rendered":"Duuu\u017ca ryba 2009"},"content":{"rendered":"<div id=\"attachment_1200\" style=\"width: 510px\" class=\"wp-caption aligncenter\"><a href=\"http:\/\/pzw1.slonsk.pl\/wp-content\/uploads\/2013\/04\/foto-221.jpg\"><img loading=\"lazy\" decoding=\"async\" aria-describedby=\"caption-attachment-1200\" class=\"size-full wp-image-1200\" alt=\"Na rzece Postomii kol. Leszek Gramsa z\u0142owi\u0142 szczupaka o wadze 4,65 kg i 85 cm d\u0142ugo\u015bci\" src=\"http:\/\/pzw1.slonsk.pl\/wp-content\/uploads\/2013\/04\/foto-221.jpg\" width=\"500\" height=\"369\" srcset=\"https:\/\/pzw1.slonsk.pl\/wp-content\/uploads\/2013\/04\/foto-221.jpg 500w, https:\/\/pzw1.slonsk.pl\/wp-content\/uploads\/2013\/04\/foto-221-300x221.jpg 300w\" sizes=\"auto, (max-width: 500px) 100vw, 500px\" \/><\/a><p id=\"caption-attachment-1200\" class=\"wp-caption-text\">Na rzece Postomii kol. Leszek Gramsa z\u0142owi\u0142 szczupaka o wadze 4,65 kg i 85 cm d\u0142ugo\u015bci<\/p><\/div>\n<div id=\"attachment_1199\" style=\"width: 510px\" class=\"wp-caption aligncenter\"><a href=\"http:\/\/pzw1.slonsk.pl\/wp-content\/uploads\/2013\/04\/foto-211.jpg\"><img loading=\"lazy\" decoding=\"async\" aria-describedby=\"caption-attachment-1199\" class=\"size-full wp-image-1199\" alt=\"Na rzece Warcie kol. Franciszek Szawli\u0144ski z\u0142owi\u0142 suma o wadze 12,20 kg i 100 cm d\u0142ugo\u015bci\" src=\"http:\/\/pzw1.slonsk.pl\/wp-content\/uploads\/2013\/04\/foto-211.jpg\" width=\"500\" height=\"585\" srcset=\"https:\/\/pzw1.slonsk.pl\/wp-content\/uploads\/2013\/04\/foto-211.jpg 500w, https:\/\/pzw1.slonsk.pl\/wp-content\/uploads\/2013\/04\/foto-211-256x300.jpg 256w\" sizes=\"auto, (max-width: 500px) 100vw, 500px\" \/><\/a><p id=\"caption-attachment-1199\" class=\"wp-caption-text\">Na rzece Warcie kol. Franciszek Szawli\u0144ski z\u0142owi\u0142 suma o wadze 12,20 kg i 100 cm d\u0142ugo\u015bci<\/p><\/div>\n<div id=\"attachment_1198\" style=\"width: 510px\" class=\"wp-caption aligncenter\"><a href=\"http:\/\/pzw1.slonsk.pl\/wp-content\/uploads\/2013\/04\/foto-201.jpg\"><img loading=\"lazy\" decoding=\"async\" aria-describedby=\"caption-attachment-1198\" class=\"size-full wp-image-1198\" alt=\"Na rzece Warcie kol. Boles\u0142aw Szawli\u0144ski z\u0142owi\u0142 bolenia o wadze 4,10 kg\" src=\"http:\/\/pzw1.slonsk.pl\/wp-content\/uploads\/2013\/04\/foto-201.jpg\" width=\"500\" height=\"375\" srcset=\"https:\/\/pzw1.slonsk.pl\/wp-content\/uploads\/2013\/04\/foto-201.jpg 500w, https:\/\/pzw1.slonsk.pl\/wp-content\/uploads\/2013\/04\/foto-201-300x225.jpg 300w\" sizes=\"auto, (max-width: 500px) 100vw, 500px\" \/><\/a><p id=\"caption-attachment-1198\" class=\"wp-caption-text\">Na rzece Warcie kol. Boles\u0142aw Szawli\u0144ski z\u0142owi\u0142 bolenia o wadze 4,10 kg<\/p><\/div>\n<div id=\"attachment_1197\" style=\"width: 510px\" class=\"wp-caption aligncenter\"><a href=\"http:\/\/pzw1.slonsk.pl\/wp-content\/uploads\/2013\/04\/foto-191.jpg\"><img loading=\"lazy\" decoding=\"async\" aria-describedby=\"caption-attachment-1197\" class=\"size-full wp-image-1197\" alt=\"Na rzece Warcie kol. Zbigniew Polak z\u0142owi\u0142 leszcza o wadze 5,16 kg i 68 cm d\u0142ugo\u015bci\" src=\"http:\/\/pzw1.slonsk.pl\/wp-content\/uploads\/2013\/04\/foto-191.jpg\" width=\"500\" height=\"375\" srcset=\"https:\/\/pzw1.slonsk.pl\/wp-content\/uploads\/2013\/04\/foto-191.jpg 500w, https:\/\/pzw1.slonsk.pl\/wp-content\/uploads\/2013\/04\/foto-191-300x225.jpg 300w\" sizes=\"auto, (max-width: 500px) 100vw, 500px\" \/><\/a><p id=\"caption-attachment-1197\" class=\"wp-caption-text\">Na rzece Warcie kol. Zbigniew Polak z\u0142owi\u0142 leszcza o wadze 5,16 kg i 68 cm d\u0142ugo\u015bci<\/p><\/div>\n<div id=\"attachment_1196\" style=\"width: 510px\" class=\"wp-caption aligncenter\"><a href=\"http:\/\/pzw1.slonsk.pl\/wp-content\/uploads\/2013\/04\/foto-181.jpg\"><img loading=\"lazy\" decoding=\"async\" aria-describedby=\"caption-attachment-1196\" class=\"size-full wp-image-1196\" alt=\"Na rzece Warcie kol. Pawe\u0142 \u017bolik z\u0142owi\u0142 karpia o wadze 10,85 kg i 84 cm d\u0142ugo\u015bci\" src=\"http:\/\/pzw1.slonsk.pl\/wp-content\/uploads\/2013\/04\/foto-181.jpg\" width=\"500\" height=\"439\" srcset=\"https:\/\/pzw1.slonsk.pl\/wp-content\/uploads\/2013\/04\/foto-181.jpg 500w, https:\/\/pzw1.slonsk.pl\/wp-content\/uploads\/2013\/04\/foto-181-300x263.jpg 300w\" sizes=\"auto, (max-width: 500px) 100vw, 500px\" \/><\/a><p id=\"caption-attachment-1196\" class=\"wp-caption-text\">Na rzece Warcie kol. Pawe\u0142 \u017bolik z\u0142owi\u0142 karpia o wadze 10,85 kg i 84 cm d\u0142ugo\u015bci<\/p><\/div>\n<div id=\"attachment_1195\" style=\"width: 430px\" class=\"wp-caption aligncenter\"><a href=\"http:\/\/pzw1.slonsk.pl\/wp-content\/uploads\/2013\/04\/foto-172.jpg\"><img loading=\"lazy\" decoding=\"async\" aria-describedby=\"caption-attachment-1195\" class=\"size-full wp-image-1195\" alt=\"Na rzece Warcie kol. Franciszek Szawli\u0144ski z\u0142owi\u0142 suma o wadze 17 kg i 140 cm d\u0142ugo\u015bci\" src=\"http:\/\/pzw1.slonsk.pl\/wp-content\/uploads\/2013\/04\/foto-172.jpg\" width=\"420\" height=\"691\" srcset=\"https:\/\/pzw1.slonsk.pl\/wp-content\/uploads\/2013\/04\/foto-172.jpg 420w, https:\/\/pzw1.slonsk.pl\/wp-content\/uploads\/2013\/04\/foto-172-182x300.jpg 182w\" sizes=\"auto, (max-width: 420px) 100vw, 420px\" \/><\/a><p id=\"caption-attachment-1195\" class=\"wp-caption-text\">Na rzece Warcie kol. Franciszek Szawli\u0144ski z\u0142owi\u0142 suma o wadze 17 kg i 140 cm d\u0142ugo\u015bci<\/p><\/div>\n<div id=\"attachment_1194\" style=\"width: 510px\" class=\"wp-caption aligncenter\"><a href=\"http:\/\/pzw1.slonsk.pl\/wp-content\/uploads\/2013\/04\/foto-162.jpg\"><img loading=\"lazy\" decoding=\"async\" aria-describedby=\"caption-attachment-1194\" class=\"size-full wp-image-1194\" alt=\"Kol. Dariusz Kaczorowski z\u0142owi\u0142 karasia o wadze 1,5 kg i 42 cm d\u0142ugo\u015bci\" src=\"http:\/\/pzw1.slonsk.pl\/wp-content\/uploads\/2013\/04\/foto-162.jpg\" width=\"500\" height=\"487\" srcset=\"https:\/\/pzw1.slonsk.pl\/wp-content\/uploads\/2013\/04\/foto-162.jpg 500w, https:\/\/pzw1.slonsk.pl\/wp-content\/uploads\/2013\/04\/foto-162-300x292.jpg 300w\" sizes=\"auto, (max-width: 500px) 100vw, 500px\" \/><\/a><p id=\"caption-attachment-1194\" class=\"wp-caption-text\">Kol. Dariusz Kaczorowski z\u0142owi\u0142 karasia o wadze 1,5 kg i 42 cm d\u0142ugo\u015bci<\/p><\/div>\n<div id=\"attachment_1193\" style=\"width: 510px\" class=\"wp-caption aligncenter\"><a href=\"http:\/\/pzw1.slonsk.pl\/wp-content\/uploads\/2013\/04\/foto-152.jpg\"><img loading=\"lazy\" decoding=\"async\" aria-describedby=\"caption-attachment-1193\" class=\"size-full wp-image-1193\" alt=\"Na Jeziorze Radachowskim kol. Pawe\u0142 \u017bolik z\u0142owi\u0142 w\u0119gorza o wadze 1,25 kg i 83 cm d\u0142ugo\u015bci\" src=\"http:\/\/pzw1.slonsk.pl\/wp-content\/uploads\/2013\/04\/foto-152.jpg\" width=\"500\" height=\"391\" srcset=\"https:\/\/pzw1.slonsk.pl\/wp-content\/uploads\/2013\/04\/foto-152.jpg 500w, https:\/\/pzw1.slonsk.pl\/wp-content\/uploads\/2013\/04\/foto-152-300x234.jpg 300w\" sizes=\"auto, (max-width: 500px) 100vw, 500px\" \/><\/a><p id=\"caption-attachment-1193\" class=\"wp-caption-text\">Na Jeziorze Radachowskim kol. Pawe\u0142 \u017bolik z\u0142owi\u0142 w\u0119gorza o wadze 1,25 kg i 83 cm d\u0142ugo\u015bci<\/p><\/div>\n<div id=\"attachment_1192\" style=\"width: 510px\" class=\"wp-caption aligncenter\"><a href=\"http:\/\/pzw1.slonsk.pl\/wp-content\/uploads\/2013\/04\/foto-142.jpg\"><img loading=\"lazy\" decoding=\"async\" aria-describedby=\"caption-attachment-1192\" class=\"size-full wp-image-1192\" alt=\"Na rzece Warcie kol. Waldemar Szczotko z\u0142owi\u0142 suma o wadze 11,35 kg i 121 cm d\u0142ugo\u015bci.\" src=\"http:\/\/pzw1.slonsk.pl\/wp-content\/uploads\/2013\/04\/foto-142.jpg\" width=\"500\" height=\"364\" srcset=\"https:\/\/pzw1.slonsk.pl\/wp-content\/uploads\/2013\/04\/foto-142.jpg 500w, https:\/\/pzw1.slonsk.pl\/wp-content\/uploads\/2013\/04\/foto-142-300x218.jpg 300w\" sizes=\"auto, (max-width: 500px) 100vw, 500px\" \/><\/a><p id=\"caption-attachment-1192\" class=\"wp-caption-text\">Na rzece Warcie kol. Waldemar Szczotko z\u0142owi\u0142 suma o wadze 11,35 kg i 121 cm d\u0142ugo\u015bci.<\/p><\/div>\n<div id=\"attachment_1191\" style=\"width: 510px\" class=\"wp-caption aligncenter\"><a href=\"http:\/\/pzw1.slonsk.pl\/wp-content\/uploads\/2013\/04\/foto-132.jpg\"><img loading=\"lazy\" decoding=\"async\" aria-describedby=\"caption-attachment-1191\" class=\"size-full wp-image-1191\" alt=\"Na rzece Warcie kol. Piotr Miglujewicz z\u0142owi\u0142 karpia o wadze 20 kg i 87 cm d\u0142ugo\u015bci.\" src=\"http:\/\/pzw1.slonsk.pl\/wp-content\/uploads\/2013\/04\/foto-132.jpg\" width=\"500\" height=\"422\" srcset=\"https:\/\/pzw1.slonsk.pl\/wp-content\/uploads\/2013\/04\/foto-132.jpg 500w, https:\/\/pzw1.slonsk.pl\/wp-content\/uploads\/2013\/04\/foto-132-300x253.jpg 300w\" sizes=\"auto, (max-width: 500px) 100vw, 500px\" \/><\/a><p id=\"caption-attachment-1191\" class=\"wp-caption-text\">Na rzece Warcie kol. Piotr Miglujewicz z\u0142owi\u0142 karpia o wadze 20 kg i 87 cm d\u0142ugo\u015bci.<\/p><\/div>\n<div id=\"attachment_1190\" style=\"width: 510px\" class=\"wp-caption aligncenter\"><a href=\"http:\/\/pzw1.slonsk.pl\/wp-content\/uploads\/2013\/04\/foto-122.jpg\"><img loading=\"lazy\" decoding=\"async\" aria-describedby=\"caption-attachment-1190\" class=\"size-full wp-image-1190\" alt=\"Na rzece Postomii kol. Dariusz Sutryk z\u0142owi\u0142 leszcza o wadze 2,85 kg i 61 cm d\u0142ugo\u015bci\" src=\"http:\/\/pzw1.slonsk.pl\/wp-content\/uploads\/2013\/04\/foto-122.jpg\" width=\"500\" height=\"418\" srcset=\"https:\/\/pzw1.slonsk.pl\/wp-content\/uploads\/2013\/04\/foto-122.jpg 500w, https:\/\/pzw1.slonsk.pl\/wp-content\/uploads\/2013\/04\/foto-122-300x250.jpg 300w\" sizes=\"auto, (max-width: 500px) 100vw, 500px\" \/><\/a><p id=\"caption-attachment-1190\" class=\"wp-caption-text\">Na rzece Postomii kol. Dariusz Sutryk z\u0142owi\u0142 leszcza o wadze 2,85 kg i 61 cm d\u0142ugo\u015bci<\/p><\/div>\n<div id=\"attachment_1189\" style=\"width: 510px\" class=\"wp-caption aligncenter\"><a href=\"http:\/\/pzw1.slonsk.pl\/wp-content\/uploads\/2013\/04\/foto-113.jpg\"><img loading=\"lazy\" decoding=\"async\" aria-describedby=\"caption-attachment-1189\" class=\"size-full wp-image-1189\" alt=\"Na rzece Postomii kol. Dariusz Sutryk z\u0142owi\u0142 szczupaka o wadze 4 kg i 83 cm d\u0142ugo\u015bci\" src=\"http:\/\/pzw1.slonsk.pl\/wp-content\/uploads\/2013\/04\/foto-113.jpg\" width=\"500\" height=\"391\" srcset=\"https:\/\/pzw1.slonsk.pl\/wp-content\/uploads\/2013\/04\/foto-113.jpg 500w, https:\/\/pzw1.slonsk.pl\/wp-content\/uploads\/2013\/04\/foto-113-300x234.jpg 300w\" sizes=\"auto, (max-width: 500px) 100vw, 500px\" \/><\/a><p id=\"caption-attachment-1189\" class=\"wp-caption-text\">Na rzece Postomii kol. Dariusz Sutryk z\u0142owi\u0142 szczupaka o wadze 4 kg i 83 cm d\u0142ugo\u015bci<\/p><\/div>\n<div id=\"attachment_1188\" style=\"width: 510px\" class=\"wp-caption aligncenter\"><a href=\"http:\/\/pzw1.slonsk.pl\/wp-content\/uploads\/2013\/04\/foto-102.jpg\"><img loading=\"lazy\" decoding=\"async\" aria-describedby=\"caption-attachment-1188\" class=\"size-full wp-image-1188\" alt=\"Na rzece Postomii kol. Adam Pi\u0105tek z\u0142owi\u0142 leszcza o wadze 3 kg i 57 cm d\u0142ugo\u015bci\" src=\"http:\/\/pzw1.slonsk.pl\/wp-content\/uploads\/2013\/04\/foto-102.jpg\" width=\"500\" height=\"407\" srcset=\"https:\/\/pzw1.slonsk.pl\/wp-content\/uploads\/2013\/04\/foto-102.jpg 500w, https:\/\/pzw1.slonsk.pl\/wp-content\/uploads\/2013\/04\/foto-102-300x244.jpg 300w\" sizes=\"auto, (max-width: 500px) 100vw, 500px\" \/><\/a><p id=\"caption-attachment-1188\" class=\"wp-caption-text\">Na rzece Postomii kol. Adam Pi\u0105tek z\u0142owi\u0142 leszcza o wadze 3 kg i 57 cm d\u0142ugo\u015bci<\/p><\/div>\n<div id=\"attachment_1187\" style=\"width: 510px\" class=\"wp-caption aligncenter\"><a href=\"http:\/\/pzw1.slonsk.pl\/wp-content\/uploads\/2013\/04\/foto-92.jpg\"><img loading=\"lazy\" decoding=\"async\" aria-describedby=\"caption-attachment-1187\" class=\"size-full wp-image-1187\" alt=\"Na rzece Postomii kol. Micha\u0142 Jaworski z\u0142owi\u0142 szczupaka o wadze 6,70 kg i 99 cm d\u0142ugo\u015bci\" src=\"http:\/\/pzw1.slonsk.pl\/wp-content\/uploads\/2013\/04\/foto-92.jpg\" width=\"500\" height=\"375\" srcset=\"https:\/\/pzw1.slonsk.pl\/wp-content\/uploads\/2013\/04\/foto-92.jpg 500w, https:\/\/pzw1.slonsk.pl\/wp-content\/uploads\/2013\/04\/foto-92-300x225.jpg 300w\" sizes=\"auto, (max-width: 500px) 100vw, 500px\" \/><\/a><p id=\"caption-attachment-1187\" class=\"wp-caption-text\">Na rzece Postomii kol. Micha\u0142 Jaworski z\u0142owi\u0142 szczupaka o wadze 6,70 kg i 99 cm d\u0142ugo\u015bci<\/p><\/div>\n<div id=\"attachment_1186\" style=\"width: 510px\" class=\"wp-caption aligncenter\"><a href=\"http:\/\/pzw1.slonsk.pl\/wp-content\/uploads\/2013\/04\/foto-82.jpg\"><img loading=\"lazy\" decoding=\"async\" aria-describedby=\"caption-attachment-1186\" class=\"size-full wp-image-1186\" alt=\"Na Jeziorze Radachowskim kol. Stanis\u0142aw \u017bo\u0142y\u0144ski z\u0142owi\u0142 w\u0119gorza o wadze 1,45 kg i 75 cm d\u0142ugo\u015bci\" src=\"http:\/\/pzw1.slonsk.pl\/wp-content\/uploads\/2013\/04\/foto-82.jpg\" width=\"500\" height=\"465\" srcset=\"https:\/\/pzw1.slonsk.pl\/wp-content\/uploads\/2013\/04\/foto-82.jpg 500w, https:\/\/pzw1.slonsk.pl\/wp-content\/uploads\/2013\/04\/foto-82-300x279.jpg 300w\" sizes=\"auto, (max-width: 500px) 100vw, 500px\" \/><\/a><p id=\"caption-attachment-1186\" class=\"wp-caption-text\">Na Jeziorze Radachowskim kol. Stanis\u0142aw \u017bo\u0142y\u0144ski z\u0142owi\u0142 w\u0119gorza o wadze 1,45 kg i 75 cm d\u0142ugo\u015bci<\/p><\/div>\n<div id=\"attachment_1185\" style=\"width: 460px\" class=\"wp-caption aligncenter\"><a href=\"http:\/\/pzw1.slonsk.pl\/wp-content\/uploads\/2013\/04\/foto-72.jpg\"><img loading=\"lazy\" decoding=\"async\" aria-describedby=\"caption-attachment-1185\" class=\"size-full wp-image-1185\" alt=\"Na Kanale Szerokim kol. Leszek Gramsa z\u0142owi\u0142 leszcza o wadze 2,5 kg i 58 cm d\u0142ugo\u015bci\" src=\"http:\/\/pzw1.slonsk.pl\/wp-content\/uploads\/2013\/04\/foto-72.jpg\" width=\"450\" height=\"419\" srcset=\"https:\/\/pzw1.slonsk.pl\/wp-content\/uploads\/2013\/04\/foto-72.jpg 450w, https:\/\/pzw1.slonsk.pl\/wp-content\/uploads\/2013\/04\/foto-72-300x279.jpg 300w\" sizes=\"auto, (max-width: 450px) 100vw, 450px\" \/><\/a><p id=\"caption-attachment-1185\" class=\"wp-caption-text\">Na Kanale Szerokim kol. Leszek Gramsa z\u0142owi\u0142 leszcza o wadze 2,5 kg i 58 cm d\u0142ugo\u015bci<\/p><\/div>\n<div id=\"attachment_1184\" style=\"width: 510px\" class=\"wp-caption aligncenter\"><a href=\"http:\/\/pzw1.slonsk.pl\/wp-content\/uploads\/2013\/04\/foto-62.jpg\"><img loading=\"lazy\" decoding=\"async\" aria-describedby=\"caption-attachment-1184\" class=\"size-full wp-image-1184\" alt=\"Na Kanale Szerokim kol. Leszek Gramsa z\u0142owi\u0142 szczupaka o wadze 3,75 kg i 82 cm d\u0142ugo\u015bci\" src=\"http:\/\/pzw1.slonsk.pl\/wp-content\/uploads\/2013\/04\/foto-62.jpg\" width=\"500\" height=\"378\" srcset=\"https:\/\/pzw1.slonsk.pl\/wp-content\/uploads\/2013\/04\/foto-62.jpg 500w, https:\/\/pzw1.slonsk.pl\/wp-content\/uploads\/2013\/04\/foto-62-300x226.jpg 300w\" sizes=\"auto, (max-width: 500px) 100vw, 500px\" \/><\/a><p id=\"caption-attachment-1184\" class=\"wp-caption-text\">Na Kanale Szerokim kol. Leszek Gramsa z\u0142owi\u0142 szczupaka o wadze 3,75 kg i 82 cm d\u0142ugo\u015bci<\/p><\/div>\n<div id=\"attachment_1183\" style=\"width: 460px\" class=\"wp-caption aligncenter\"><a href=\"http:\/\/pzw1.slonsk.pl\/wp-content\/uploads\/2013\/04\/foto-52.jpg\"><img loading=\"lazy\" decoding=\"async\" aria-describedby=\"caption-attachment-1183\" class=\"size-full wp-image-1183\" alt=\"Na Kanale Szerokim kol. P.Piotrowski z\u0142owi\u0142 szczupaka o wadze 4,45 kg i 86 cm d\u0142ugo\u015bci.\" src=\"http:\/\/pzw1.slonsk.pl\/wp-content\/uploads\/2013\/04\/foto-52.jpg\" width=\"450\" height=\"611\" srcset=\"https:\/\/pzw1.slonsk.pl\/wp-content\/uploads\/2013\/04\/foto-52.jpg 450w, https:\/\/pzw1.slonsk.pl\/wp-content\/uploads\/2013\/04\/foto-52-220x300.jpg 220w\" sizes=\"auto, (max-width: 450px) 100vw, 450px\" \/><\/a><p id=\"caption-attachment-1183\" class=\"wp-caption-text\">Na Kanale Szerokim kol. P.Piotrowski z\u0142owi\u0142 szczupaka o wadze 4,45 kg i 86 cm d\u0142ugo\u015bci.<\/p><\/div>\n<div id=\"attachment_1182\" style=\"width: 510px\" class=\"wp-caption aligncenter\"><a href=\"http:\/\/pzw1.slonsk.pl\/wp-content\/uploads\/2013\/04\/foto-42.jpg\"><img loading=\"lazy\" decoding=\"async\" aria-describedby=\"caption-attachment-1182\" class=\"size-full wp-image-1182\" alt=\"Na rzece Warcie kol. Adam \u0141asi\u0144ski z\u0142owi\u0142 amura o wadze 12,04 kg i 100 cm d\u0142ugo\u015bci.\" src=\"http:\/\/pzw1.slonsk.pl\/wp-content\/uploads\/2013\/04\/foto-42.jpg\" width=\"500\" height=\"414\" srcset=\"https:\/\/pzw1.slonsk.pl\/wp-content\/uploads\/2013\/04\/foto-42.jpg 500w, https:\/\/pzw1.slonsk.pl\/wp-content\/uploads\/2013\/04\/foto-42-300x248.jpg 300w\" sizes=\"auto, (max-width: 500px) 100vw, 500px\" \/><\/a><p id=\"caption-attachment-1182\" class=\"wp-caption-text\">Na rzece Warcie kol. Adam \u0141asi\u0144ski z\u0142owi\u0142 amura o wadze 12,04 kg i 100 cm d\u0142ugo\u015bci.<\/p><\/div>\n<div id=\"attachment_1181\" style=\"width: 488px\" class=\"wp-caption aligncenter\"><a href=\"http:\/\/pzw1.slonsk.pl\/wp-content\/uploads\/2013\/04\/foto-32.jpg\"><img loading=\"lazy\" decoding=\"async\" aria-describedby=\"caption-attachment-1181\" class=\"size-full wp-image-1181\" alt=\"Na rzece Postomia kol. P. Piotrowski z\u0142owu\u0142 leszcza o wadze 3,45kg i 56 cm d\u0142ugo\u015bci\" src=\"http:\/\/pzw1.slonsk.pl\/wp-content\/uploads\/2013\/04\/foto-32.jpg\" width=\"478\" height=\"563\" srcset=\"https:\/\/pzw1.slonsk.pl\/wp-content\/uploads\/2013\/04\/foto-32.jpg 478w, https:\/\/pzw1.slonsk.pl\/wp-content\/uploads\/2013\/04\/foto-32-254x300.jpg 254w\" sizes=\"auto, (max-width: 478px) 100vw, 478px\" \/><\/a><p id=\"caption-attachment-1181\" class=\"wp-caption-text\">Na rzece Postomia kol. P. Piotrowski z\u0142owu\u0142 leszcza o wadze 3,45kg i 56 cm d\u0142ugo\u015bci<\/p><\/div>\n<div id=\"attachment_1180\" style=\"width: 510px\" class=\"wp-caption aligncenter\"><a href=\"http:\/\/pzw1.slonsk.pl\/wp-content\/uploads\/2013\/04\/foto-27.jpg\"><img loading=\"lazy\" decoding=\"async\" aria-describedby=\"caption-attachment-1180\" class=\"size-full wp-image-1180\" alt=\"Na Jeziorze G\u0142\u0119boczek kol. Dariusz Sutryk z\u0142owi\u0142 lina o wadze 3,04 kg i 59 cm d\u0142ugo\u015bci\" src=\"http:\/\/pzw1.slonsk.pl\/wp-content\/uploads\/2013\/04\/foto-27.jpg\" width=\"500\" height=\"434\" srcset=\"https:\/\/pzw1.slonsk.pl\/wp-content\/uploads\/2013\/04\/foto-27.jpg 500w, https:\/\/pzw1.slonsk.pl\/wp-content\/uploads\/2013\/04\/foto-27-300x260.jpg 300w\" sizes=\"auto, (max-width: 500px) 100vw, 500px\" \/><\/a><p id=\"caption-attachment-1180\" class=\"wp-caption-text\">Na Jeziorze G\u0142\u0119boczek kol. Dariusz Sutryk z\u0142owi\u0142 lina o wadze 3,04 kg i 59 cm d\u0142ugo\u015bci<\/p><\/div>\n<div id=\"attachment_1179\" style=\"width: 510px\" class=\"wp-caption aligncenter\"><a href=\"http:\/\/pzw1.slonsk.pl\/wp-content\/uploads\/2013\/04\/foto-112.jpg\"><img loading=\"lazy\" decoding=\"async\" aria-describedby=\"caption-attachment-1179\" class=\"size-full wp-image-1179\" alt=\"Na rzece Postomii kol. Dariusz Sutryk z\u0142owi\u0142 Bolenia o wadze 3,70 kg i 77cm d\u0142ugio\u015bci\" src=\"http:\/\/pzw1.slonsk.pl\/wp-content\/uploads\/2013\/04\/foto-112.jpg\" width=\"500\" height=\"375\" srcset=\"https:\/\/pzw1.slonsk.pl\/wp-content\/uploads\/2013\/04\/foto-112.jpg 500w, https:\/\/pzw1.slonsk.pl\/wp-content\/uploads\/2013\/04\/foto-112-300x225.jpg 300w\" sizes=\"auto, (max-width: 500px) 100vw, 500px\" \/><\/a><p id=\"caption-attachment-1179\" class=\"wp-caption-text\">Na rzece Postomii kol. Dariusz Sutryk z\u0142owi\u0142 Bolenia o wadze 3,70 kg i 77cm d\u0142ugio\u015bci<\/p><\/div>\n","protected":false},"excerpt":{"rendered":"","protected":false},"author":1,"featured_media":0,"parent":236,"menu_order":6,"comment_status":"closed","ping_status":"open","template":"","meta":{"footnotes":""},"class_list":["post-455","page","type-page","status-publish","hentry","post"],"_links":{"self":[{"href":"https:\/\/pzw1.slonsk.pl\/index.php?rest_route=\/wp\/v2\/pages\/455","targetHints":{"allow":["GET"]}}],"collection":[{"href":"https:\/\/pzw1.slonsk.pl\/index.php?rest_route=\/wp\/v2\/pages"}],"about":[{"href":"https:\/\/pzw1.slonsk.pl\/index.php?rest_route=\/wp\/v2\/types\/page"}],"author":[{"embeddable":true,"href":"https:\/\/pzw1.slonsk.pl\/index.php?rest_route=\/wp\/v2\/users\/1"}],"replies":[{"embeddable":true,"href":"https:\/\/pzw1.slonsk.pl\/index.php?rest_route=%2Fwp%2Fv2%2Fcomments&post=455"}],"version-history":[{"count":5,"href":"https:\/\/pzw1.slonsk.pl\/index.php?rest_route=\/wp\/v2\/pages\/455\/revisions"}],"predecessor-version":[{"id":1203,"href":"https:\/\/pzw1.slonsk.pl\/index.php?rest_route=\/wp\/v2\/pages\/455\/revisions\/1203"}],"up":[{"embeddable":true,"href":"https:\/\/pzw1.slonsk.pl\/index.php?rest_route=\/wp\/v2\/pages\/236"}],"wp:attachment":[{"href":"https:\/\/pzw1.slonsk.pl\/index.php?rest_route=%2Fwp%2Fv2%2Fmedia&parent=455"}],"curies":[{"name":"wp","href":"https:\/\/api.w.org\/{rel}","templated":true}]}}