{"id":453,"date":"2013-04-19T22:42:52","date_gmt":"2013-04-19T20:42:52","guid":{"rendered":"http:\/\/pzw1.slonsk.pl\/?page_id=453"},"modified":"2013-06-09T17:38:23","modified_gmt":"2013-06-09T15:38:23","slug":"duuuza-ryba-2010","status":"publish","type":"page","link":"https:\/\/pzw1.slonsk.pl\/?page_id=453","title":{"rendered":"Duuuza ryba 2010"},"content":{"rendered":"<div id=\"attachment_1176\" style=\"width: 510px\" class=\"wp-caption aligncenter\"><a href=\"http:\/\/pzw1.slonsk.pl\/wp-content\/uploads\/2013\/04\/sutryk-szc.jpg\"><img loading=\"lazy\" decoding=\"async\" aria-describedby=\"caption-attachment-1176\" class=\"size-full wp-image-1176\" alt=\"Na Kanale Szerokim kol. Jan Sutryk z\u0142owi\u0142 szczupaka o wadze 5,44kg i 88cm d\u0142.\" src=\"http:\/\/pzw1.slonsk.pl\/wp-content\/uploads\/2013\/04\/sutryk-szc.jpg\" width=\"500\" height=\"347\" srcset=\"https:\/\/pzw1.slonsk.pl\/wp-content\/uploads\/2013\/04\/sutryk-szc.jpg 500w, https:\/\/pzw1.slonsk.pl\/wp-content\/uploads\/2013\/04\/sutryk-szc-300x208.jpg 300w\" sizes=\"auto, (max-width: 500px) 100vw, 500px\" \/><\/a><p id=\"caption-attachment-1176\" class=\"wp-caption-text\">Na Kanale Szerokim kol. Jan Sutryk z\u0142owi\u0142 szczupaka o wadze 5,44kg i 88cm d\u0142.<\/p><\/div>\n<div id=\"attachment_1169\" style=\"width: 510px\" class=\"wp-caption aligncenter\"><a href=\"http:\/\/pzw1.slonsk.pl\/wp-content\/uploads\/2013\/04\/bulano.jpg\"><img loading=\"lazy\" decoding=\"async\" aria-describedby=\"caption-attachment-1169\" class=\"size-full wp-image-1169\" alt=\"Na Kanale Szerokim kol. Piotr Bulanowski z\u0142owi\u0142 szczupaka o wadze 4,60kg i 90cm d\u0142.\" src=\"http:\/\/pzw1.slonsk.pl\/wp-content\/uploads\/2013\/04\/bulano.jpg\" width=\"500\" height=\"457\" srcset=\"https:\/\/pzw1.slonsk.pl\/wp-content\/uploads\/2013\/04\/bulano.jpg 500w, https:\/\/pzw1.slonsk.pl\/wp-content\/uploads\/2013\/04\/bulano-300x274.jpg 300w\" sizes=\"auto, (max-width: 500px) 100vw, 500px\" \/><\/a><p id=\"caption-attachment-1169\" class=\"wp-caption-text\">Na Kanale Szerokim kol. Piotr Bulanowski z\u0142owi\u0142 szczupaka o wadze 4,60kg i 90cm d\u0142.<\/p><\/div>\n<div id=\"attachment_1170\" style=\"width: 510px\" class=\"wp-caption aligncenter\"><a href=\"http:\/\/pzw1.slonsk.pl\/wp-content\/uploads\/2013\/04\/graj.jpg\"><img loading=\"lazy\" decoding=\"async\" aria-describedby=\"caption-attachment-1170\" class=\"size-full wp-image-1170\" alt=\"Na Jeziorze Radachowskim kol. Patryk Grajewski z\u0142owi\u0142 w\u0119gorza o wadze 1,10kg i 80cm d\u0142.\" src=\"http:\/\/pzw1.slonsk.pl\/wp-content\/uploads\/2013\/04\/graj.jpg\" width=\"500\" height=\"465\" srcset=\"https:\/\/pzw1.slonsk.pl\/wp-content\/uploads\/2013\/04\/graj.jpg 500w, https:\/\/pzw1.slonsk.pl\/wp-content\/uploads\/2013\/04\/graj-300x279.jpg 300w\" sizes=\"auto, (max-width: 500px) 100vw, 500px\" \/><\/a><p id=\"caption-attachment-1170\" class=\"wp-caption-text\">Na Jeziorze Radachowskim kol. Patryk Grajewski z\u0142owi\u0142 w\u0119gorza o wadze 1,10kg i 80cm d\u0142.<\/p><\/div>\n<div id=\"attachment_1171\" style=\"width: 510px\" class=\"wp-caption aligncenter\"><a href=\"http:\/\/pzw1.slonsk.pl\/wp-content\/uploads\/2013\/04\/jawors.jpg\"><img loading=\"lazy\" decoding=\"async\" aria-describedby=\"caption-attachment-1171\" class=\"size-full wp-image-1171\" alt=\"Przy uj\u015bciu Kana\u0142u Szerokiego do Postomii kol. Micha\u0142 Jaworski z\u0142owi\u0142 szczupaka o wadze 3,05kg i 75cm d\u0142.\" src=\"http:\/\/pzw1.slonsk.pl\/wp-content\/uploads\/2013\/04\/jawors.jpg\" width=\"500\" height=\"375\" srcset=\"https:\/\/pzw1.slonsk.pl\/wp-content\/uploads\/2013\/04\/jawors.jpg 500w, https:\/\/pzw1.slonsk.pl\/wp-content\/uploads\/2013\/04\/jawors-300x225.jpg 300w\" sizes=\"auto, (max-width: 500px) 100vw, 500px\" \/><\/a><p id=\"caption-attachment-1171\" class=\"wp-caption-text\">Przy uj\u015bciu Kana\u0142u Szerokiego do Postomii kol. Micha\u0142 Jaworski z\u0142owi\u0142 szczupaka o wadze 3,05kg i 75cm d\u0142.<\/p><\/div>\n<div id=\"attachment_1172\" style=\"width: 510px\" class=\"wp-caption aligncenter\"><a href=\"http:\/\/pzw1.slonsk.pl\/wp-content\/uploads\/2013\/04\/kostrzw.jpg\"><img loading=\"lazy\" decoding=\"async\" aria-describedby=\"caption-attachment-1172\" class=\"size-full wp-image-1172\" alt=\"Na Jeziorze Radahowskim kol. Wies\u0142aw Kostrzewa z\u0142owi\u0142 okonia o wadze 0,80kg i 35cm d\u0142.\" src=\"http:\/\/pzw1.slonsk.pl\/wp-content\/uploads\/2013\/04\/kostrzw.jpg\" width=\"500\" height=\"483\" srcset=\"https:\/\/pzw1.slonsk.pl\/wp-content\/uploads\/2013\/04\/kostrzw.jpg 500w, https:\/\/pzw1.slonsk.pl\/wp-content\/uploads\/2013\/04\/kostrzw-300x289.jpg 300w\" sizes=\"auto, (max-width: 500px) 100vw, 500px\" \/><\/a><p id=\"caption-attachment-1172\" class=\"wp-caption-text\">Na Jeziorze Radahowskim kol. Wies\u0142aw Kostrzewa z\u0142owi\u0142 okonia o wadze 0,80kg i 35cm d\u0142.<\/p><\/div>\n<div id=\"attachment_1173\" style=\"width: 510px\" class=\"wp-caption aligncenter\"><a href=\"http:\/\/pzw1.slonsk.pl\/wp-content\/uploads\/2013\/04\/kostrzw-woj.jpg\"><img loading=\"lazy\" decoding=\"async\" aria-describedby=\"caption-attachment-1173\" class=\"size-full wp-image-1173\" alt=\"Na Jeziorze Radachowskim kol. Wojciech Kostrzewa z\u0142owi\u0142 szczupaka o wadze 5,20kg i 94cm d\u0142.\" src=\"http:\/\/pzw1.slonsk.pl\/wp-content\/uploads\/2013\/04\/kostrzw-woj.jpg\" width=\"500\" height=\"459\" srcset=\"https:\/\/pzw1.slonsk.pl\/wp-content\/uploads\/2013\/04\/kostrzw-woj.jpg 500w, https:\/\/pzw1.slonsk.pl\/wp-content\/uploads\/2013\/04\/kostrzw-woj-300x275.jpg 300w\" sizes=\"auto, (max-width: 500px) 100vw, 500px\" \/><\/a><p id=\"caption-attachment-1173\" class=\"wp-caption-text\">Na Jeziorze Radachowskim kol. Wojciech Kostrzewa z\u0142owi\u0142 szczupaka o wadze 5,20kg i 94cm d\u0142.<\/p><\/div>\n<div id=\"attachment_1174\" style=\"width: 510px\" class=\"wp-caption aligncenter\"><a href=\"http:\/\/pzw1.slonsk.pl\/wp-content\/uploads\/2013\/04\/piatek.jpg\"><img loading=\"lazy\" decoding=\"async\" aria-describedby=\"caption-attachment-1174\" class=\"size-full wp-image-1174\" alt=\"Na rzece Warcie kol. Adam Pi\u0105tek z\u0142owi\u0142 leszcza o wadze 2,90kg i 65cm d\u0142.\" src=\"http:\/\/pzw1.slonsk.pl\/wp-content\/uploads\/2013\/04\/piatek.jpg\" width=\"500\" height=\"413\" srcset=\"https:\/\/pzw1.slonsk.pl\/wp-content\/uploads\/2013\/04\/piatek.jpg 500w, https:\/\/pzw1.slonsk.pl\/wp-content\/uploads\/2013\/04\/piatek-300x247.jpg 300w\" sizes=\"auto, (max-width: 500px) 100vw, 500px\" \/><\/a><p id=\"caption-attachment-1174\" class=\"wp-caption-text\">Na rzece Warcie kol. Adam Pi\u0105tek z\u0142owi\u0142 leszcza o wadze 2,90kg i 65cm d\u0142.<\/p><\/div>\n<div id=\"attachment_1175\" style=\"width: 510px\" class=\"wp-caption aligncenter\"><a href=\"http:\/\/pzw1.slonsk.pl\/wp-content\/uploads\/2013\/04\/sutryk-lin.jpg\"><img loading=\"lazy\" decoding=\"async\" aria-describedby=\"caption-attachment-1175\" class=\"size-full wp-image-1175\" alt=\"Na Jeziorze G\u0142\u0119boczek kol. Jan Sutryk z\u0142owi\u0142 lina o wadze 3,20kg i 62 cm d\u0142.\" src=\"http:\/\/pzw1.slonsk.pl\/wp-content\/uploads\/2013\/04\/sutryk-lin.jpg\" width=\"500\" height=\"581\" srcset=\"https:\/\/pzw1.slonsk.pl\/wp-content\/uploads\/2013\/04\/sutryk-lin.jpg 500w, https:\/\/pzw1.slonsk.pl\/wp-content\/uploads\/2013\/04\/sutryk-lin-258x300.jpg 258w\" sizes=\"auto, (max-width: 500px) 100vw, 500px\" \/><\/a><p id=\"caption-attachment-1175\" class=\"wp-caption-text\">Na Jeziorze G\u0142\u0119boczek kol. Jan Sutryk z\u0142owi\u0142 lina o wadze 3,20kg i 62 cm d\u0142.<\/p><\/div>\n","protected":false},"excerpt":{"rendered":"","protected":false},"author":1,"featured_media":0,"parent":236,"menu_order":5,"comment_status":"closed","ping_status":"open","template":"","meta":{"footnotes":""},"class_list":["post-453","page","type-page","status-publish","hentry","post"],"_links":{"self":[{"href":"https:\/\/pzw1.slonsk.pl\/index.php?rest_route=\/wp\/v2\/pages\/453","targetHints":{"allow":["GET"]}}],"collection":[{"href":"https:\/\/pzw1.slonsk.pl\/index.php?rest_route=\/wp\/v2\/pages"}],"about":[{"href":"https:\/\/pzw1.slonsk.pl\/index.php?rest_route=\/wp\/v2\/types\/page"}],"author":[{"embeddable":true,"href":"https:\/\/pzw1.slonsk.pl\/index.php?rest_route=\/wp\/v2\/users\/1"}],"replies":[{"embeddable":true,"href":"https:\/\/pzw1.slonsk.pl\/index.php?rest_route=%2Fwp%2Fv2%2Fcomments&post=453"}],"version-history":[{"count":3,"href":"https:\/\/pzw1.slonsk.pl\/index.php?rest_route=\/wp\/v2\/pages\/453\/revisions"}],"predecessor-version":[{"id":1168,"href":"https:\/\/pzw1.slonsk.pl\/index.php?rest_route=\/wp\/v2\/pages\/453\/revisions\/1168"}],"up":[{"embeddable":true,"href":"https:\/\/pzw1.slonsk.pl\/index.php?rest_route=\/wp\/v2\/pages\/236"}],"wp:attachment":[{"href":"https:\/\/pzw1.slonsk.pl\/index.php?rest_route=%2Fwp%2Fv2%2Fmedia&parent=453"}],"curies":[{"name":"wp","href":"https:\/\/api.w.org\/{rel}","templated":true}]}}