{"id":447,"date":"2013-04-19T22:40:52","date_gmt":"2013-04-19T20:40:52","guid":{"rendered":"http:\/\/pzw1.slonsk.pl\/?page_id=447"},"modified":"2013-06-09T17:32:05","modified_gmt":"2013-06-09T15:32:05","slug":"duuuza-ryba-2012","status":"publish","type":"page","link":"https:\/\/pzw1.slonsk.pl\/?page_id=447","title":{"rendered":"Duuu\u017ca ryba 2012"},"content":{"rendered":"<div id=\"attachment_1132\" style=\"width: 360px\" class=\"wp-caption aligncenter\"><a href=\"http:\/\/pzw1.slonsk.pl\/wp-content\/uploads\/2013\/04\/2012-01.jpg\"><img loading=\"lazy\" decoding=\"async\" aria-describedby=\"caption-attachment-1132\" class=\"size-full wp-image-1132\" alt=\"Jeziorze prz Przepompowni kol. Adam Pi\u0105tek z\u0142owi\u0142 Karpia  kr\u00f3lewskiego o wadze 7,40 kg i d\u0142 77 cm\" src=\"http:\/\/pzw1.slonsk.pl\/wp-content\/uploads\/2013\/04\/2012-01.jpg\" width=\"350\" height=\"336\" srcset=\"https:\/\/pzw1.slonsk.pl\/wp-content\/uploads\/2013\/04\/2012-01.jpg 350w, https:\/\/pzw1.slonsk.pl\/wp-content\/uploads\/2013\/04\/2012-01-300x288.jpg 300w\" sizes=\"auto, (max-width: 350px) 100vw, 350px\" \/><\/a><p id=\"caption-attachment-1132\" class=\"wp-caption-text\">Jeziorze prz Przepompowni kol. Adam Pi\u0105tek z\u0142owi\u0142 Karpia kr\u00f3lewskiego o wadze 7,40 kg i d\u0142 77 cm<\/p><\/div>\n<div id=\"attachment_1146\" style=\"width: 360px\" class=\"wp-caption aligncenter\"><a href=\"http:\/\/pzw1.slonsk.pl\/wp-content\/uploads\/2013\/04\/2012-15.jpg\"><img loading=\"lazy\" decoding=\"async\" aria-describedby=\"caption-attachment-1146\" class=\"size-full wp-image-1146\" alt=\"Kanale Szerokim kol. Miros\u0142aw Olszacki z\u0142owi\u0142 \u0142ina o wadze 3,30 kg i d\u0142 56 cm\" src=\"http:\/\/pzw1.slonsk.pl\/wp-content\/uploads\/2013\/04\/2012-15.jpg\" width=\"350\" height=\"289\" srcset=\"https:\/\/pzw1.slonsk.pl\/wp-content\/uploads\/2013\/04\/2012-15.jpg 350w, https:\/\/pzw1.slonsk.pl\/wp-content\/uploads\/2013\/04\/2012-15-300x247.jpg 300w\" sizes=\"auto, (max-width: 350px) 100vw, 350px\" \/><\/a><p id=\"caption-attachment-1146\" class=\"wp-caption-text\">Kanale Szerokim kol. Miros\u0142aw Olszacki z\u0142owi\u0142 \u0142ina o wadze 3,30 kg i d\u0142 56 cm<\/p><\/div>\n<div id=\"attachment_1143\" style=\"width: 360px\" class=\"wp-caption aligncenter\"><a href=\"http:\/\/pzw1.slonsk.pl\/wp-content\/uploads\/2013\/04\/2012-12.jpg\"><img loading=\"lazy\" decoding=\"async\" aria-describedby=\"caption-attachment-1143\" class=\"size-full wp-image-1143\" alt=\"Na rzece Postomi przy Beton\u00f3wce kol.Marcin Ralko z\u0142owi\u0142 Bolenia o wadze 2,30 kg i d\u0142 54 cm\" src=\"http:\/\/pzw1.slonsk.pl\/wp-content\/uploads\/2013\/04\/2012-12.jpg\" width=\"350\" height=\"264\" srcset=\"https:\/\/pzw1.slonsk.pl\/wp-content\/uploads\/2013\/04\/2012-12.jpg 350w, https:\/\/pzw1.slonsk.pl\/wp-content\/uploads\/2013\/04\/2012-12-300x226.jpg 300w\" sizes=\"auto, (max-width: 350px) 100vw, 350px\" \/><\/a><p id=\"caption-attachment-1143\" class=\"wp-caption-text\">Na rzece Postomi przy Beton\u00f3wce kol.Marcin Ralko z\u0142owi\u0142 Bolenia o wadze 2,30 kg i d\u0142 54 cm<\/p><\/div>\n<div id=\"attachment_1133\" style=\"width: 360px\" class=\"wp-caption aligncenter\"><a href=\"http:\/\/pzw1.slonsk.pl\/wp-content\/uploads\/2013\/04\/2012-02.jpg\"><img loading=\"lazy\" decoding=\"async\" aria-describedby=\"caption-attachment-1133\" class=\"size-full wp-image-1133\" alt=\"Na Kanale Szerokim kol. Andrzej Chybalski z\u0142owi\u0142 Lina o wadze 2,60 kg i d\u0142 51 cm\" src=\"http:\/\/pzw1.slonsk.pl\/wp-content\/uploads\/2013\/04\/2012-02.jpg\" width=\"350\" height=\"351\" srcset=\"https:\/\/pzw1.slonsk.pl\/wp-content\/uploads\/2013\/04\/2012-02.jpg 350w, https:\/\/pzw1.slonsk.pl\/wp-content\/uploads\/2013\/04\/2012-02-150x150.jpg 150w, https:\/\/pzw1.slonsk.pl\/wp-content\/uploads\/2013\/04\/2012-02-300x300.jpg 300w\" sizes=\"auto, (max-width: 350px) 100vw, 350px\" \/><\/a><p id=\"caption-attachment-1133\" class=\"wp-caption-text\">Na Kanale Szerokim kol. Andrzej Chybalski z\u0142owi\u0142 Lina o wadze 2,60 kg i d\u0142 51 cm<\/p><\/div>\n<div id=\"attachment_1148\" style=\"width: 360px\" class=\"wp-caption aligncenter\"><a href=\"http:\/\/pzw1.slonsk.pl\/wp-content\/uploads\/2013\/04\/b\u0142aszczyk.jpg\"><img loading=\"lazy\" decoding=\"async\" aria-describedby=\"caption-attachment-1148\" class=\"size-full wp-image-1148\" alt=\"Na Kanale Szerokim kol. Robert B\u0142aszczyk z\u0142owi\u0142 |Leszcza o wadze 2,90 kg i d\u0142 61 cm\" src=\"http:\/\/pzw1.slonsk.pl\/wp-content\/uploads\/2013\/04\/b\u0142aszczyk.jpg\" width=\"350\" height=\"313\" srcset=\"https:\/\/pzw1.slonsk.pl\/wp-content\/uploads\/2013\/04\/b\u0142aszczyk.jpg 350w, https:\/\/pzw1.slonsk.pl\/wp-content\/uploads\/2013\/04\/b\u0142aszczyk-300x268.jpg 300w\" sizes=\"auto, (max-width: 350px) 100vw, 350px\" \/><\/a><p id=\"caption-attachment-1148\" class=\"wp-caption-text\">Na Kanale Szerokim kol. Robert B\u0142aszczyk z\u0142owi\u0142 |Leszcza o wadze 2,90 kg i d\u0142 61 cm<\/p><\/div>\n<div id=\"attachment_1157\" style=\"width: 360px\" class=\"wp-caption aligncenter\"><a href=\"http:\/\/pzw1.slonsk.pl\/wp-content\/uploads\/2013\/04\/szawlinski.jpg\"><img loading=\"lazy\" decoding=\"async\" aria-describedby=\"caption-attachment-1157\" class=\"size-full wp-image-1157\" alt=\"Na rzece Postomi kol. Boles\u0142aw Szawli\u0144ski z\u0142owi\u0142 Okonia o wadze 1,20 kg i d\u0142 43 cm\" src=\"http:\/\/pzw1.slonsk.pl\/wp-content\/uploads\/2013\/04\/szawlinski.jpg\" width=\"350\" height=\"297\" srcset=\"https:\/\/pzw1.slonsk.pl\/wp-content\/uploads\/2013\/04\/szawlinski.jpg 350w, https:\/\/pzw1.slonsk.pl\/wp-content\/uploads\/2013\/04\/szawlinski-300x254.jpg 300w\" sizes=\"auto, (max-width: 350px) 100vw, 350px\" \/><\/a><p id=\"caption-attachment-1157\" class=\"wp-caption-text\">Na rzece Postomi kol. Boles\u0142aw Szawli\u0144ski z\u0142owi\u0142 Okonia o wadze 1,20 kg i d\u0142 43 cm<\/p><\/div>\n<div id=\"attachment_1151\" style=\"width: 360px\" class=\"wp-caption aligncenter\"><a href=\"http:\/\/pzw1.slonsk.pl\/wp-content\/uploads\/2013\/04\/jaworski-micha\u0142.jpg\"><img loading=\"lazy\" decoding=\"async\" aria-describedby=\"caption-attachment-1151\" class=\"size-full wp-image-1151\" alt=\"Na rzece Postomi kol. Micha\u0142 Jaworski z\u0142owi\u0142 Szczupaka o wadze 4,35 kg i d\u0142 79 cm\" src=\"http:\/\/pzw1.slonsk.pl\/wp-content\/uploads\/2013\/04\/jaworski-micha\u0142.jpg\" width=\"350\" height=\"251\" srcset=\"https:\/\/pzw1.slonsk.pl\/wp-content\/uploads\/2013\/04\/jaworski-micha\u0142.jpg 350w, https:\/\/pzw1.slonsk.pl\/wp-content\/uploads\/2013\/04\/jaworski-micha\u0142-300x215.jpg 300w\" sizes=\"auto, (max-width: 350px) 100vw, 350px\" \/><\/a><p id=\"caption-attachment-1151\" class=\"wp-caption-text\">Na rzece Postomi kol. Micha\u0142 Jaworski z\u0142owi\u0142 Szczupaka o wadze 4,35 kg i d\u0142 79 cm<\/p><\/div>\n<div id=\"attachment_1154\" style=\"width: 360px\" class=\"wp-caption aligncenter\"><a href=\"http:\/\/pzw1.slonsk.pl\/wp-content\/uploads\/2013\/04\/\u0142agodzicz-tomek.jpg\"><img loading=\"lazy\" decoding=\"async\" aria-describedby=\"caption-attachment-1154\" class=\"size-full wp-image-1154\" alt=\"Na rzece Postomi kol. Tomasz \u0141agodzicz z\u0142owi\u0142 Okonia o wadze 1,10 kg d\u0142 42 cm\" src=\"http:\/\/pzw1.slonsk.pl\/wp-content\/uploads\/2013\/04\/\u0142agodzicz-tomek.jpg\" width=\"350\" height=\"258\" srcset=\"https:\/\/pzw1.slonsk.pl\/wp-content\/uploads\/2013\/04\/\u0142agodzicz-tomek.jpg 350w, https:\/\/pzw1.slonsk.pl\/wp-content\/uploads\/2013\/04\/\u0142agodzicz-tomek-300x221.jpg 300w\" sizes=\"auto, (max-width: 350px) 100vw, 350px\" \/><\/a><p id=\"caption-attachment-1154\" class=\"wp-caption-text\">Na rzece Postomi kol. Tomasz \u0141agodzicz z\u0142owi\u0142 Okonia o wadze 1,10 kg d\u0142 42 cm<\/p><\/div>\n<div id=\"attachment_1153\" style=\"width: 360px\" class=\"wp-caption aligncenter\"><a href=\"http:\/\/pzw1.slonsk.pl\/wp-content\/uploads\/2013\/04\/lasinski.jpg\"><img loading=\"lazy\" decoding=\"async\" aria-describedby=\"caption-attachment-1153\" class=\"size-full wp-image-1153\" alt=\"Na rzece Postomi kol. Marek \u0141asi\u0144ski z\u0142owi\u0142 Szczupaka o wadze 3,20 kg i d\u0142 73 cm\" src=\"http:\/\/pzw1.slonsk.pl\/wp-content\/uploads\/2013\/04\/lasinski.jpg\" width=\"350\" height=\"335\" srcset=\"https:\/\/pzw1.slonsk.pl\/wp-content\/uploads\/2013\/04\/lasinski.jpg 350w, https:\/\/pzw1.slonsk.pl\/wp-content\/uploads\/2013\/04\/lasinski-300x287.jpg 300w\" sizes=\"auto, (max-width: 350px) 100vw, 350px\" \/><\/a><p id=\"caption-attachment-1153\" class=\"wp-caption-text\">Na rzece Postomi kol. Marek \u0141asi\u0144ski z\u0142owi\u0142 Szczupaka o wadze 3,20 kg i d\u0142 73 cm<\/p><\/div>\n<div id=\"attachment_1134\" style=\"width: 360px\" class=\"wp-caption aligncenter\"><a href=\"http:\/\/pzw1.slonsk.pl\/wp-content\/uploads\/2013\/04\/2012-03.jpg\"><img loading=\"lazy\" decoding=\"async\" aria-describedby=\"caption-attachment-1134\" class=\"size-full wp-image-1134\" alt=\"Na Jeziorze Kiszki kol. Wies\u0142awa Czerwi\u0144ska z\u0142owi\u0142a Leszcza o wadze 2,84 kg i d\u0142 56 cm\" src=\"http:\/\/pzw1.slonsk.pl\/wp-content\/uploads\/2013\/04\/2012-03.jpg\" width=\"350\" height=\"289\" srcset=\"https:\/\/pzw1.slonsk.pl\/wp-content\/uploads\/2013\/04\/2012-03.jpg 350w, https:\/\/pzw1.slonsk.pl\/wp-content\/uploads\/2013\/04\/2012-03-300x247.jpg 300w\" sizes=\"auto, (max-width: 350px) 100vw, 350px\" \/><\/a><p id=\"caption-attachment-1134\" class=\"wp-caption-text\">Na Jeziorze Kiszki kol. Wies\u0142awa Czerwi\u0144ska z\u0142owi\u0142a Leszcza o wadze 2,84 kg i d\u0142 56 cm<\/p><\/div>\n<div id=\"attachment_1140\" style=\"width: 360px\" class=\"wp-caption aligncenter\"><a href=\"http:\/\/pzw1.slonsk.pl\/wp-content\/uploads\/2013\/04\/2012-09.jpg\"><img loading=\"lazy\" decoding=\"async\" aria-describedby=\"caption-attachment-1140\" class=\"size-full wp-image-1140\" alt=\"Na rzece Postomi kol. Marek Krupa z\u0142owi\u0142 dwa Szczupaki o wadze 7,60 kg i d\u0142  97 cm 6,20 kg i d\u0142 90 cm\" src=\"http:\/\/pzw1.slonsk.pl\/wp-content\/uploads\/2013\/04\/2012-09.jpg\" width=\"350\" height=\"261\" srcset=\"https:\/\/pzw1.slonsk.pl\/wp-content\/uploads\/2013\/04\/2012-09.jpg 350w, https:\/\/pzw1.slonsk.pl\/wp-content\/uploads\/2013\/04\/2012-09-300x223.jpg 300w\" sizes=\"auto, (max-width: 350px) 100vw, 350px\" \/><\/a><p id=\"caption-attachment-1140\" class=\"wp-caption-text\">Na rzece Postomi kol. Marek Krupa z\u0142owi\u0142 dwa Szczupaki o wadze 7,60 kg i d\u0142 97 cm 6,20 kg i d\u0142 90 cm<\/p><\/div>\n<div id=\"attachment_1141\" style=\"width: 360px\" class=\"wp-caption aligncenter\"><a href=\"http:\/\/pzw1.slonsk.pl\/wp-content\/uploads\/2013\/04\/2012-10.jpg\"><img loading=\"lazy\" decoding=\"async\" aria-describedby=\"caption-attachment-1141\" class=\"size-full wp-image-1141\" alt=\"Na rzece Postomi kol. Leszek Gramsa z\u0142owi\u0142 Szczupaka o wadze 4,20 kg i d\u0142 84,5 cm\" src=\"http:\/\/pzw1.slonsk.pl\/wp-content\/uploads\/2013\/04\/2012-10.jpg\" width=\"350\" height=\"259\" srcset=\"https:\/\/pzw1.slonsk.pl\/wp-content\/uploads\/2013\/04\/2012-10.jpg 350w, https:\/\/pzw1.slonsk.pl\/wp-content\/uploads\/2013\/04\/2012-10-300x222.jpg 300w\" sizes=\"auto, (max-width: 350px) 100vw, 350px\" \/><\/a><p id=\"caption-attachment-1141\" class=\"wp-caption-text\">Na rzece Postomi kol. Leszek Gramsa z\u0142owi\u0142 Szczupaka o wadze 4,20 kg i d\u0142 84,5 cm<\/p><\/div>\n<div id=\"attachment_1144\" style=\"width: 360px\" class=\"wp-caption aligncenter\"><a href=\"http:\/\/pzw1.slonsk.pl\/wp-content\/uploads\/2013\/04\/2012-13.jpg\"><img loading=\"lazy\" decoding=\"async\" aria-describedby=\"caption-attachment-1144\" class=\"size-full wp-image-1144\" alt=\"Na Kanale Szerokim kol. Mariusz Wojnarowski z\u0142owi\u0142 Leszcza o wadze 3.00 kg\" src=\"http:\/\/pzw1.slonsk.pl\/wp-content\/uploads\/2013\/04\/2012-13.jpg\" width=\"350\" height=\"306\" srcset=\"https:\/\/pzw1.slonsk.pl\/wp-content\/uploads\/2013\/04\/2012-13.jpg 350w, https:\/\/pzw1.slonsk.pl\/wp-content\/uploads\/2013\/04\/2012-13-300x262.jpg 300w\" sizes=\"auto, (max-width: 350px) 100vw, 350px\" \/><\/a><p id=\"caption-attachment-1144\" class=\"wp-caption-text\">Na Kanale Szerokim kol. Mariusz Wojnarowski z\u0142owi\u0142 Leszcza o wadze 3.00 kg<\/p><\/div>\n<div id=\"attachment_1142\" style=\"width: 360px\" class=\"wp-caption aligncenter\"><a href=\"http:\/\/pzw1.slonsk.pl\/wp-content\/uploads\/2013\/04\/2012-11.jpg\"><img loading=\"lazy\" decoding=\"async\" aria-describedby=\"caption-attachment-1142\" class=\"size-full wp-image-1142\" alt=\"Na Kanale Szerokim kol.Marcin Radecki z\u0142owi\u0142 Leszcza o wadze 3,10 kg i d\u0142 64 cm\" src=\"http:\/\/pzw1.slonsk.pl\/wp-content\/uploads\/2013\/04\/2012-11.jpg\" width=\"350\" height=\"378\" srcset=\"https:\/\/pzw1.slonsk.pl\/wp-content\/uploads\/2013\/04\/2012-11.jpg 350w, https:\/\/pzw1.slonsk.pl\/wp-content\/uploads\/2013\/04\/2012-11-277x300.jpg 277w\" sizes=\"auto, (max-width: 350px) 100vw, 350px\" \/><\/a><p id=\"caption-attachment-1142\" class=\"wp-caption-text\">Na Kanale Szerokim kol.Marcin Radecki z\u0142owi\u0142 Leszcza o wadze 3,10 kg i d\u0142 64 cm<\/p><\/div>\n<div id=\"attachment_1149\" style=\"width: 360px\" class=\"wp-caption aligncenter\"><a href=\"http:\/\/pzw1.slonsk.pl\/wp-content\/uploads\/2013\/04\/czerwinski-1.jpg\"><img loading=\"lazy\" decoding=\"async\" aria-describedby=\"caption-attachment-1149\" class=\"size-full wp-image-1149\" alt=\"Na Jeziorze Kiszki kol. J\u00f3zef Czerwi\u0144ski z\u0142owi\u0142 Lina o wadze 2,51 kg i d\u0142 53 cm\" src=\"http:\/\/pzw1.slonsk.pl\/wp-content\/uploads\/2013\/04\/czerwinski-1.jpg\" width=\"350\" height=\"258\" srcset=\"https:\/\/pzw1.slonsk.pl\/wp-content\/uploads\/2013\/04\/czerwinski-1.jpg 350w, https:\/\/pzw1.slonsk.pl\/wp-content\/uploads\/2013\/04\/czerwinski-1-300x221.jpg 300w\" sizes=\"auto, (max-width: 350px) 100vw, 350px\" \/><\/a><p id=\"caption-attachment-1149\" class=\"wp-caption-text\">Na Jeziorze Kiszki kol. J\u00f3zef Czerwi\u0144ski z\u0142owi\u0142 Lina o wadze 2,51 kg i d\u0142 53 cm<\/p><\/div>\n<div id=\"attachment_1150\" style=\"width: 360px\" class=\"wp-caption aligncenter\"><a href=\"http:\/\/pzw1.slonsk.pl\/wp-content\/uploads\/2013\/04\/czerwinski-2.jpg\"><img loading=\"lazy\" decoding=\"async\" aria-describedby=\"caption-attachment-1150\" class=\"size-full wp-image-1150\" alt=\"Na Jeziorze Kiszki kol. J\u00f3zef Czerwi\u0144ski z\u0142owi\u0142 Leszcza o wadze 2,52 kg i d\u0142 55 cm\" src=\"http:\/\/pzw1.slonsk.pl\/wp-content\/uploads\/2013\/04\/czerwinski-2.jpg\" width=\"350\" height=\"283\" srcset=\"https:\/\/pzw1.slonsk.pl\/wp-content\/uploads\/2013\/04\/czerwinski-2.jpg 350w, https:\/\/pzw1.slonsk.pl\/wp-content\/uploads\/2013\/04\/czerwinski-2-300x242.jpg 300w\" sizes=\"auto, (max-width: 350px) 100vw, 350px\" \/><\/a><p id=\"caption-attachment-1150\" class=\"wp-caption-text\">Na Jeziorze Kiszki kol. J\u00f3zef Czerwi\u0144ski z\u0142owi\u0142 Leszcza o wadze 2,52 kg i d\u0142 55 cm<\/p><\/div>\n<div id=\"attachment_1138\" style=\"width: 360px\" class=\"wp-caption aligncenter\"><a href=\"http:\/\/pzw1.slonsk.pl\/wp-content\/uploads\/2013\/04\/2012-07.jpg\"><img loading=\"lazy\" decoding=\"async\" aria-describedby=\"caption-attachment-1138\" class=\"size-full wp-image-1138\" alt=\"Na Kanale Szerokim kol. Janina Szwaluk z\u0142owi\u0142a Leszcza o wadze 3,20 kg i d\u0142 60 cm\" src=\"http:\/\/pzw1.slonsk.pl\/wp-content\/uploads\/2013\/04\/2012-07.jpg\" width=\"350\" height=\"363\" srcset=\"https:\/\/pzw1.slonsk.pl\/wp-content\/uploads\/2013\/04\/2012-07.jpg 350w, https:\/\/pzw1.slonsk.pl\/wp-content\/uploads\/2013\/04\/2012-07-289x300.jpg 289w\" sizes=\"auto, (max-width: 350px) 100vw, 350px\" \/><\/a><p id=\"caption-attachment-1138\" class=\"wp-caption-text\">Na Kanale Szerokim kol. Janina Szwaluk z\u0142owi\u0142a Leszcza o wadze 3,20 kg i d\u0142 60 cm<\/p><\/div>\n<div id=\"attachment_1137\" style=\"width: 360px\" class=\"wp-caption aligncenter\"><a href=\"http:\/\/pzw1.slonsk.pl\/wp-content\/uploads\/2013\/04\/2012-06.jpg\"><img loading=\"lazy\" decoding=\"async\" aria-describedby=\"caption-attachment-1137\" class=\"size-full wp-image-1137\" alt=\"Na Kanale Szerokim kol. Henryk Szwaluk z\u0142owi\u0142 Lina o wadze #,68 kg i d\u0142 65 cm\" src=\"http:\/\/pzw1.slonsk.pl\/wp-content\/uploads\/2013\/04\/2012-06.jpg\" width=\"350\" height=\"355\" srcset=\"https:\/\/pzw1.slonsk.pl\/wp-content\/uploads\/2013\/04\/2012-06.jpg 350w, https:\/\/pzw1.slonsk.pl\/wp-content\/uploads\/2013\/04\/2012-06-295x300.jpg 295w\" sizes=\"auto, (max-width: 350px) 100vw, 350px\" \/><\/a><p id=\"caption-attachment-1137\" class=\"wp-caption-text\">Na Kanale Szerokim kol. Henryk Szwaluk z\u0142owi\u0142 Lina o wadze #,68 kg i d\u0142 65 cm<\/p><\/div>\n<div id=\"attachment_1145\" style=\"width: 360px\" class=\"wp-caption aligncenter\"><a href=\"http:\/\/pzw1.slonsk.pl\/wp-content\/uploads\/2013\/04\/2012-14.jpg\"><img loading=\"lazy\" decoding=\"async\" aria-describedby=\"caption-attachment-1145\" class=\"size-full wp-image-1145\" alt=\"Na Kanale Szerokim kol. Mariusz Wojnarowski z\u0142owi\u0142 Leszcza o wadze 4,10 kg\" src=\"http:\/\/pzw1.slonsk.pl\/wp-content\/uploads\/2013\/04\/2012-14.jpg\" width=\"350\" height=\"349\" srcset=\"https:\/\/pzw1.slonsk.pl\/wp-content\/uploads\/2013\/04\/2012-14.jpg 350w, https:\/\/pzw1.slonsk.pl\/wp-content\/uploads\/2013\/04\/2012-14-150x150.jpg 150w, https:\/\/pzw1.slonsk.pl\/wp-content\/uploads\/2013\/04\/2012-14-300x300.jpg 300w\" sizes=\"auto, (max-width: 350px) 100vw, 350px\" \/><\/a><p id=\"caption-attachment-1145\" class=\"wp-caption-text\">Na Kanale Szerokim kol. Mariusz Wojnarowski z\u0142owi\u0142 Leszcza o wadze 4,10 kg<\/p><\/div>\n<div id=\"attachment_1135\" style=\"width: 360px\" class=\"wp-caption aligncenter\"><a href=\"http:\/\/pzw1.slonsk.pl\/wp-content\/uploads\/2013\/04\/2012-04.jpg\"><img loading=\"lazy\" decoding=\"async\" aria-describedby=\"caption-attachment-1135\" class=\"size-full wp-image-1135\" alt=\"Na rzece Postomi przy Betonce kol. Daniel Kruszelnicki z\u0142owi\u0142 Lina o wadze 2,70 kg i d\u0142 58 cm\" src=\"http:\/\/pzw1.slonsk.pl\/wp-content\/uploads\/2013\/04\/2012-04.jpg\" width=\"350\" height=\"277\" srcset=\"https:\/\/pzw1.slonsk.pl\/wp-content\/uploads\/2013\/04\/2012-04.jpg 350w, https:\/\/pzw1.slonsk.pl\/wp-content\/uploads\/2013\/04\/2012-04-300x237.jpg 300w\" sizes=\"auto, (max-width: 350px) 100vw, 350px\" \/><\/a><p id=\"caption-attachment-1135\" class=\"wp-caption-text\">Na rzece Postomi przy Betonce kol. Daniel Kruszelnicki z\u0142owi\u0142 Lina o wadze 2,70 kg i d\u0142 58 cm<\/p><\/div>\n<div id=\"attachment_1139\" style=\"width: 360px\" class=\"wp-caption aligncenter\"><a href=\"http:\/\/pzw1.slonsk.pl\/wp-content\/uploads\/2013\/04\/2012-08.jpg\"><img loading=\"lazy\" decoding=\"async\" aria-describedby=\"caption-attachment-1139\" class=\"size-full wp-image-1139\" alt=\"Na Jeziorze Radachowskim kol. Jerzy Kowalczyk z\u0142owi\u0142 Sandacza o wadze 3,80 kg i d\u0142 79 cm\" src=\"http:\/\/pzw1.slonsk.pl\/wp-content\/uploads\/2013\/04\/2012-08.jpg\" width=\"350\" height=\"255\" srcset=\"https:\/\/pzw1.slonsk.pl\/wp-content\/uploads\/2013\/04\/2012-08.jpg 350w, https:\/\/pzw1.slonsk.pl\/wp-content\/uploads\/2013\/04\/2012-08-300x218.jpg 300w\" sizes=\"auto, (max-width: 350px) 100vw, 350px\" \/><\/a><p id=\"caption-attachment-1139\" class=\"wp-caption-text\">Na Jeziorze Radachowskim kol. Jerzy Kowalczyk z\u0142owi\u0142 Sandacza o wadze 3,80 kg i d\u0142 79 cm<\/p><\/div>\n<div id=\"attachment_1136\" style=\"width: 360px\" class=\"wp-caption aligncenter\"><a href=\"http:\/\/pzw1.slonsk.pl\/wp-content\/uploads\/2013\/04\/2012-05.jpg\"><img loading=\"lazy\" decoding=\"async\" aria-describedby=\"caption-attachment-1136\" class=\"size-full wp-image-1136\" alt=\"Na rzece Postomi przy Betonce kol. Daniel Kruszelnicki z\u0142owi\u0142 Karpia sazana o wadze 5,50 kg i d\u0142 65 cm\" src=\"http:\/\/pzw1.slonsk.pl\/wp-content\/uploads\/2013\/04\/2012-05.jpg\" width=\"350\" height=\"228\" srcset=\"https:\/\/pzw1.slonsk.pl\/wp-content\/uploads\/2013\/04\/2012-05.jpg 350w, https:\/\/pzw1.slonsk.pl\/wp-content\/uploads\/2013\/04\/2012-05-300x195.jpg 300w\" sizes=\"auto, (max-width: 350px) 100vw, 350px\" \/><\/a><p id=\"caption-attachment-1136\" class=\"wp-caption-text\">Na rzece Postomi przy Betonce kol. Daniel Kruszelnicki z\u0142owi\u0142 Karpia sazana o wadze 5,50 kg i d\u0142 65 cm<\/p><\/div>\n<div id=\"attachment_1147\" style=\"width: 360px\" class=\"wp-caption aligncenter\"><a href=\"http:\/\/pzw1.slonsk.pl\/wp-content\/uploads\/2013\/04\/2012-16.jpg\"><img loading=\"lazy\" decoding=\"async\" aria-describedby=\"caption-attachment-1147\" class=\"size-full wp-image-1147\" alt=\"Na rzece Postomi przy Betonce kol. Marcin Olszewski z\u0142owi\u0142 dwa leszcze o wadze 2,70 kg i d\u0142 62 cm 2,50 kg i d\u0142 58 cm\" src=\"http:\/\/pzw1.slonsk.pl\/wp-content\/uploads\/2013\/04\/2012-16.jpg\" width=\"350\" height=\"368\" srcset=\"https:\/\/pzw1.slonsk.pl\/wp-content\/uploads\/2013\/04\/2012-16.jpg 350w, https:\/\/pzw1.slonsk.pl\/wp-content\/uploads\/2013\/04\/2012-16-285x300.jpg 285w\" sizes=\"auto, (max-width: 350px) 100vw, 350px\" \/><\/a><p id=\"caption-attachment-1147\" class=\"wp-caption-text\">Na rzece Postomi przy Betonce kol. Marcin Olszewski z\u0142owi\u0142 dwa leszcze o wadze 2,70 kg i d\u0142 62 cm 2,50 kg i d\u0142 58 cm<\/p><\/div>\n<div id=\"attachment_1156\" style=\"width: 360px\" class=\"wp-caption aligncenter\"><a href=\"http:\/\/pzw1.slonsk.pl\/wp-content\/uploads\/2013\/04\/przemek-jaworski.jpg\"><img loading=\"lazy\" decoding=\"async\" aria-describedby=\"caption-attachment-1156\" class=\"size-full wp-image-1156\" alt=\"Na Kanale Szerokim kol. Przemys\u0142aw Jaworski z\u0142owi\u0142 Szczupaka o wadze 7,80 kg i d\u0142 99,50 cm\" src=\"http:\/\/pzw1.slonsk.pl\/wp-content\/uploads\/2013\/04\/przemek-jaworski.jpg\" width=\"350\" height=\"252\" srcset=\"https:\/\/pzw1.slonsk.pl\/wp-content\/uploads\/2013\/04\/przemek-jaworski.jpg 350w, https:\/\/pzw1.slonsk.pl\/wp-content\/uploads\/2013\/04\/przemek-jaworski-300x216.jpg 300w\" sizes=\"auto, (max-width: 350px) 100vw, 350px\" \/><\/a><p id=\"caption-attachment-1156\" class=\"wp-caption-text\">Na Kanale Szerokim kol. Przemys\u0142aw Jaworski z\u0142owi\u0142 Szczupaka o wadze 7,80 kg i d\u0142 99,50 cm<\/p><\/div>\n<div id=\"attachment_1155\" style=\"width: 360px\" class=\"wp-caption aligncenter\"><a href=\"http:\/\/pzw1.slonsk.pl\/wp-content\/uploads\/2013\/04\/\u0142ukaszonek.jpg\"><img loading=\"lazy\" decoding=\"async\" aria-describedby=\"caption-attachment-1155\" class=\"size-full wp-image-1155\" alt=\"Na Kanale \u017bo\u0142tym kol. Dariusz \u0141ukaszonek z\u0142owi\u0142 Okonia o wadze 1,10 kg i d\u0142 39 cm\" src=\"http:\/\/pzw1.slonsk.pl\/wp-content\/uploads\/2013\/04\/\u0142ukaszonek.jpg\" width=\"350\" height=\"254\" srcset=\"https:\/\/pzw1.slonsk.pl\/wp-content\/uploads\/2013\/04\/\u0142ukaszonek.jpg 350w, https:\/\/pzw1.slonsk.pl\/wp-content\/uploads\/2013\/04\/\u0142ukaszonek-300x217.jpg 300w\" sizes=\"auto, (max-width: 350px) 100vw, 350px\" \/><\/a><p id=\"caption-attachment-1155\" class=\"wp-caption-text\">Na Kanale \u017bo\u0142tym kol. Dariusz \u0141ukaszonek z\u0142owi\u0142 Okonia o wadze 1,10 kg i d\u0142 39 cm<\/p><\/div>\n<div id=\"attachment_1152\" style=\"width: 360px\" class=\"wp-caption aligncenter\"><a href=\"http:\/\/pzw1.slonsk.pl\/wp-content\/uploads\/2013\/04\/kuczynski.jpg\"><img loading=\"lazy\" decoding=\"async\" aria-describedby=\"caption-attachment-1152\" class=\"size-full wp-image-1152\" alt=\"Na Kanale Szerokim kol. Grzegorz Kuczy\u0144ski z\u0142owi\u0142 Szczupaka o wadze 12.50 kg i d\u0142 112 cm\" src=\"http:\/\/pzw1.slonsk.pl\/wp-content\/uploads\/2013\/04\/kuczynski.jpg\" width=\"350\" height=\"266\" srcset=\"https:\/\/pzw1.slonsk.pl\/wp-content\/uploads\/2013\/04\/kuczynski.jpg 350w, https:\/\/pzw1.slonsk.pl\/wp-content\/uploads\/2013\/04\/kuczynski-300x228.jpg 300w\" sizes=\"auto, (max-width: 350px) 100vw, 350px\" \/><\/a><p id=\"caption-attachment-1152\" class=\"wp-caption-text\">Na Kanale Szerokim kol. Grzegorz Kuczy\u0144ski z\u0142owi\u0142 Szczupaka o wadze 12.50 kg i d\u0142 112 cm<\/p><\/div>\n","protected":false},"excerpt":{"rendered":"","protected":false},"author":1,"featured_media":0,"parent":236,"menu_order":3,"comment_status":"closed","ping_status":"open","template":"","meta":{"footnotes":""},"class_list":["post-447","page","type-page","status-publish","hentry","post"],"_links":{"self":[{"href":"https:\/\/pzw1.slonsk.pl\/index.php?rest_route=\/wp\/v2\/pages\/447","targetHints":{"allow":["GET"]}}],"collection":[{"href":"https:\/\/pzw1.slonsk.pl\/index.php?rest_route=\/wp\/v2\/pages"}],"about":[{"href":"https:\/\/pzw1.slonsk.pl\/index.php?rest_route=\/wp\/v2\/types\/page"}],"author":[{"embeddable":true,"href":"https:\/\/pzw1.slonsk.pl\/index.php?rest_route=\/wp\/v2\/users\/1"}],"replies":[{"embeddable":true,"href":"https:\/\/pzw1.slonsk.pl\/index.php?rest_route=%2Fwp%2Fv2%2Fcomments&post=447"}],"version-history":[{"count":6,"href":"https:\/\/pzw1.slonsk.pl\/index.php?rest_route=\/wp\/v2\/pages\/447\/revisions"}],"predecessor-version":[{"id":1016,"href":"https:\/\/pzw1.slonsk.pl\/index.php?rest_route=\/wp\/v2\/pages\/447\/revisions\/1016"}],"up":[{"embeddable":true,"href":"https:\/\/pzw1.slonsk.pl\/index.php?rest_route=\/wp\/v2\/pages\/236"}],"wp:attachment":[{"href":"https:\/\/pzw1.slonsk.pl\/index.php?rest_route=%2Fwp%2Fv2%2Fmedia&parent=447"}],"curies":[{"name":"wp","href":"https:\/\/api.w.org\/{rel}","templated":true}]}}