{"id":445,"date":"2013-04-19T22:40:05","date_gmt":"2013-04-19T20:40:05","guid":{"rendered":"http:\/\/pzw1.slonsk.pl\/?page_id=445"},"modified":"2013-04-26T05:54:47","modified_gmt":"2013-04-26T03:54:47","slug":"o-konkursie","status":"publish","type":"page","link":"https:\/\/pzw1.slonsk.pl\/?page_id=445","title":{"rendered":"O konkursie"},"content":{"rendered":"<p style=\"text-align: justify;\">\u00a0 \u00a0 \u00a0Obfito\u015b\u0107 w ryb\u0119 \u0142owisk rzeki Postomi, Kana\u0142u Szerokiego, jezior Radachowskiego i G\u0142\u0119boczek znane by\u0142y w\u015br\u00f3d w\u0119dkarzy od wielu lat. Rekordowe osi\u0105gni\u0119cia cz\u0142onk\u00f3w K\u00f3\u0142 w\u0119dkarskich naszej gminy stworzy\u0142y bardzo dobry moment do promocji zar\u00f3wno miejscowo\u015bci ale te\u017c flory i fauny teren\u00f3w pomi\u0119dzy Wart\u0105 i Postomi\u0105.<\/p>\n<p>\u00a0 \u00a0 \u00a0W roku 2007 decyzj\u0105 w\u0142adz samorz\u0105dowych gminy zacz\u0119to organizowa\u0107 konkurs gminny pn. <strong>Duuu\u017ca Ryba. <\/strong>Konkurs przeznaczony jest dla w\u0119dkarzy zrzeszonych w ko\u0142ach PZW nr 1 i nr \u00a02 w S\u0142o\u0144sku trwa corocznie przez ca\u0142y sezon w\u0119dkarski i ko\u0144czy si\u0119 wr\u0119czeniem nagr\u00f3d rzeczowych i wyr\u00f3\u017cnie\u0144 dla najlepszych w\u0119dkarzy sp\u0142awikowych i spinningowych. \u00a0Nagrody fundowane s\u0105 ze \u015brodk\u00f3w Gminy S\u0142o\u0144ski i wr\u0119czane s\u0105 od lat przez sympatyka w\u0119dkarstwa W\u00f3jta Gminy pana Janusza Krzy\u015bk\u00f3w.<\/p>\n","protected":false},"excerpt":{"rendered":"<p>\u00a0 \u00a0 \u00a0Obfito\u015b\u0107 w ryb\u0119 \u0142owisk rzeki Postomi, Kana\u0142u Szerokiego, jezior Radachowskiego i G\u0142\u0119boczek znane by\u0142y w\u015br\u00f3d w\u0119dkarzy od wielu lat. Rekordowe osi\u0105gni\u0119cia cz\u0142onk\u00f3w K\u00f3\u0142 w\u0119dkarskich naszej gminy stworzy\u0142y bardzo [&hellip;]<\/p>\n","protected":false},"author":1,"featured_media":0,"parent":236,"menu_order":1,"comment_status":"closed","ping_status":"open","template":"","meta":{"footnotes":""},"class_list":["post-445","page","type-page","status-publish","hentry","post"],"_links":{"self":[{"href":"https:\/\/pzw1.slonsk.pl\/index.php?rest_route=\/wp\/v2\/pages\/445","targetHints":{"allow":["GET"]}}],"collection":[{"href":"https:\/\/pzw1.slonsk.pl\/index.php?rest_route=\/wp\/v2\/pages"}],"about":[{"href":"https:\/\/pzw1.slonsk.pl\/index.php?rest_route=\/wp\/v2\/types\/page"}],"author":[{"embeddable":true,"href":"https:\/\/pzw1.slonsk.pl\/index.php?rest_route=\/wp\/v2\/users\/1"}],"replies":[{"embeddable":true,"href":"https:\/\/pzw1.slonsk.pl\/index.php?rest_route=%2Fwp%2Fv2%2Fcomments&post=445"}],"version-history":[{"count":3,"href":"https:\/\/pzw1.slonsk.pl\/index.php?rest_route=\/wp\/v2\/pages\/445\/revisions"}],"predecessor-version":[{"id":694,"href":"https:\/\/pzw1.slonsk.pl\/index.php?rest_route=\/wp\/v2\/pages\/445\/revisions\/694"}],"up":[{"embeddable":true,"href":"https:\/\/pzw1.slonsk.pl\/index.php?rest_route=\/wp\/v2\/pages\/236"}],"wp:attachment":[{"href":"https:\/\/pzw1.slonsk.pl\/index.php?rest_route=%2Fwp%2Fv2%2Fmedia&parent=445"}],"curies":[{"name":"wp","href":"https:\/\/api.w.org\/{rel}","templated":true}]}}