{"id":441,"date":"2013-04-19T22:38:49","date_gmt":"2013-04-19T20:38:49","guid":{"rendered":"http:\/\/pzw1.slonsk.pl\/?page_id=441"},"modified":"2020-03-09T09:27:27","modified_gmt":"2020-03-09T08:27:27","slug":"archiwalne-klasyfikacje-splawikowe-i-spinnigowe","status":"publish","type":"page","link":"https:\/\/pzw1.slonsk.pl\/?page_id=441","title":{"rendered":"Archiwalne klasyfikacje sp\u0142awikowe i spinnigowe"},"content":{"rendered":"<p><strong>Kliknij poni\u017csze linki, aby obejrze\u0107 klasyfikacje<\/strong><\/p>\n<p><strong><a href=\"http:\/\/pzw1.slonsk.pl\/?page_id=5766\">Klasyfikacja generalna senior\u00f3w w kat spinning 2017 r.<\/a><\/strong><\/p>\n<p><a href=\"http:\/\/pzw1.slonsk.pl\/?page_id=5764\"><strong>Klasyfikacja generalna senior\u00f3w w kat. sp\u0142awikowej 2017 r.<\/strong><\/a><\/p>\n<p><a href=\"http:\/\/pzw1.slonsk.pl\/?p=7305\"><strong>Klasyfikacja generalna senior\u00f3w w kat spinningowej 2016 r.<\/strong><\/a><\/p>\n<p><strong><a href=\"http:\/\/pzw1.slonsk.pl\/?p=7302\">Klasyfikacja generalna senior\u00f3w w kat sp\u0142awikowej 2016 r.<\/a><\/strong><\/p>\n<p><strong><a href=\"http:\/\/pzw1.slonsk.pl\/?page_id=439\">Klasyfikacja senior\u00f3w w kat. spinningowej 2015 r.\u00a0<\/a><\/strong><\/p>\n<p><strong><a href=\"http:\/\/pzw1.slonsk.pl\/?page_id=4860\">Klasyfikacja senior\u00f3w w kat. sp\u0142awikowej 2015 r.\u00a0<\/a><\/strong><\/p>\n<p><a title=\"Klasyfikacja senior\u00f3w w kat. spinningowej 2014 r.\" href=\"http:\/\/pzw1.slonsk.pl\/?page_id=4640\"><strong>Klasyfikacja senior\u00f3w w kat. spinningowej 2014 r.<\/strong><\/a><\/p>\n<p><a title=\"Klasyfikacja senior\u00f3w w kat. sp\u0142awikowej 2014 r.\" href=\"http:\/\/pzw1.slonsk.pl\/?page_id=4642\"><strong>Klasyfikacja senior\u00f3w w kat. sp\u0142awikowej 2014 r.<\/strong><\/a><\/p>\n<p><a title=\"Klasyfikacja generalna spinningu 2013 \" href=\"http:\/\/pzw1.slonsk.pl\/?p=3237\"><strong>Klasyfikacja senior\u00f3w w kat. spinningowej 2013 r.<\/strong><\/a><\/p>\n<p><strong><a title=\"Klasyfikacja generalna sp\u0142awikowa 2013\" href=\"http:\/\/pzw1.slonsk.pl\/?p=3231\">Klasyfikacja senior\u00f3w w kat. sp\u0142awikowej 2013 r.<\/a><\/strong><\/p>\n<p><a title=\"Klasyfikacja senior\u00f3w w kat. sp\u0142awikowej 2012 r.\" href=\"http:\/\/pzw1.slonsk.pl\/?page_id=1241\"><strong>Klasyfikacja senior\u00f3w w kat. sp\u0142awikowej 2012 r.\u00a0<\/strong><\/a><\/p>\n<p><strong><a title=\"Klasyfikacja senior\u00f3w w kat. spinningowej 2012 r.\" href=\"http:\/\/pzw1.slonsk.pl\/?page_id=1252\">Klasyfikacja senior\u00f3w w kat. spinningowej 2012 r.<\/a><\/strong><\/p>\n<p><strong><a title=\"Klasyfikacja senior\u00f3w w kat. spinningowej 2011 r.\" href=\"http:\/\/pzw1.slonsk.pl\/?page_id=1261\">Klasyfikacja senior\u00f3w w kat. spinningowej 2011 r.<\/a><\/strong><\/p>\n<p><strong><a title=\"Klasyfikacja senior\u00f3w w kat. sp\u0142awikowej 2011 r.\" href=\"http:\/\/pzw1.slonsk.pl\/?page_id=1257\">Klasyfikacja senior\u00f3w w kat. sp\u0142awikowej 2011 r.<\/a><\/strong><\/p>\n","protected":false},"excerpt":{"rendered":"<p>Kliknij poni\u017csze linki, aby obejrze\u0107 klasyfikacje Klasyfikacja generalna senior\u00f3w w kat spinning 2017 r. Klasyfikacja generalna senior\u00f3w w kat. sp\u0142awikowej 2017 r. Klasyfikacja generalna senior\u00f3w w kat spinningowej 2016 r. [&hellip;]<\/p>\n","protected":false},"author":1,"featured_media":0,"parent":224,"menu_order":4,"comment_status":"closed","ping_status":"closed","template":"","meta":{"footnotes":""},"class_list":["post-441","page","type-page","status-publish","hentry","post"],"_links":{"self":[{"href":"https:\/\/pzw1.slonsk.pl\/index.php?rest_route=\/wp\/v2\/pages\/441","targetHints":{"allow":["GET"]}}],"collection":[{"href":"https:\/\/pzw1.slonsk.pl\/index.php?rest_route=\/wp\/v2\/pages"}],"about":[{"href":"https:\/\/pzw1.slonsk.pl\/index.php?rest_route=\/wp\/v2\/types\/page"}],"author":[{"embeddable":true,"href":"https:\/\/pzw1.slonsk.pl\/index.php?rest_route=\/wp\/v2\/users\/1"}],"replies":[{"embeddable":true,"href":"https:\/\/pzw1.slonsk.pl\/index.php?rest_route=%2Fwp%2Fv2%2Fcomments&post=441"}],"version-history":[{"count":18,"href":"https:\/\/pzw1.slonsk.pl\/index.php?rest_route=\/wp\/v2\/pages\/441\/revisions"}],"predecessor-version":[{"id":10188,"href":"https:\/\/pzw1.slonsk.pl\/index.php?rest_route=\/wp\/v2\/pages\/441\/revisions\/10188"}],"up":[{"embeddable":true,"href":"https:\/\/pzw1.slonsk.pl\/index.php?rest_route=\/wp\/v2\/pages\/224"}],"wp:attachment":[{"href":"https:\/\/pzw1.slonsk.pl\/index.php?rest_route=%2Fwp%2Fv2%2Fmedia&parent=441"}],"curies":[{"name":"wp","href":"https:\/\/api.w.org\/{rel}","templated":true}]}}