{"id":420,"date":"2013-04-19T22:27:20","date_gmt":"2013-04-19T20:27:20","guid":{"rendered":"http:\/\/pzw1.slonsk.pl\/?page_id=420"},"modified":"2017-02-25T22:38:00","modified_gmt":"2017-02-25T21:38:00","slug":"komisja-rewizyjna","status":"publish","type":"page","link":"https:\/\/pzw1.slonsk.pl\/?page_id=420","title":{"rendered":"Komisja rewizyjna"},"content":{"rendered":"<p><span style=\"font-size: 12pt; font-family: times new roman,times,serif;\">Przewodnicz\u0105cy:\u00a0Roman Pleskacewicz<\/span><br \/>\n<span style=\"font-size: 12pt; font-family: times new roman,times,serif;\"> Cz\u0142onek: Adam Zabielny<\/span><br \/>\n<span style=\"font-size: 12pt; font-family: times new roman,times,serif;\"> Cz\u0142onek: Micha\u0142 Dybka<\/span><\/p>\n<div><\/div>\n","protected":false},"excerpt":{"rendered":"<p>Przewodnicz\u0105cy:\u00a0Roman Pleskacewicz Cz\u0142onek: Adam Zabielny Cz\u0142onek: Micha\u0142 Dybka<\/p>\n","protected":false},"author":1,"featured_media":0,"parent":213,"menu_order":0,"comment_status":"closed","ping_status":"open","template":"","meta":{"footnotes":""},"class_list":["post-420","page","type-page","status-publish","hentry","post"],"_links":{"self":[{"href":"https:\/\/pzw1.slonsk.pl\/index.php?rest_route=\/wp\/v2\/pages\/420","targetHints":{"allow":["GET"]}}],"collection":[{"href":"https:\/\/pzw1.slonsk.pl\/index.php?rest_route=\/wp\/v2\/pages"}],"about":[{"href":"https:\/\/pzw1.slonsk.pl\/index.php?rest_route=\/wp\/v2\/types\/page"}],"author":[{"embeddable":true,"href":"https:\/\/pzw1.slonsk.pl\/index.php?rest_route=\/wp\/v2\/users\/1"}],"replies":[{"embeddable":true,"href":"https:\/\/pzw1.slonsk.pl\/index.php?rest_route=%2Fwp%2Fv2%2Fcomments&post=420"}],"version-history":[{"count":6,"href":"https:\/\/pzw1.slonsk.pl\/index.php?rest_route=\/wp\/v2\/pages\/420\/revisions"}],"predecessor-version":[{"id":6946,"href":"https:\/\/pzw1.slonsk.pl\/index.php?rest_route=\/wp\/v2\/pages\/420\/revisions\/6946"}],"up":[{"embeddable":true,"href":"https:\/\/pzw1.slonsk.pl\/index.php?rest_route=\/wp\/v2\/pages\/213"}],"wp:attachment":[{"href":"https:\/\/pzw1.slonsk.pl\/index.php?rest_route=%2Fwp%2Fv2%2Fmedia&parent=420"}],"curies":[{"name":"wp","href":"https:\/\/api.w.org\/{rel}","templated":true}]}}