{"id":3874,"date":"2014-06-12T18:57:30","date_gmt":"2014-06-12T16:57:30","guid":{"rendered":"http:\/\/pzw1.slonsk.pl\/?page_id=3874"},"modified":"2014-06-12T18:58:52","modified_gmt":"2014-06-12T16:58:52","slug":"duuuza-ryba-2013","status":"publish","type":"page","link":"https:\/\/pzw1.slonsk.pl\/?page_id=3874","title":{"rendered":"Duuu\u017ca ryba 2014"},"content":{"rendered":"<div id=\"attachment_3869\" style=\"width: 264px\" class=\"wp-caption aligncenter\"><a href=\"http:\/\/pzw1.slonsk.pl\/wp-content\/uploads\/2014\/06\/2014-2.jpg\"><img loading=\"lazy\" decoding=\"async\" aria-describedby=\"caption-attachment-3869\" class=\"wp-image-3869 size-medium\" src=\"http:\/\/pzw1.slonsk.pl\/wp-content\/uploads\/2014\/06\/2014-2-254x300.jpg\" alt=\"\" width=\"254\" height=\"300\" srcset=\"https:\/\/pzw1.slonsk.pl\/wp-content\/uploads\/2014\/06\/2014-2-254x300.jpg 254w, https:\/\/pzw1.slonsk.pl\/wp-content\/uploads\/2014\/06\/2014-2.jpg 350w\" sizes=\"auto, (max-width: 254px) 100vw, 254px\" \/><\/a><p id=\"caption-attachment-3869\" class=\"wp-caption-text\">Bart\u0142omiej Mordak na rzece Postomi z\u0142owi\u0142 bolenia o d\u0142ugosci 74cm i wadze 4,100 kg<\/p><\/div>\n<div id=\"attachment_3870\" style=\"width: 271px\" class=\"wp-caption aligncenter\"><a href=\"http:\/\/pzw1.slonsk.pl\/wp-content\/uploads\/2014\/06\/2014-3.jpg\"><img loading=\"lazy\" decoding=\"async\" aria-describedby=\"caption-attachment-3870\" class=\"wp-image-3870 size-medium\" src=\"http:\/\/pzw1.slonsk.pl\/wp-content\/uploads\/2014\/06\/2014-3-261x300.jpg\" alt=\"\" width=\"261\" height=\"300\" srcset=\"https:\/\/pzw1.slonsk.pl\/wp-content\/uploads\/2014\/06\/2014-3-261x300.jpg 261w, https:\/\/pzw1.slonsk.pl\/wp-content\/uploads\/2014\/06\/2014-3.jpg 350w\" sizes=\"auto, (max-width: 261px) 100vw, 261px\" \/><\/a><p id=\"caption-attachment-3870\" class=\"wp-caption-text\">na rzece Postomi kolStanis\u0142aw \u017belezi\u0144ski z\u0142owi\u0142 leszcza o wadze 2,62 kg i d\u0142 56cm<\/p><\/div>\n<div id=\"attachment_3871\" style=\"width: 310px\" class=\"wp-caption aligncenter\"><a href=\"http:\/\/pzw1.slonsk.pl\/wp-content\/uploads\/2014\/06\/2014-4.jpg\"><img loading=\"lazy\" decoding=\"async\" aria-describedby=\"caption-attachment-3871\" class=\"wp-image-3871 size-medium\" src=\"http:\/\/pzw1.slonsk.pl\/wp-content\/uploads\/2014\/06\/2014-4-300x222.jpg\" alt=\"\" width=\"300\" height=\"222\" srcset=\"https:\/\/pzw1.slonsk.pl\/wp-content\/uploads\/2014\/06\/2014-4-300x222.jpg 300w, https:\/\/pzw1.slonsk.pl\/wp-content\/uploads\/2014\/06\/2014-4.jpg 350w\" sizes=\"auto, (max-width: 300px) 100vw, 300px\" \/><\/a><p id=\"caption-attachment-3871\" class=\"wp-caption-text\">na Kanale Szerokim Tadeusz Kaczorowski z\u0142owi\u0142 szczupaka o wadze 3,00kg i d\u0142ugosci 76cm<\/p><\/div>\n<div id=\"attachment_3872\" style=\"width: 231px\" class=\"wp-caption aligncenter\"><a href=\"http:\/\/pzw1.slonsk.pl\/wp-content\/uploads\/2014\/06\/2014-6.jpg\"><img loading=\"lazy\" decoding=\"async\" aria-describedby=\"caption-attachment-3872\" class=\"wp-image-3872 size-medium\" src=\"http:\/\/pzw1.slonsk.pl\/wp-content\/uploads\/2014\/06\/2014-6-221x300.jpg\" alt=\"\" width=\"221\" height=\"300\" srcset=\"https:\/\/pzw1.slonsk.pl\/wp-content\/uploads\/2014\/06\/2014-6-221x300.jpg 221w, https:\/\/pzw1.slonsk.pl\/wp-content\/uploads\/2014\/06\/2014-6.jpg 350w\" sizes=\"auto, (max-width: 221px) 100vw, 221px\" \/><\/a><p id=\"caption-attachment-3872\" class=\"wp-caption-text\">na jeziorze przy przepompowni kolega Adam Pi\u0105tek z\u0142owi\u0142 karasia o wadze 1,57 kg i 40 cm<\/p><\/div>\n<div id=\"attachment_3868\" style=\"width: 261px\" class=\"wp-caption aligncenter\"><a href=\"http:\/\/pzw1.slonsk.pl\/wp-content\/uploads\/2014\/06\/2014-1.jpg\"><img loading=\"lazy\" decoding=\"async\" aria-describedby=\"caption-attachment-3868\" class=\"wp-image-3868 size-medium\" src=\"http:\/\/pzw1.slonsk.pl\/wp-content\/uploads\/2014\/06\/2014-1-251x300.jpg\" alt=\"\" width=\"251\" height=\"300\" srcset=\"https:\/\/pzw1.slonsk.pl\/wp-content\/uploads\/2014\/06\/2014-1-251x300.jpg 251w, https:\/\/pzw1.slonsk.pl\/wp-content\/uploads\/2014\/06\/2014-1.jpg 350w\" sizes=\"auto, (max-width: 251px) 100vw, 251px\" \/><\/a><p id=\"caption-attachment-3868\" class=\"wp-caption-text\">Kol. Olszacki Miros\u0142aw na Kanale Szerokim z\u0142owi\u0142 leszcza o wadze 2,30 kg i d\u0142ugo\u015bci 62cm<\/p><\/div>\n","protected":false},"excerpt":{"rendered":"","protected":false},"author":1,"featured_media":0,"parent":0,"menu_order":0,"comment_status":"closed","ping_status":"open","template":"","meta":{"footnotes":""},"class_list":["post-3874","page","type-page","status-publish","hentry","post"],"_links":{"self":[{"href":"https:\/\/pzw1.slonsk.pl\/index.php?rest_route=\/wp\/v2\/pages\/3874","targetHints":{"allow":["GET"]}}],"collection":[{"href":"https:\/\/pzw1.slonsk.pl\/index.php?rest_route=\/wp\/v2\/pages"}],"about":[{"href":"https:\/\/pzw1.slonsk.pl\/index.php?rest_route=\/wp\/v2\/types\/page"}],"author":[{"embeddable":true,"href":"https:\/\/pzw1.slonsk.pl\/index.php?rest_route=\/wp\/v2\/users\/1"}],"replies":[{"embeddable":true,"href":"https:\/\/pzw1.slonsk.pl\/index.php?rest_route=%2Fwp%2Fv2%2Fcomments&post=3874"}],"version-history":[{"count":2,"href":"https:\/\/pzw1.slonsk.pl\/index.php?rest_route=\/wp\/v2\/pages\/3874\/revisions"}],"predecessor-version":[{"id":3876,"href":"https:\/\/pzw1.slonsk.pl\/index.php?rest_route=\/wp\/v2\/pages\/3874\/revisions\/3876"}],"wp:attachment":[{"href":"https:\/\/pzw1.slonsk.pl\/index.php?rest_route=%2Fwp%2Fv2%2Fmedia&parent=3874"}],"curies":[{"name":"wp","href":"https:\/\/api.w.org\/{rel}","templated":true}]}}