{"id":3249,"date":"2014-03-10T12:01:18","date_gmt":"2014-03-10T11:01:18","guid":{"rendered":"http:\/\/pzw1.slonsk.pl\/?page_id=3249"},"modified":"2014-03-10T12:01:18","modified_gmt":"2014-03-10T11:01:18","slug":"procedury-zatrzymywania-zezwolen","status":"publish","type":"page","link":"https:\/\/pzw1.slonsk.pl\/?page_id=3249","title":{"rendered":"PROCEDURY ZATRZYMYWANIA ZEZWOLE\u0143"},"content":{"rendered":"<p><strong>Prcedury zatrzymywania zezwole\u0144 na amatorski po\u0142\u00f3w ryb na terenie dzia\u0142ania Okr\u0119gu PZW w Gorzowie Wlkp.<\/strong><\/p>\n<p><strong>Zakres stosowania:<\/strong><\/p>\n<p>Z\u0142amanie RAPR, Ustawy o Rybactwie \u015ar\u00f3dl\u0105dowym , Ustawy o Ochronie \u015arodowiska , Ustawy o Ochronie Przyrody i Ustawy o Lasach.<\/p>\n<p><strong>Podstawa prawna<\/strong>:\u00a0Uchwa\u0142a\u00a0\u00a0\u00a0Zarz\u0105du Okr\u0119gu nr 1\/2012 z dnia 18.02.2012<\/p>\n<p><strong>Zastosowanie<\/strong>\u00a0w nast\u0119puj\u0105cych wykroczeniach:<\/p>\n<ul>\n<li>po\u0142\u00f3w ryb niewymiarowych,<\/li>\n<li>po\u0142\u00f3w ryb w okresach ochronnych,<\/li>\n<li>przekraczanie dobowych limit\u00f3w ilo\u015bciowych,<\/li>\n<li>w\u0119dkowanie na wi\u0119ksz\u0105 ilo\u015b\u0107 w\u0119dek ni\u017c dopuszcza RAPR,<\/li>\n<li>niehumanitarne obchodzenie si\u0119 z rybami,<\/li>\n<li>za\u015bmiecanie stanowiska w\u0119dkarskiego.<\/li>\n<\/ul>\n<p><strong>Post\u0119powanie:<\/strong><\/p>\n<p style=\"text-align: justify;\">\u00a01. Zezwolenie zatrzymywane zostaje za pokwitowaniem, orygina\u0142 pokwitowania otrzymuje w\u0119dkarz.<\/p>\n<p style=\"text-align: justify;\">2. Kopia pokwitowania wraz z zezwoleniem, meldunkiem i zawiadomieniem o wykroczeniu w terminie 7 dni od dnia zatrzymania zostaj\u0105 przekazane do Biura Okr\u0119gu PZW w Gorzowie Wlkp.<\/p>\n<p style=\"text-align: justify;\">3. Zezwolenie zostaje zdeponowane w Biurze ZO.<\/p>\n<p style=\"text-align: justify;\">4. Biuro ZO w ci\u0105gu 24 h powiadamia telefonicznie lub emailowo w\u0142adze w\u0142a\u015bciwego Ko\u0142a o fakcie zatrzymania zezwolenia.<\/p>\n<p style=\"text-align: justify;\">5. W terminie 7 dni sporz\u0105dzane i wysy\u0142ane jest zawiadomienie o wykroczeniu do w\u0142a\u015bciwego Rzecznika Dyscyplinarnego PZW.<\/p>\n<p style=\"text-align: justify;\">6. Po rozpatrzeniu sprawy i otrzymaniu odpowiedzi o wyniku post\u0119powania, zezwolenie, o ile wyrok S\u0105du Kole\u017ce\u0144skiego nie stanowi inaczej, zostaje zwr\u00f3cone w\u0119dkarzowi.<\/p>\n<p style=\"text-align: justify;\">7. Zezwolenie w\u0119dkarz odbiera osobi\u015bcie w Biurze ZO za pokwitowaniem.<\/p>\n<p><strong>\u00a0<\/strong><strong>Uwagi:<\/strong><\/p>\n<p>Zezwolenie okresowe nie jest zwracane w\u0119dkarzowi. Dodatkowo przy zezwoleniach\u00a0okresowych dla cz\u0142onk\u00f3w PZW przeprowadzane zostaje post\u0119powanie dyscyplinarne w\u00a0\u00a0trybie organizacyjnym.<\/p>\n<p style=\"text-align: right;\">\u00a0\u00a0 \u00a0 \u00a0 \u00a0 \u00a0 \u00a0 \u00a0 \u00a0 \u00a0 \u00a0 \u00a0 \u00a0 \u00a0 \u00a0 \u00a0 \u00a0 \u00a0 \u00a0 \u00a0 \u00a0 \u00a0 \u00a0 \u00a0 \u00a0 \u00a0 \u00a0 \u00a0 \u00a0 \u00a0 \u00a0 \u00a0 \u00a0 \u00a0 \u00a0 \u00a0 \u00a0 \u00a0 \u00a0 \u00a0 \u00a0 \u00a0 \u00a0 \u00a0 \u00a0 \u00a0 \u00a0 \u00a0\u00a0<em>Zarz\u0105d Okr\u0119gu\u00a0\u00a0PZW<\/em><\/p>\n<p style=\"text-align: right;\"><em>\u00a0\u00a0\u00a0\u00a0\u00a0\u00a0\u00a0\u00a0\u00a0\u00a0\u00a0\u00a0\u00a0\u00a0\u00a0\u00a0\u00a0\u00a0\u00a0\u00a0\u00a0\u00a0\u00a0\u00a0\u00a0\u00a0\u00a0\u00a0\u00a0\u00a0\u00a0\u00a0\u00a0\u00a0\u00a0\u00a0\u00a0\u00a0\u00a0\u00a0\u00a0\u00a0\u00a0\u00a0\u00a0\u00a0\u00a0\u00a0\u00a0\u00a0\u00a0\u00a0\u00a0\u00a0\u00a0\u00a0\u00a0\u00a0\u00a0\u00a0\u00a0\u00a0\u00a0\u00a0\u00a0\u00a0\u00a0\u00a0\u00a0\u00a0\u00a0\u00a0\u00a0\u00a0\u00a0\u00a0\u00a0\u00a0\u00a0\u00a0\u00a0\u00a0\u00a0\u00a0\u00a0\u00a0\u00a0\u00a0\u00a0\u00a0\u00a0\u00a0\u00a0\u00a0\u00a0\u00a0\u00a0\u00a0\u00a0\u00a0\u00a0\u00a0\u00a0\u00a0\u00a0\u00a0\u00a0\u00a0\u00a0\u00a0\u00a0\u00a0\u00a0\u00a0\u00a0\u00a0\u00a0\u00a0\u00a0\u00a0\u00a0\u00a0\u00a0\u00a0\u00a0w Gorzowie Wlkp.<\/em><\/p>\n<p style=\"text-align: center;\">\u00a0<strong>Uchwa\u0142a nr 3\/2012<\/strong><\/p>\n<p align=\"center\"><strong>Zarz\u0105du Okr\u0119gu PZW w Gorzowie Wlkp.<\/strong><\/p>\n<p align=\"center\"><strong>z dnia 09.01.2012r.<\/strong><\/p>\n<p align=\"center\"><strong>w sprawie upowa\u017cnienia SSR i innych do zatrzymywania zezwole\u0144 na w\u0119dkowanie<\/strong><\/p>\n<p>&nbsp;<\/p>\n<ol>\n<li>Na podstawie \u00a7 46 pkt. 15 Statutu PZW Zarz\u0105d Okr\u0119gu upowa\u017cnia stra\u017cnik\u00f3w Spo\u0142ecznej Stra\u017cy Rybackiej oraz wszystkie organy upowa\u017cnione do kontroli do zatrzymywania zezwole\u0144 na w\u0119dkowanie w przypadku stwierdzenia wykroczenia przeciwko Regulaminowi Amatorskiego Po\u0142owu Ryb.<\/li>\n<li>Uchwa\u0142a wchodzi w \u017cycie z dniem podj\u0119cia i podlega zatwierdzeniu przez Zarz\u0105d Okr\u0119gu.<\/li>\n<\/ol>\n<p style=\"text-align: center;\">Sekretarz ZO PZW\u00a0\u00a0\u00a0\u00a0\u00a0\u00a0\u00a0\u00a0\u00a0\u00a0\u00a0\u00a0\u00a0\u00a0\u00a0\u00a0\u00a0\u00a0\u00a0\u00a0\u00a0\u00a0\u00a0\u00a0\u00a0\u00a0\u00a0\u00a0\u00a0\u00a0\u00a0\u00a0\u00a0\u00a0\u00a0\u00a0\u00a0\u00a0\u00a0\u00a0\u00a0\u00a0\u00a0\u00a0\u00a0\u00a0\u00a0\u00a0\u00a0\u00a0\u00a0\u00a0\u00a0\u00a0\u00a0\u00a0\u00a0\u00a0\u00a0\u00a0\u00a0\u00a0\u00a0\u00a0\u00a0\u00a0\u00a0\u00a0\u00a0\u00a0\u00a0\u00a0\u00a0\u00a0\u00a0\u00a0\u00a0\u00a0\u00a0\u00a0\u00a0\u00a0Prezes ZO PZW<\/p>\n<p style=\"text-align: center;\">Halina Ma\u0142ecka\u00a0\u00a0\u00a0\u00a0\u00a0\u00a0\u00a0\u00a0\u00a0\u00a0\u00a0\u00a0\u00a0\u00a0\u00a0\u00a0\u00a0\u00a0\u00a0\u00a0\u00a0\u00a0\u00a0\u00a0\u00a0\u00a0\u00a0\u00a0\u00a0\u00a0\u00a0\u00a0\u00a0\u00a0\u00a0\u00a0\u00a0\u00a0\u00a0\u00a0\u00a0\u00a0\u00a0\u00a0\u00a0\u00a0\u00a0\u00a0\u00a0\u00a0\u00a0\u00a0\u00a0\u00a0\u00a0\u00a0\u00a0\u00a0\u00a0\u00a0\u00a0\u00a0\u00a0\u00a0\u00a0\u00a0\u00a0\u00a0\u00a0\u00a0\u00a0\u00a0\u00a0\u00a0\u00a0\u00a0\u00a0\u00a0\u00a0\u00a0\u00a0\u00a0\u00a0\u00a0\u00a0\u00a0\u00a0\u00a0\u00a0\u00a0\u00a0Marian Ludwikowski<\/p>\n<p>&nbsp;<\/p>\n<p style=\"text-align: center;\">\u00a0<strong>Uchwa\u0142a nr 1\/2012<\/strong><\/p>\n<p align=\"center\"><strong style=\"line-height: 1.5em;\">Zarz\u0105du Okr\u0119gu Polskiego Zwi\u0105zku W\u0119dkarskiego<\/strong><\/p>\n<p align=\"center\">\u00a0<strong>w Gorzowie Wlkp.<\/strong><\/p>\n<p align=\"center\">\u00a0<strong>z dnia 18.02.2012r.<\/strong><\/p>\n<p align=\"center\"><strong style=\"line-height: 1.5em;\">w sprawie uchwa\u0142 Prezydium Zarz\u0105du Okr\u0119gu PZW<\/strong><\/p>\n<p align=\"center\">\n<ol>\n<li>Na podstawie \u00a747 ust. 1 Statutu PZW, Zarz\u0105d Okr\u0119gu zatwierdza uchwa\u0142y Prezydium ZO od nr 1 do 3.<\/li>\n<li>Uchwa\u0142a wchodzi w \u017cycie z dniem podj\u0119cia.<\/li>\n<\/ol>\n<p style=\"text-align: center;\">\u00a0\u00a0Sekretarz ZO PZW\u00a0\u00a0\u00a0\u00a0\u00a0\u00a0\u00a0\u00a0\u00a0\u00a0\u00a0\u00a0\u00a0\u00a0\u00a0\u00a0\u00a0\u00a0\u00a0\u00a0\u00a0\u00a0\u00a0\u00a0\u00a0\u00a0\u00a0\u00a0\u00a0\u00a0\u00a0\u00a0\u00a0\u00a0\u00a0\u00a0\u00a0\u00a0\u00a0\u00a0\u00a0\u00a0\u00a0\u00a0\u00a0\u00a0\u00a0\u00a0\u00a0\u00a0\u00a0\u00a0\u00a0\u00a0\u00a0\u00a0\u00a0\u00a0\u00a0\u00a0\u00a0\u00a0\u00a0\u00a0\u00a0\u00a0\u00a0\u00a0\u00a0\u00a0\u00a0\u00a0\u00a0\u00a0\u00a0\u00a0\u00a0\u00a0\u00a0\u00a0\u00a0\u00a0Prezes ZO PZW<\/p>\n<p style=\"text-align: center;\">Halina Ma\u0142ecka\u00a0\u00a0\u00a0\u00a0\u00a0\u00a0\u00a0\u00a0\u00a0\u00a0\u00a0\u00a0\u00a0\u00a0\u00a0\u00a0\u00a0\u00a0\u00a0\u00a0\u00a0\u00a0\u00a0\u00a0\u00a0\u00a0\u00a0\u00a0\u00a0\u00a0\u00a0\u00a0\u00a0\u00a0\u00a0\u00a0\u00a0\u00a0\u00a0\u00a0\u00a0\u00a0\u00a0\u00a0\u00a0\u00a0\u00a0\u00a0\u00a0\u00a0\u00a0\u00a0\u00a0\u00a0\u00a0\u00a0\u00a0\u00a0\u00a0\u00a0\u00a0\u00a0\u00a0\u00a0\u00a0\u00a0\u00a0\u00a0\u00a0\u00a0\u00a0\u00a0\u00a0\u00a0\u00a0\u00a0\u00a0\u00a0\u00a0\u00a0\u00a0\u00a0\u00a0\u00a0\u00a0\u00a0\u00a0\u00a0\u00a0\u00a0\u00a0Marian Ludwikowski<\/p>\n","protected":false},"excerpt":{"rendered":"<p>Prcedury zatrzymywania zezwole\u0144 na amatorski po\u0142\u00f3w ryb na terenie dzia\u0142ania Okr\u0119gu PZW w Gorzowie Wlkp. Zakres stosowania: Z\u0142amanie RAPR, Ustawy o Rybactwie \u015ar\u00f3dl\u0105dowym , Ustawy o Ochronie \u015arodowiska , Ustawy [&hellip;]<\/p>\n","protected":false},"author":1,"featured_media":0,"parent":0,"menu_order":0,"comment_status":"closed","ping_status":"open","template":"","meta":{"footnotes":""},"class_list":["post-3249","page","type-page","status-publish","hentry","post"],"_links":{"self":[{"href":"https:\/\/pzw1.slonsk.pl\/index.php?rest_route=\/wp\/v2\/pages\/3249","targetHints":{"allow":["GET"]}}],"collection":[{"href":"https:\/\/pzw1.slonsk.pl\/index.php?rest_route=\/wp\/v2\/pages"}],"about":[{"href":"https:\/\/pzw1.slonsk.pl\/index.php?rest_route=\/wp\/v2\/types\/page"}],"author":[{"embeddable":true,"href":"https:\/\/pzw1.slonsk.pl\/index.php?rest_route=\/wp\/v2\/users\/1"}],"replies":[{"embeddable":true,"href":"https:\/\/pzw1.slonsk.pl\/index.php?rest_route=%2Fwp%2Fv2%2Fcomments&post=3249"}],"version-history":[{"count":1,"href":"https:\/\/pzw1.slonsk.pl\/index.php?rest_route=\/wp\/v2\/pages\/3249\/revisions"}],"predecessor-version":[{"id":3250,"href":"https:\/\/pzw1.slonsk.pl\/index.php?rest_route=\/wp\/v2\/pages\/3249\/revisions\/3250"}],"wp:attachment":[{"href":"https:\/\/pzw1.slonsk.pl\/index.php?rest_route=%2Fwp%2Fv2%2Fmedia&parent=3249"}],"curies":[{"name":"wp","href":"https:\/\/api.w.org\/{rel}","templated":true}]}}