{"id":3121,"date":"2014-01-07T19:48:30","date_gmt":"2014-01-07T18:48:30","guid":{"rendered":"http:\/\/pzw1.slonsk.pl\/?page_id=3121"},"modified":"2014-01-07T20:43:49","modified_gmt":"2014-01-07T19:43:49","slug":"jezioro-gleboczek","status":"publish","type":"page","link":"https:\/\/pzw1.slonsk.pl\/?page_id=3121","title":{"rendered":"Jezioro G\u0142\u0119boczek"},"content":{"rendered":"<p style=\"text-align: justify;\">\u00a0 \u00a0 \u00a0Ma\u0142e jezioro o powierzchni 7,5 ha po\u0142o\u017cone w\u015br\u00f3d las\u00f3w w pobli\u017cu Jeziora Radachowskiego. \u015arednia g\u0142\u0119boko\u015b\u0107 oko\u0142o 6 m. Jezioro nie posiada pomost\u00f3w w\u0119dkarskich. Wobec zakazu po\u0142owu ze \u015brodk\u00f3w p\u0142ywaj\u0105cych po\u0142\u00f3w ryb mo\u017cliwy jest tylko z brzegu. Linia brzegowa jest trudno dost\u0119pna do w\u0119dkowania. Ryby wyst\u0119puj\u0105ce w tym zbiorniku wodnym to : karp, w\u0119gorz, lin, oko\u0144, sum, szczupak, leszcz, trafiaj\u0105 si\u0119 nawet okazy karpi powy\u017cej 10 kg. Dozwolone jest w\u0119dkowanie zim\u0105 z lodu. Przy jeziorze od strony zachodniej znajduje si\u0119 ma\u0142y le\u015bny parking dla samochod\u00f3w nale\u017c\u0105cy do Nadle\u015bnictwa O\u015bno Lubuskie. \u00a0Do stanowisk w\u0119dkarskich jest mo\u017cliwy dost\u0119p tylko pieszo. W tym jeziorze ustanowiono w roku 2008 zosta\u0142 ustanowiony nowy rekord Polski &#8211; leszcz o wadze 6,95 kg \u00a0z\u0142owiony przez kol. Paw\u0142a Jaworskiego.<\/p>\n<div id=\"attachment_3122\" style=\"width: 510px\" class=\"wp-caption aligncenter\"><a href=\"http:\/\/pzw1.slonsk.pl\/wp-content\/uploads\/2014\/01\/jgleboczek-1.jpg\"><img loading=\"lazy\" decoding=\"async\" aria-describedby=\"caption-attachment-3122\" class=\" wp-image-3122\" alt=\"Jezioro G\u0142\u0119boczek\" src=\"http:\/\/pzw1.slonsk.pl\/wp-content\/uploads\/2014\/01\/jgleboczek-1-300x193.jpg\" width=\"500\" height=\"333\" \/><\/a><p id=\"caption-attachment-3122\" class=\"wp-caption-text\">Jezioro G\u0142\u0119boczek &#8211; kliknij aby powi\u0119kszy\u0107 zdj\u0119cie<\/p><\/div>\n<div id=\"attachment_3123\" style=\"width: 510px\" class=\"wp-caption aligncenter\"><a href=\"http:\/\/pzw1.slonsk.pl\/wp-content\/uploads\/2014\/01\/jgleboczek-2.jpg\"><img loading=\"lazy\" decoding=\"async\" aria-describedby=\"caption-attachment-3123\" class=\" wp-image-3123 \" alt=\"Kliknij aby powi\u0119kszy\u0107 zdj\u0119cie\" src=\"http:\/\/pzw1.slonsk.pl\/wp-content\/uploads\/2014\/01\/jgleboczek-2-300x199.jpg\" width=\"500\" height=\"333\" srcset=\"https:\/\/pzw1.slonsk.pl\/wp-content\/uploads\/2014\/01\/jgleboczek-2-300x199.jpg 300w, https:\/\/pzw1.slonsk.pl\/wp-content\/uploads\/2014\/01\/jgleboczek-2.jpg 800w\" sizes=\"auto, (max-width: 500px) 100vw, 500px\" \/><\/a><p id=\"caption-attachment-3123\" class=\"wp-caption-text\">Jezioro G\u0142\u0119boczek &#8211; kliknij aby powi\u0119kszy\u0107 zdj\u0119cie<\/p><\/div>\n<div id=\"attachment_3124\" style=\"width: 510px\" class=\"wp-caption aligncenter\"><a href=\"http:\/\/pzw1.slonsk.pl\/wp-content\/uploads\/2014\/01\/jgleboczek-3.jpg\"><img loading=\"lazy\" decoding=\"async\" aria-describedby=\"caption-attachment-3124\" class=\" wp-image-3124 \" alt=\"Kliknij aby powi\u0119kszy\u0107 zdj\u0119cie\" src=\"http:\/\/pzw1.slonsk.pl\/wp-content\/uploads\/2014\/01\/jgleboczek-3-300x199.jpg\" width=\"500\" height=\"333\" srcset=\"https:\/\/pzw1.slonsk.pl\/wp-content\/uploads\/2014\/01\/jgleboczek-3-300x199.jpg 300w, https:\/\/pzw1.slonsk.pl\/wp-content\/uploads\/2014\/01\/jgleboczek-3.jpg 800w\" sizes=\"auto, (max-width: 500px) 100vw, 500px\" \/><\/a><p id=\"caption-attachment-3124\" class=\"wp-caption-text\">Jezioro G\u0142\u0119boczek &#8211; kliknij aby powi\u0119kszy\u0107 zdj\u0119cie<\/p><\/div>\n<p><iframe loading=\"lazy\" src=\"https:\/\/maps.google.com\/maps?hl=pl&amp;ie=UTF8&amp;ll=52.542844,14.834697&amp;spn=0.003706,0.010568&amp;t=h&amp;z=17&amp;output=embed\" height=\"350\" width=\"425\" frameborder=\"0\" marginwidth=\"0\" marginheight=\"0\" scrolling=\"no\"><\/iframe><br \/>\n<small><a style=\"color: #0000ff; text-align: left;\" href=\"https:\/\/maps.google.com\/maps?hl=pl&amp;ie=UTF8&amp;ll=52.542844,14.834697&amp;spn=0.003706,0.010568&amp;t=h&amp;z=17&amp;source=embed\">Wy\u015bwietl wi\u0119ksz\u0105 map\u0119<\/a><\/small><\/p>\n","protected":false},"excerpt":{"rendered":"<p>\u00a0 \u00a0 \u00a0Ma\u0142e jezioro o powierzchni 7,5 ha po\u0142o\u017cone w\u015br\u00f3d las\u00f3w w pobli\u017cu Jeziora Radachowskiego. \u015arednia g\u0142\u0119boko\u015b\u0107 oko\u0142o 6 m. Jezioro nie posiada pomost\u00f3w w\u0119dkarskich. Wobec zakazu po\u0142owu ze \u015brodk\u00f3w [&hellip;]<\/p>\n","protected":false},"author":1,"featured_media":0,"parent":0,"menu_order":0,"comment_status":"closed","ping_status":"open","template":"","meta":{"footnotes":""},"class_list":["post-3121","page","type-page","status-publish","hentry","post"],"_links":{"self":[{"href":"https:\/\/pzw1.slonsk.pl\/index.php?rest_route=\/wp\/v2\/pages\/3121","targetHints":{"allow":["GET"]}}],"collection":[{"href":"https:\/\/pzw1.slonsk.pl\/index.php?rest_route=\/wp\/v2\/pages"}],"about":[{"href":"https:\/\/pzw1.slonsk.pl\/index.php?rest_route=\/wp\/v2\/types\/page"}],"author":[{"embeddable":true,"href":"https:\/\/pzw1.slonsk.pl\/index.php?rest_route=\/wp\/v2\/users\/1"}],"replies":[{"embeddable":true,"href":"https:\/\/pzw1.slonsk.pl\/index.php?rest_route=%2Fwp%2Fv2%2Fcomments&post=3121"}],"version-history":[{"count":6,"href":"https:\/\/pzw1.slonsk.pl\/index.php?rest_route=\/wp\/v2\/pages\/3121\/revisions"}],"predecessor-version":[{"id":3129,"href":"https:\/\/pzw1.slonsk.pl\/index.php?rest_route=\/wp\/v2\/pages\/3121\/revisions\/3129"}],"wp:attachment":[{"href":"https:\/\/pzw1.slonsk.pl\/index.php?rest_route=%2Fwp%2Fv2%2Fmedia&parent=3121"}],"curies":[{"name":"wp","href":"https:\/\/api.w.org\/{rel}","templated":true}]}}