{"id":237,"date":"2013-04-07T11:55:12","date_gmt":"2013-04-07T09:55:12","guid":{"rendered":"http:\/\/pzw1.slonsk.pl\/?page_id=237"},"modified":"2021-01-07T15:03:44","modified_gmt":"2021-01-07T14:03:44","slug":"kontakt","status":"publish","type":"page","link":"https:\/\/pzw1.slonsk.pl\/?page_id=237","title":{"rendered":"Kontakt"},"content":{"rendered":"<p style=\"text-align: center;\"><strong>Ko\u0142o PZW Nr 1 S\u0142o\u0144sk<\/strong><\/p>\n<p style=\"text-align: center;\">ul. Lipowa 14<\/p>\n<p style=\"text-align: center;\">66-436 S\u0142o\u0144sk<\/p>\n<p style=\"text-align: center;\">tel. 516 130 878<\/p>\n<p style=\"text-align: center;\"><a href=\"http:\/\/pzw1.slonsk.pl\/wp-content\/uploads\/2021\/01\/2020_zmiana_punktu_sprzedazy.jpg\"><img loading=\"lazy\" decoding=\"async\" class=\"aligncenter wp-image-10471\" src=\"http:\/\/pzw1.slonsk.pl\/wp-content\/uploads\/2021\/01\/2020_zmiana_punktu_sprzedazy.jpg\" alt=\"\" width=\"500\" height=\"354\" srcset=\"https:\/\/pzw1.slonsk.pl\/wp-content\/uploads\/2021\/01\/2020_zmiana_punktu_sprzedazy.jpg 1000w, https:\/\/pzw1.slonsk.pl\/wp-content\/uploads\/2021\/01\/2020_zmiana_punktu_sprzedazy-300x212.jpg 300w, https:\/\/pzw1.slonsk.pl\/wp-content\/uploads\/2021\/01\/2020_zmiana_punktu_sprzedazy-768x543.jpg 768w\" sizes=\"auto, (max-width: 500px) 100vw, 500px\" \/><\/a><\/p>\n","protected":false},"excerpt":{"rendered":"<p>Ko\u0142o PZW Nr 1 S\u0142o\u0144sk ul. Lipowa 14 66-436 S\u0142o\u0144sk tel. 516 130 878<\/p>\n","protected":false},"author":1,"featured_media":0,"parent":0,"menu_order":0,"comment_status":"closed","ping_status":"closed","template":"","meta":{"footnotes":""},"class_list":["post-237","page","type-page","status-publish","hentry","post"],"_links":{"self":[{"href":"https:\/\/pzw1.slonsk.pl\/index.php?rest_route=\/wp\/v2\/pages\/237","targetHints":{"allow":["GET"]}}],"collection":[{"href":"https:\/\/pzw1.slonsk.pl\/index.php?rest_route=\/wp\/v2\/pages"}],"about":[{"href":"https:\/\/pzw1.slonsk.pl\/index.php?rest_route=\/wp\/v2\/types\/page"}],"author":[{"embeddable":true,"href":"https:\/\/pzw1.slonsk.pl\/index.php?rest_route=\/wp\/v2\/users\/1"}],"replies":[{"embeddable":true,"href":"https:\/\/pzw1.slonsk.pl\/index.php?rest_route=%2Fwp%2Fv2%2Fcomments&post=237"}],"version-history":[{"count":10,"href":"https:\/\/pzw1.slonsk.pl\/index.php?rest_route=\/wp\/v2\/pages\/237\/revisions"}],"predecessor-version":[{"id":10473,"href":"https:\/\/pzw1.slonsk.pl\/index.php?rest_route=\/wp\/v2\/pages\/237\/revisions\/10473"}],"wp:attachment":[{"href":"https:\/\/pzw1.slonsk.pl\/index.php?rest_route=%2Fwp%2Fv2%2Fmedia&parent=237"}],"curies":[{"name":"wp","href":"https:\/\/api.w.org\/{rel}","templated":true}]}}