{"id":1257,"date":"2013-06-09T18:46:53","date_gmt":"2013-06-09T16:46:53","guid":{"rendered":"http:\/\/pzw1.slonsk.pl\/?page_id=1257"},"modified":"2013-06-09T18:46:53","modified_gmt":"2013-06-09T16:46:53","slug":"klasyfikacja-seniorow-w-kat-splawikowej-2011-r","status":"publish","type":"page","link":"https:\/\/pzw1.slonsk.pl\/?page_id=1257","title":{"rendered":"Klasyfikacja senior\u00f3w w kat. sp\u0142awikowej 2011 r."},"content":{"rendered":"\n\t\t<style type=\"text\/css\">\n\t\t\t#gallery-1 {\n\t\t\t\tmargin: auto;\n\t\t\t}\n\t\t\t#gallery-1 .gallery-item {\n\t\t\t\tfloat: left;\n\t\t\t\tmargin-top: 10px;\n\t\t\t\ttext-align: center;\n\t\t\t\twidth: 33%;\n\t\t\t}\n\t\t\t#gallery-1 img {\n\t\t\t\tborder: 2px solid #cfcfcf;\n\t\t\t}\n\t\t\t#gallery-1 .gallery-caption {\n\t\t\t\tmargin-left: 0;\n\t\t\t}\n\t\t\t\/* see gallery_shortcode() in wp-includes\/media.php *\/\n\t\t<\/style>\n\t\t<div data-carousel-extra='{\"blog_id\":1,\"permalink\":\"https:\\\/\\\/pzw1.slonsk.pl\\\/?page_id=1257\",\"likes_blog_id\":false}' id='gallery-1' class='gallery galleryid-1257 gallery-columns-3 gallery-size-thumbnail'><dl class='gallery-item'>\n\t\t\t<dt class='gallery-icon landscape'>\n\t\t\t\t<a href='https:\/\/pzw1.slonsk.pl\/?attachment_id=1258#main'><img loading=\"lazy\" decoding=\"async\" width=\"150\" height=\"150\" src=\"https:\/\/pzw1.slonsk.pl\/wp-content\/uploads\/2013\/06\/Klasyfikacja-ko\u0144cowa-senior\u00f3w-w-kat.-sp\u0142awikowej-na-2011-r.-150x150.jpg\" class=\"attachment-thumbnail size-thumbnail\" alt=\"Kliknij tabele aby j\u0105 powi\u0119kszy\u0107\" aria-describedby=\"gallery-1-1258\" data-attachment-id=\"1258\" data-orig-file=\"https:\/\/pzw1.slonsk.pl\/wp-content\/uploads\/2013\/06\/Klasyfikacja-ko\u0144cowa-senior\u00f3w-w-kat.-sp\u0142awikowej-na-2011-r..jpg\" data-orig-size=\"800,637\" data-comments-opened=\"0\" data-image-meta=\"{&quot;aperture&quot;:&quot;0&quot;,&quot;credit&quot;:&quot;&quot;,&quot;camera&quot;:&quot;&quot;,&quot;caption&quot;:&quot;&quot;,&quot;created_timestamp&quot;:&quot;0&quot;,&quot;copyright&quot;:&quot;&quot;,&quot;focal_length&quot;:&quot;0&quot;,&quot;iso&quot;:&quot;0&quot;,&quot;shutter_speed&quot;:&quot;0&quot;,&quot;title&quot;:&quot;&quot;}\" data-image-title=\"Kliknij tabele aby j\u0105 powi\u0119kszy\u0107\" data-image-description=\"\" data-medium-file=\"https:\/\/pzw1.slonsk.pl\/wp-content\/uploads\/2013\/06\/Klasyfikacja-ko\u0144cowa-senior\u00f3w-w-kat.-sp\u0142awikowej-na-2011-r.-300x238.jpg\" data-large-file=\"https:\/\/pzw1.slonsk.pl\/wp-content\/uploads\/2013\/06\/Klasyfikacja-ko\u0144cowa-senior\u00f3w-w-kat.-sp\u0142awikowej-na-2011-r..jpg\" \/><\/a>\n\t\t\t<\/dt>\n\t\t\t\t<dd class='wp-caption-text gallery-caption' id='gallery-1-1258'>\n\t\t\t\tKliknij tabele aby j\u0105 powi\u0119kszy\u0107\n\t\t\t\t<\/dd><\/dl>\n\t\t\t<br style='clear: both' \/>\n\t\t<\/div>\n\n","protected":false},"excerpt":{"rendered":"","protected":false},"author":1,"featured_media":0,"parent":0,"menu_order":0,"comment_status":"closed","ping_status":"open","template":"","meta":{"footnotes":""},"class_list":["post-1257","page","type-page","status-publish","hentry","post"],"_links":{"self":[{"href":"https:\/\/pzw1.slonsk.pl\/index.php?rest_route=\/wp\/v2\/pages\/1257","targetHints":{"allow":["GET"]}}],"collection":[{"href":"https:\/\/pzw1.slonsk.pl\/index.php?rest_route=\/wp\/v2\/pages"}],"about":[{"href":"https:\/\/pzw1.slonsk.pl\/index.php?rest_route=\/wp\/v2\/types\/page"}],"author":[{"embeddable":true,"href":"https:\/\/pzw1.slonsk.pl\/index.php?rest_route=\/wp\/v2\/users\/1"}],"replies":[{"embeddable":true,"href":"https:\/\/pzw1.slonsk.pl\/index.php?rest_route=%2Fwp%2Fv2%2Fcomments&post=1257"}],"version-history":[{"count":2,"href":"https:\/\/pzw1.slonsk.pl\/index.php?rest_route=\/wp\/v2\/pages\/1257\/revisions"}],"predecessor-version":[{"id":1260,"href":"https:\/\/pzw1.slonsk.pl\/index.php?rest_route=\/wp\/v2\/pages\/1257\/revisions\/1260"}],"wp:attachment":[{"href":"https:\/\/pzw1.slonsk.pl\/index.php?rest_route=%2Fwp%2Fv2%2Fmedia&parent=1257"}],"curies":[{"name":"wp","href":"https:\/\/api.w.org\/{rel}","templated":true}]}}